{"id":2047,"date":"2024-12-26T10:51:04","date_gmt":"2024-12-26T10:51:04","guid":{"rendered":"https:\/\/hyper-lex.com\/?page_id=2047"},"modified":"2024-12-26T10:51:04","modified_gmt":"2024-12-26T10:51:04","slug":"ai-governance","status":"publish","type":"page","link":"https:\/\/hyper-lex.com\/nl\/ai-governance\/","title":{"rendered":"AI Governance"},"content":{"rendered":"<div class=\"wp-block-cover alignfull\" style=\"margin-top:0;margin-bottom:0;padding-top:4%;min-height:283px;aspect-ratio:unset;\"><span aria-hidden=\"true\" class=\"wp-block-cover__background has-background-dim\"><\/span><img loading=\"lazy\" decoding=\"async\" width=\"1300\" height=\"782\" class=\"wp-block-cover__image-background wp-image-2048\" alt=\"\" src=\"https:\/\/hyper-lex.com\/wp-content\/uploads\/2024\/12\/ai1-e1735209413683.png\" style=\"object-position:53% 67%\" data-object-fit=\"cover\" data-object-position=\"53% 67%\" srcset=\"https:\/\/hyper-lex.com\/wp-content\/uploads\/2024\/12\/ai1-e1735209413683.png 1300w, https:\/\/hyper-lex.com\/wp-content\/uploads\/2024\/12\/ai1-e1735209413683-300x180.png 300w, https:\/\/hyper-lex.com\/wp-content\/uploads\/2024\/12\/ai1-e1735209413683-1024x616.png 1024w, https:\/\/hyper-lex.com\/wp-content\/uploads\/2024\/12\/ai1-e1735209413683-768x462.png 768w\" sizes=\"(max-width: 1300px) 100vw, 1300px\" \/><div class=\"wp-block-cover__inner-container is-layout-constrained wp-container-core-cover-is-layout-1 wp-block-cover-is-layout-constrained\">\n<h2 class=\"wp-block-heading alignwide has-text-align-center has-text-color has-poppins-font-family\" style=\"color:#ffffff;margin-top:1.5rem;margin-bottom:1.01rem;font-size:3.5rem;font-style:normal;font-weight:400;line-height:1;text-transform:capitalize\">AI Governance<\/h2>\n<\/div><\/div>\n\n\n\n<div class=\"wp-block-group is-content-justification-center is-layout-constrained wp-container-core-group-is-layout-1 wp-block-group-is-layout-constrained\" style=\"margin-top:0;margin-bottom:0\">\n<p style=\"padding-right:0;padding-left:0\" class=\"translation-block\">Nu AI een integraal onderdeel wordt van het moderne bedrijfsleven, is het van cruciaal belang dat het gebruik ervan ethisch, transparant en compliant is. Onze <strong>AI Governance Service<\/strong> helpt organisaties in de EU om hun AI-systemen in lijn te brengen met regelgevende kaders zoals GDPR en de voorgestelde EU AI Act, terwijl vertrouwen en verantwoordelijkheid in hun AI-activiteiten worden bevorderd.<\/p>\n\n\n\n<h3 class=\"wp-block-heading\"><strong><strong>De EU AI-wet: Een nieuwe standaard voor AI-regelgeving<\/strong><\/strong><\/h3>\n\n\n\n<p class=\"translation-block\">De <strong>EU AI Act<\/strong> is \u2019s werelds eerste allesomvattende kader voor het reguleren van kunstmatige intelligentie. De wet categoriseert AI-systemen op basis van risico - verboden, hoog risico, beperkt risico en minimaal risico - en legt strengere verplichtingen op aan toepassingen met een hoog risico, zoals biometrische identificatie, kredietscores en diagnostiek in de gezondheidszorg. De wet moet ervoor zorgen dat AI ethisch, transparant en veilig is, de rechten van individuen beschermt en innovatie bevordert binnen de wettelijke grenzen van de EU.<\/p>\n\n\n\n<h3 class=\"wp-block-heading\"><strong><strong>Wie heeft AI-governance nodig?<\/strong><\/strong><\/h3>\n\n\n\n<p>Organisaties die:<\/p>\n\n\n\n<ul class=\"wp-block-list\">\n<li><strong>AI-systemen ontwikkelen of implementeren<\/strong>\u00a0waarbij persoonlijke gegevens betrokken zijn, zoals voorspellende analyses, geautomatiseerde besluitvorming of biometrische identificatie.<\/li>\n\n\n\n<li class=\"translation-block\">Werk in gereguleerde sectoren zoals <strong>financi\u00ebn<\/strong>, <strong>gezondheidszorg<\/strong>, of <strong>technologie<\/strong>, waar naleving van AI van cruciaal belang is.<\/li>\n\n\n\n<li>Gebruik AI voor toepassingen met een hoog risico, zoals kredietscores, wervingsalgoritmen of diagnoses in de gezondheidszorg.<\/li>\n\n\n\n<li>Vertrouwen, transparantie en verantwoordelijkheid willen behouden in hun AI-gestuurde activiteiten.<\/li>\n<\/ul>\n\n\n\n<h3 class=\"wp-block-heading\"><strong>Waarom AI-governance essentieel is<\/strong>?<\/h3>\n\n\n\n<ol class=\"wp-block-list\">\n<li><strong>Voldoen aan EU-regelgeving<\/strong>: Met de aankomende EU AI Act en GDPR moeten organisaties ervoor zorgen dat hun AI-systemen voldoen aan strenge wettelijke normen.<\/li>\n\n\n\n<li><strong>Risicobeperking<\/strong>: AI-toepassingen met een hoog risico kunnen leiden tot vertekeningen, fouten of overtredingen, met reputatieschade en boetes tot gevolg.<\/li>\n\n\n\n<li><strong>Ethisch AI-gebruik<\/strong>: Transparante, eerlijke en ethische AI-praktijken bouwen vertrouwen op bij gebruikers, klanten en belanghebbenden.<\/li>\n\n\n\n<li><strong>Operationele effici\u00ebntie<\/strong>: Duidelijke governance frameworks stroomlijnen AI-ontwikkelings-, implementatie- en bewakingsprocessen.<\/li>\n<\/ol>\n<\/div>\n\n\n\n<h2 class=\"wp-block-heading has-text-align-center has-white-color has-ast-global-color-0-background-color has-text-color has-background has-link-color wp-elements-3b18c67b0aba79ac682a0ca011cd6d23\" style=\"margin-top:0;margin-bottom:0;padding-top:var(--wp--preset--spacing--30);padding-right:var(--wp--preset--spacing--50);padding-bottom:var(--wp--preset--spacing--30);padding-left:var(--wp--preset--spacing--50);font-size:28px\">Hoe we helpen<\/h2>\n\n\n\n<div class=\"wp-block-group is-layout-constrained wp-container-core-group-is-layout-2 wp-block-group-is-layout-constrained\">\n<p><strong>AI-risicobeoordelingen<\/strong> : Identificeer en evalueer potenti\u00eble risico's in uw AI-systemen, waaronder vooroordelen, privacyproblemen en zwakke plekken in de beveiliging.<\/p>\n\n\n\n<p><strong>Afstemming op naleving<\/strong> : Zorg ervoor dat uw AI-systemen voldoen aan GDPR, de EU AI Act en andere regelgevingskaders.<\/p>\n\n\n\n<p><strong>Beleid en kaderontwikkeling<\/strong> : Ontwikkel beleid voor AI-governance en ethische richtlijnen op maat van de activiteiten van uw organisatie.<\/p>\n\n\n\n<p><strong>Controle en audits<\/strong> : Voortdurende bewaking en controle van AI-systemen implementeren om te zorgen voor voortdurende naleving, nauwkeurigheid en verantwoordelijkheid.<\/p>\n\n\n\n<p><strong>Training en bewustwording<\/strong> : Onderwijs uw teams over ethische AI-praktijken en compliancevereisten om een cultuur van verantwoord AI-gebruik te verankeren.<\/p>\n<\/div>\n\n\n\n<section class=\"wp-block-group alignfull has-ast-global-color-4-color has-ast-global-color-3-background-color has-text-color has-background is-layout-constrained wp-container-core-group-is-layout-4 wp-block-group-is-layout-constrained\" style=\"border-style:none;border-width:0px;margin-top:0px;padding-top:5.2rem;padding-bottom:5.2rem;font-size:1.13rem;font-style:normal;font-weight:400;line-height:1.4\">\n<div class=\"wp-block-group is-layout-constrained wp-block-group-is-layout-constrained\" style=\"padding-bottom:2rem\">\n<h2 class=\"wp-block-heading has-text-align-center has-text-color has-link-color has-poppins-font-family wp-elements-38b58909dfecce535392e44c4b09f676\" style=\"color:#ffffff;font-size:2.5rem;font-style:normal;font-weight:500;letter-spacing:0px;text-transform:uppercase\">Onze belofte aan jou<\/h2>\n<\/div>\n\n\n\n<div class=\"wp-block-columns has-ast-global-color-4-color has-text-color has-link-color wp-elements-022209ec58ec7f9d108ba8a0c9afa458 is-layout-flex wp-container-core-columns-is-layout-1 wp-block-columns-is-layout-flex\">\n<div class=\"wp-block-column has-ast-global-color-4-color has-text-color has-link-color wp-elements-73024212fbbe13aba3f0088b15182405 is-layout-flow wp-container-core-column-is-layout-1 wp-block-column-is-layout-flow\" style=\"border-right-style:none;border-right-width:0px;padding-top:10px;padding-right:40px;padding-bottom:10px;padding-left:40px\">\n<figure class=\"wp-block-image aligncenter size-full\"><img loading=\"lazy\" decoding=\"async\" width=\"80\" height=\"80\" src=\"https:\/\/hyper-lex.com\/wp-content\/uploads\/2024\/10\/cost.png\" alt=\"\" class=\"wp-image-1642\"\/><\/figure>\n\n\n\n<h3 class=\"wp-block-heading has-text-align-center has-ast-global-color-4-color has-text-color has-poppins-font-family\" style=\"margin-top:1.8rem;font-size:1.5rem;font-style:normal;font-weight:700\">Vast tarief<\/h3>\n\n\n\n<p class=\"has-text-align-center has-white-color has-text-color has-poppins-font-family\" style=\"font-size:0.9rem;font-style:normal;font-weight:500\">Uurtarieven? Pas. Verrassingsrekeningen? Nooit. Gewoon \u00e9\u00e9n eenvoudig tarief dat je budget tevreden houdt en je accountant aan het lachen maakt.<\/p>\n<\/div>\n\n\n\n<div class=\"wp-block-column has-white-color has-text-color has-link-color wp-elements-b3ee95e77b4a7c66ba9260fa4e7b0a14 is-layout-flow wp-container-core-column-is-layout-2 wp-block-column-is-layout-flow\" style=\"border-right-style:none;border-right-width:0px;padding-top:10px;padding-right:40px;padding-bottom:10px;padding-left:40px\">\n<figure class=\"wp-block-image aligncenter size-full\"><img loading=\"lazy\" decoding=\"async\" width=\"80\" height=\"80\" src=\"https:\/\/hyper-lex.com\/wp-content\/uploads\/2024\/10\/flexible.png\" alt=\"\" class=\"wp-image-1643\"\/><\/figure>\n\n\n\n<h3 class=\"wp-block-heading has-text-align-center has-white-color has-text-color has-poppins-font-family\" style=\"margin-top:1.8rem;font-size:1.5rem;font-style:normal;font-weight:700\">Flexibele ondersteuning<\/h3>\n\n\n\n<p class=\"has-text-align-center has-white-color has-text-color has-poppins-font-family\" style=\"font-size:0.9rem;font-style:normal;font-weight:500\">E\u00e9n keer per week of \u00e9\u00e9n keer per maand hulp nodig? We zijn er wanneer je ons nodig hebt. PS: we blijven niet te lang.<\/p>\n<\/div>\n\n\n\n<div class=\"wp-block-column is-layout-flow wp-container-core-column-is-layout-3 wp-block-column-is-layout-flow\" style=\"padding-top:10px;padding-right:40px;padding-bottom:10px;padding-left:40px\">\n<figure class=\"wp-block-image aligncenter size-full\"><img loading=\"lazy\" decoding=\"async\" width=\"80\" height=\"80\" src=\"https:\/\/hyper-lex.com\/wp-content\/uploads\/2024\/10\/peace.png\" alt=\"\" class=\"wp-image-1644\"\/><\/figure>\n\n\n\n<h3 class=\"wp-block-heading has-text-align-center has-white-color has-text-color has-poppins-font-family\" style=\"margin-top:1.8px;font-size:1.5rem;font-style:normal;font-weight:700\">Wettelijke gemoedsrust<\/h3>\n\n\n\n<p class=\"has-text-align-center has-white-color has-text-color has-poppins-font-family\" style=\"font-size:0.9rem;font-style:normal;font-weight:500\">Juridisch jargon? Wij vertalen het in begrijpbaar Nederlands. Naleving? Beschouw het als opgelost. U concentreert zich op de groei van uw bedrijf; wij zorgen voor de kleine lettertjes.<\/p>\n<\/div>\n<\/div>\n<\/section>","protected":false},"excerpt":{"rendered":"<p>As AI becomes an integral part of modern business, ensuring its ethical, transparent, and compliant use is critical. Our\u00a0AI Governance Service\u00a0helps organizations in the EU align their AI systems with regulatory frameworks like GDPR and the proposed EU AI Act, while fostering trust and accountability in their AI operations. The EU AI Act: A New [&hellip;]<\/p>","protected":false},"author":1,"featured_media":0,"parent":0,"menu_order":0,"comment_status":"closed","ping_status":"closed","template":"","meta":{"content-type":"","site-sidebar-layout":"default","site-content-layout":"","ast-site-content-layout":"default","site-content-style":"default","site-sidebar-style":"default","ast-global-header-display":"","ast-banner-title-visibility":"","ast-main-header-display":"","ast-hfb-above-header-display":"","ast-hfb-below-header-display":"","ast-hfb-mobile-header-display":"","site-post-title":"disabled","ast-breadcrumbs-content":"","ast-featured-img":"","footer-sml-layout":"","theme-transparent-header-meta":"","adv-header-id-meta":"","stick-header-meta":"","header-above-stick-meta":"","header-main-stick-meta":"","header-below-stick-meta":"","astra-migrate-meta-layouts":"set","ast-page-background-enabled":"default","ast-page-background-meta":{"desktop":{"background-color":"","background-image":"","background-repeat":"repeat","background-position":"center center","background-size":"auto","background-attachment":"scroll","background-type":"","background-media":"","overlay-type":"","overlay-color":"","overlay-opacity":"","overlay-gradient":""},"tablet":{"background-color":"","background-image":"","background-repeat":"repeat","background-position":"center center","background-size":"auto","background-attachment":"scroll","background-type":"","background-media":"","overlay-type":"","overlay-color":"","overlay-opacity":"","overlay-gradient":""},"mobile":{"background-color":"","background-image":"","background-repeat":"repeat","background-position":"center center","background-size":"auto","background-attachment":"scroll","background-type":"","background-media":"","overlay-type":"","overlay-color":"","overlay-opacity":"","overlay-gradient":""}},"ast-content-background-meta":{"desktop":{"background-color":"var(--ast-global-color-5)","background-image":"","background-repeat":"repeat","background-position":"center center","background-size":"auto","background-attachment":"scroll","background-type":"","background-media":"","overlay-type":"","overlay-color":"","overlay-opacity":"","overlay-gradient":""},"tablet":{"background-color":"var(--ast-global-color-5)","background-image":"","background-repeat":"repeat","background-position":"center center","background-size":"auto","background-attachment":"scroll","background-type":"","background-media":"","overlay-type":"","overlay-color":"","overlay-opacity":"","overlay-gradient":""},"mobile":{"background-color":"var(--ast-global-color-5)","background-image":"","background-repeat":"repeat","background-position":"center center","background-size":"auto","background-attachment":"scroll","background-type":"","background-media":"","overlay-type":"","overlay-color":"","overlay-opacity":"","overlay-gradient":""}},"footnotes":""},"class_list":["post-2047","page","type-page","status-publish","hentry"],"_links":{"self":[{"href":"https:\/\/hyper-lex.com\/nl\/wp-json\/wp\/v2\/pages\/2047"}],"collection":[{"href":"https:\/\/hyper-lex.com\/nl\/wp-json\/wp\/v2\/pages"}],"about":[{"href":"https:\/\/hyper-lex.com\/nl\/wp-json\/wp\/v2\/types\/page"}],"author":[{"embeddable":true,"href":"https:\/\/hyper-lex.com\/nl\/wp-json\/wp\/v2\/users\/1"}],"replies":[{"embeddable":true,"href":"https:\/\/hyper-lex.com\/nl\/wp-json\/wp\/v2\/comments?post=2047"}],"version-history":[{"count":1,"href":"https:\/\/hyper-lex.com\/nl\/wp-json\/wp\/v2\/pages\/2047\/revisions"}],"predecessor-version":[{"id":2050,"href":"https:\/\/hyper-lex.com\/nl\/wp-json\/wp\/v2\/pages\/2047\/revisions\/2050"}],"wp:attachment":[{"href":"https:\/\/hyper-lex.com\/nl\/wp-json\/wp\/v2\/media?parent=2047"}],"curies":[{"name":"wp","href":"https:\/\/api.w.org\/{rel}","templated":true}]}}