{"id":1999,"date":"2024-12-25T19:28:16","date_gmt":"2024-12-25T19:28:16","guid":{"rendered":"https:\/\/hyper-lex.com\/?page_id=1999"},"modified":"2024-12-25T19:39:53","modified_gmt":"2024-12-25T19:39:53","slug":"sector-technologie","status":"publish","type":"page","link":"https:\/\/hyper-lex.com\/nl\/sector-technologie\/","title":{"rendered":"Technologie"},"content":{"rendered":"<h2 class=\"wp-block-heading has-text-align-center has-white-color has-ast-global-color-0-background-color has-text-color has-background has-link-color wp-elements-57b2b3c3452e41d3d2331659ec30e08b\" id=\"Technology\" style=\"margin-top:0;margin-bottom:0;padding-top:var(--wp--preset--spacing--30);padding-right:var(--wp--preset--spacing--50);padding-bottom:var(--wp--preset--spacing--30);padding-left:var(--wp--preset--spacing--50);font-size:28px\"><strong>Technologie<\/strong><\/h2>\n\n\n\n<div class=\"wp-block-group is-content-justification-center is-layout-constrained wp-container-core-group-is-layout-13 wp-block-group-is-layout-constrained\" style=\"margin-top:0;margin-bottom:0\">\n<h3 class=\"wp-block-heading\"><strong>Waarom technologiebedrijven onze diensten nodig hebben<\/strong><\/h3>\n\n\n\n<p style=\"padding-right:0;padding-left:0\" class=\"translation-block\">Technologiebedrijven verwerken enorme hoeveelheden persoonlijke gegevens, waaronder <strong>user analytics<\/strong>, <strong>AI-driven decision-making<\/strong>, en <strong>cloud storage<\/strong>. Met strikte regelgeving zoals GDPR en een toenemend publiek bewustzijn rond privacy, kan niet-naleving resulteren in <strong>zware boetes<\/strong>, operationele verstoringen en verlies van vertrouwen van gebruikers. Opkomende technologie\u00ebn zoals <strong>AI<\/strong>, <strong>IoT<\/strong> en <strong>SaaS-platforms<\/strong> brengen ook hogere risico's met zich mee, waardoor bedrijven privacywaarborgen vroegtijdig moeten inbouwen en proactief moeten omgaan met regelgevingsproblemen.<\/p>\n\n\n\n<p style=\"padding-right:0;padding-left:0\" class=\"translation-block\">Het is een uitdaging om door deze complexiteit te navigeren en tegelijkertijd gefocust te blijven op innovatie. Dit is waar <strong>HyperLex<\/strong> helpt.<\/p>\n\n\n\n<h3 class=\"wp-block-heading\"><strong>Hoe helpen we<\/strong><\/h3>\n\n\n\n<div class=\"wp-block-columns is-layout-flex wp-container-core-columns-is-layout-1 wp-block-columns-is-layout-flex\" style=\"border-style:none;border-width:0px\">\n<div class=\"wp-block-column has-border-color has-white-border-color has-ast-global-color-4-color has-ast-global-color-3-background-color has-text-color has-background has-link-color wp-elements-6e6fbdf88285d6a0b20cce82593ed744 is-layout-constrained wp-container-core-column-is-layout-1 wp-block-column-is-layout-constrained\" style=\"border-width:6px;padding-bottom:1rem\">\n<div class=\"wp-block-group is-layout-constrained wp-container-core-group-is-layout-2 wp-block-group-is-layout-constrained\" style=\"border-style:none;border-width:0px\">\n<div class=\"wp-block-group is-vertical is-content-justification-center is-layout-flex wp-container-core-group-is-layout-1 wp-block-group-is-layout-flex\" style=\"padding-top:2.1rem;padding-bottom:2.1rem\">\n<figure class=\"wp-block-image size-full is-resized\"><img loading=\"lazy\" decoding=\"async\" width=\"80\" height=\"80\" src=\"https:\/\/hyper-lex.com\/wp-content\/uploads\/2024\/12\/5.png\" alt=\"\" class=\"wp-image-1919\" style=\"aspect-ratio:1.164179104477612;width:66px;height:auto\"\/><\/figure>\n\n\n\n<h3 class=\"wp-block-heading has-text-align-center has-text-color has-link-color has-poppins-font-family wp-elements-37fce2cf6a9487f0d69e5a9a87aaa501\" style=\"color:#ffffff;margin-top:1rem;font-size:1.7rem;font-style:normal;font-weight:600\">Externe DPO<\/h3>\n\n\n\n<p class=\"has-text-align-center has-text-color has-link-color wp-elements-357cd3f725ab1b921b402ba2dfcccf39 translation-block\" style=\"color:#ffffff;font-size:0.9rem\">Wij fungeren als je externe <strong>Data Protection Officer (DPO)<\/strong>, die toezicht houdt en deskundig advies geeft om GDPR-naleving te garanderen. Technologiebedrijven die grootschalige gebruikersgegevens verwerken, zoals AI-platforms, SaaS-tools of analyseoplossingen, hebben een DPO nodig om risico's te beperken en privacy in hun activiteiten te verankeren.<\/p>\n<\/div>\n<\/div>\n<\/div>\n\n\n\n<div class=\"wp-block-column has-border-color has-white-border-color has-ast-global-color-4-color has-ast-global-color-3-background-color has-text-color has-background has-link-color wp-elements-a794a12fe48f17627bdd83b9c1ed8982 is-layout-constrained wp-container-core-column-is-layout-2 wp-block-column-is-layout-constrained\" style=\"border-width:6px;padding-bottom:1rem\">\n<div class=\"wp-block-group is-layout-constrained wp-container-core-group-is-layout-4 wp-block-group-is-layout-constrained\" style=\"border-style:none;border-width:0px\">\n<div class=\"wp-block-group is-vertical is-content-justification-center is-layout-flex wp-container-core-group-is-layout-3 wp-block-group-is-layout-flex\" style=\"padding-top:2.1rem;padding-bottom:2.1rem\">\n<figure class=\"wp-block-image size-full is-resized\"><img loading=\"lazy\" decoding=\"async\" width=\"80\" height=\"80\" src=\"https:\/\/hyper-lex.com\/wp-content\/uploads\/2024\/12\/6-copy.png\" alt=\"\" class=\"wp-image-1920\" style=\"aspect-ratio:1.164179104477612;width:71px;height:auto\"\/><\/figure>\n\n\n\n<h3 class=\"wp-block-heading has-text-align-center has-text-color has-link-color has-poppins-font-family wp-elements-71cdbeb32d272e303069603a41d87933 translation-block\" style=\"color:#ffffff;margin-top:1rem;font-size:1.7rem;font-style:normal;font-weight:600\">Da<a href=\"#legal-as-a-service\" target=\"_self\">ta Protection Representative<\/a><\/h3>\n\n\n\n<p class=\"has-text-align-center has-text-color has-link-color wp-elements-d38eecc9a67c434f00370f4d2773d854 translation-block\" style=\"color:#ffffff;font-size:0.9rem\">Wij treden op als je offici\u00eble <strong>Data Protection Representative (DPR)<\/strong> in de EU en beheren de communicatie met toezichthouders en gebruikers. Technologiebedrijven van buiten de EU die diensten aanbieden aan klanten in de EU, zoals mobiele apps, cloudplatforms of AI-tools, hebben een DPR nodig om te voldoen aan de verplichtingen van artikel 27 van de GDPR.<\/p>\n<\/div>\n<\/div>\n<\/div>\n<\/div>\n\n\n\n<div class=\"wp-block-columns is-layout-flex wp-container-core-columns-is-layout-2 wp-block-columns-is-layout-flex\" style=\"border-style:none;border-width:0px\">\n<div class=\"wp-block-column has-border-color has-white-border-color has-ast-global-color-4-color has-ast-global-color-3-background-color has-text-color has-background has-link-color wp-elements-23e8101d04f920d7a1c7c63fc2961852 is-layout-constrained wp-container-core-column-is-layout-3 wp-block-column-is-layout-constrained\" style=\"border-width:6px;padding-bottom:1rem\">\n<div class=\"wp-block-group is-layout-constrained wp-container-core-group-is-layout-6 wp-block-group-is-layout-constrained\" style=\"border-style:none;border-width:0px\">\n<div class=\"wp-block-group is-vertical is-content-justification-center is-layout-flex wp-container-core-group-is-layout-5 wp-block-group-is-layout-flex\" style=\"padding-top:2.1rem;padding-bottom:2.1rem\">\n<figure class=\"wp-block-image size-full is-resized\"><img loading=\"lazy\" decoding=\"async\" width=\"80\" height=\"80\" src=\"https:\/\/hyper-lex.com\/wp-content\/uploads\/2024\/12\/2-copy-2.png\" alt=\"\" class=\"wp-image-1916\" style=\"aspect-ratio:1.164179104477612;width:66px;height:auto\"\/><\/figure>\n\n\n\n<h3 class=\"wp-block-heading has-text-align-center has-text-color has-link-color has-poppins-font-family wp-elements-05fd30a5642ef4cd5582baf11511405c\" style=\"color:#ffffff;margin-top:1rem;font-size:1.7rem;font-style:normal;font-weight:600\">Audits en risicobeoordelingen<\/h3>\n\n\n\n<p class=\"has-text-align-center has-text-color has-link-color wp-elements-c5c09caea4f6f2a9ee08558c94b9e498\" style=\"color:#ffffff;font-size:0.9rem\">We identificeren hiaten in de naleving en beoordelen risico's in uw gegevensverwerkingsactiviteiten. Voor technische bedrijven die omgaan met gebruikersgegevens, tracking van gedrag of IoT-systemen, zorgen audits ervoor dat ze klaar zijn voor de GDPR, voorkomen ze inbreuken en beschermen ze het vertrouwen van gebruikers.<\/p>\n<\/div>\n<\/div>\n<\/div>\n\n\n\n<div class=\"wp-block-column has-border-color has-white-border-color has-ast-global-color-4-color has-ast-global-color-3-background-color has-text-color has-background has-link-color wp-elements-20da9d2df6ad2ccd7f18129dbb5378f0 is-layout-constrained wp-container-core-column-is-layout-4 wp-block-column-is-layout-constrained\" style=\"border-width:6px;padding-bottom:1rem\">\n<div class=\"wp-block-group is-layout-constrained wp-container-core-group-is-layout-8 wp-block-group-is-layout-constrained\" style=\"border-style:none;border-width:0px\">\n<div class=\"wp-block-group is-vertical is-content-justification-center is-layout-flex wp-container-core-group-is-layout-7 wp-block-group-is-layout-flex\" style=\"padding-top:2.1rem;padding-bottom:2.1rem\">\n<figure class=\"wp-block-image size-full is-resized\"><img loading=\"lazy\" decoding=\"async\" width=\"80\" height=\"80\" src=\"https:\/\/hyper-lex.com\/wp-content\/uploads\/2024\/12\/1-copy-2.png\" alt=\"\" class=\"wp-image-1915\" style=\"aspect-ratio:1.164179104477612;width:71px;height:auto\"\/><\/figure>\n\n\n\n<h3 class=\"wp-block-heading has-text-align-center has-text-color has-link-color has-poppins-font-family wp-elements-73eca1c62530130f838783e84fa954bd\" style=\"color:#ffffff;margin-top:1rem;font-size:1.7rem;font-style:normal;font-weight:600\">Privacy-implementatie<\/h3>\n\n\n\n<p class=\"has-text-align-center has-text-color has-link-color wp-elements-454946e586664dcf0e452b4c97443c1b translation-block\" style=\"color:#ffffff;font-size:0.9rem\">We implementeren GDPR-compliant beleid, processen en technische maatregelen. Voor technische bedrijven omvat dit het integreren van <strong>Privacy by Design<\/strong> in productontwikkeling, het bijwerken van contracten en het waarborgen van veilige datapraktijken.<\/p>\n<\/div>\n<\/div>\n<\/div>\n<\/div>\n\n\n\n<div class=\"wp-block-columns is-layout-flex wp-container-core-columns-is-layout-3 wp-block-columns-is-layout-flex\" style=\"border-style:none;border-width:0px\">\n<div class=\"wp-block-column has-border-color has-white-border-color has-ast-global-color-4-color has-ast-global-color-3-background-color has-text-color has-background has-link-color wp-elements-5f8fe27501fd54f3aadd1f4ae4f4498e is-layout-constrained wp-container-core-column-is-layout-5 wp-block-column-is-layout-constrained\" style=\"border-width:6px;padding-bottom:1rem\">\n<div class=\"wp-block-group is-layout-constrained wp-container-core-group-is-layout-10 wp-block-group-is-layout-constrained\" style=\"border-style:none;border-width:0px\">\n<div class=\"wp-block-group is-vertical is-content-justification-center is-layout-flex wp-container-core-group-is-layout-9 wp-block-group-is-layout-flex\" style=\"padding-top:2.1rem;padding-bottom:2.1rem\">\n<figure class=\"wp-block-image size-full is-resized\"><img loading=\"lazy\" decoding=\"async\" width=\"80\" height=\"80\" src=\"https:\/\/hyper-lex.com\/wp-content\/uploads\/2024\/12\/3.png\" alt=\"\" class=\"wp-image-1917\" style=\"aspect-ratio:1.164179104477612;width:66px;height:auto\"\/><\/figure>\n\n\n\n<h3 class=\"wp-block-heading has-text-align-center has-text-color has-link-color has-poppins-font-family wp-elements-38ae1d989e2a9e75a82e91f54840582e translation-block\" style=\"color:#ffffff;margin-top:1rem;font-size:1.7rem;font-style:normal;font-weight:600\">Dienst <strong>Data Subject Access Requests<\/strong> (DSAR)<\/h3>\n\n\n\n<p class=\"has-text-align-center has-text-color has-link-color wp-elements-3e72b32f550e5d7c9e4f6f58efc473f5 translation-block\" style=\"color:#ffffff;font-size:0.9rem\">We behandelen DSAR's (Data Subject Access Requests) effici\u00ebnt en zorgen voor tijdige, nauwkeurige en GDPR-conforme reacties op verzoeken om toegang, correctie, verwijdering of portabiliteit van persoonlijke gegevens. Onder <strong>Artikelen 12 tot 15 van de GDPR<\/strong> zijn organisaties wettelijk verplicht om binnen <strong>\u00e9\u00e9n maand<\/strong> te reageren op verzoeken van individuen met betrekking tot hun persoonlijke gegevens. Voor techbedrijven die gebruikersgegevens op grote schaal verwerken, zoals cloudservices of e-commerceplatforms, stroomlijnen we DSAR's om boetes te voorkomen en het vertrouwen van gebruikers te behouden.<\/p>\n<\/div>\n<\/div>\n<\/div>\n\n\n\n<div class=\"wp-block-column has-border-color has-white-border-color has-ast-global-color-4-color has-ast-global-color-3-background-color has-text-color has-background has-link-color wp-elements-f75d16c425e6b7030c69b3b374e80792 is-layout-constrained wp-container-core-column-is-layout-6 wp-block-column-is-layout-constrained\" style=\"border-width:6px;padding-bottom:1rem\">\n<div class=\"wp-block-group is-layout-constrained wp-container-core-group-is-layout-12 wp-block-group-is-layout-constrained\" style=\"border-style:none;border-width:0px\">\n<div class=\"wp-block-group is-vertical is-content-justification-center is-layout-flex wp-container-core-group-is-layout-11 wp-block-group-is-layout-flex\" style=\"padding-top:2.1rem;padding-bottom:2.1rem\">\n<figure class=\"wp-block-image size-full is-resized\"><img loading=\"lazy\" decoding=\"async\" width=\"60\" height=\"60\" src=\"https:\/\/hyper-lex.com\/wp-content\/uploads\/2024\/08\/audit.png\" alt=\"\" class=\"wp-image-1367\" style=\"aspect-ratio:1.164179104477612;width:71px;height:auto\"\/><\/figure>\n\n\n\n<h3 class=\"wp-block-heading has-text-align-center has-text-color has-link-color has-poppins-font-family wp-elements-4554152040f2bb5396df834d5412c42c\" style=\"color:#ffffff;margin-top:1rem;font-size:1.7rem;font-style:normal;font-weight:600\"><strong>Effectbeoordelingen gegevensbescherming (DPIA's)<\/strong><\/h3>\n\n\n\n<p class=\"has-text-align-center has-text-color has-link-color wp-elements-016f12049a2e4089e50ac4136972b8e9 translation-block\" style=\"color:#ffffff;font-size:0.9rem\">Wij voeren <strong>Data Protection Impact Assessments (DPIA's)<\/strong> uit om risico's bij risicovolle verwerkingsactiviteiten te identificeren en te beperken. Techbedrijven die AI, geautomatiseerde besluitvorming of grootschalige tracking gebruiken, hebben DPIA's nodig om verantwoorde innovatie en GDPR-naleving te garanderen.<\/p>\n<\/div>\n<\/div>\n<\/div>\n<\/div>\n\n\n\n<h3 class=\"wp-block-heading\" style=\"margin-right:0;margin-left:0;padding-top:var(--wp--preset--spacing--60);padding-right:0;padding-bottom:var(--wp--preset--spacing--60);padding-left:0\"><strong>Voordelen van onze services<\/strong><\/h3>\n\n\n\n<ul style=\"margin-top:0;margin-right:0;margin-bottom:0;margin-left:0;padding-top:0;padding-right:var(--wp--preset--spacing--50);padding-bottom:0;padding-left:var(--wp--preset--spacing--50)\" class=\"wp-block-list\">\n<li class=\"translation-block\"><strong>Vertrouwen in regelgeving<\/strong><br>Blijf compliant met GDPR en veranderende wereldwijde privacywetgeving, verlaag het risico op boetes en regelgevend toezicht.<\/li>\n\n\n\n<li class=\"translation-block\"><strong>Risk Mitigation<\/strong><br>Proactief privacyrisico's identificeren en aanpakken in technologie\u00ebn zoals <strong>AI<\/strong>, <strong>cloudplatforms<\/strong>, of <strong>IoT-oplossingen<\/strong> voordat ze escaleren.<\/li>\n\n\n\n<li class=\"translation-block\"><strong>Operationele effici\u00ebntie<\/strong><br>Last privacytaken zoals audits, DSAR's en risicobeheer uit aan onze experts zodat uw team zich kan richten op productontwikkeling en innovatie.<\/li>\n\n\n\n<li><strong>Gebruikersvertrouwen en transparantie<\/strong><br>Laat zien dat je verantwoordelijk en transparant bent en bouw zo het vertrouwen van gebruikers in je gegevensbeschermingspraktijken op.<\/li>\n\n\n\n<li class=\"translation-block\"><strong>Toekomstbestendigheid van uw bedrijf<\/strong><br>Integreer privacy al in een vroeg stadium in uw systemen, zodat u verzekerd bent van duurzame compliance terwijl technologie\u00ebn evolueren en regelgeving strenger wordt.<\/li>\n<\/ul>\n<\/div>\n\n\n\n<section class=\"wp-block-group alignfull has-ast-global-color-4-color has-ast-global-color-0-background-color has-text-color has-background is-layout-constrained wp-container-core-group-is-layout-15 wp-block-group-is-layout-constrained\" style=\"border-style:none;border-width:0px;margin-top:0px;padding-top:5.2rem;padding-bottom:5.2rem;font-size:1.13rem;font-style:normal;font-weight:400;line-height:1.4\">\n<div class=\"wp-block-group is-layout-constrained wp-block-group-is-layout-constrained\" style=\"padding-bottom:2rem\">\n<h2 class=\"wp-block-heading has-text-align-center has-text-color has-link-color has-poppins-font-family wp-elements-38b58909dfecce535392e44c4b09f676\" style=\"color:#ffffff;font-size:2.5rem;font-style:normal;font-weight:500;letter-spacing:0px;text-transform:uppercase\">Onze belofte aan jou<\/h2>\n<\/div>\n\n\n\n<div class=\"wp-block-columns has-ast-global-color-4-color has-text-color has-link-color wp-elements-022209ec58ec7f9d108ba8a0c9afa458 is-layout-flex wp-container-core-columns-is-layout-4 wp-block-columns-is-layout-flex\">\n<div class=\"wp-block-column has-ast-global-color-4-color has-text-color has-link-color wp-elements-73024212fbbe13aba3f0088b15182405 is-layout-flow wp-container-core-column-is-layout-7 wp-block-column-is-layout-flow\" style=\"border-right-style:none;border-right-width:0px;padding-top:10px;padding-right:40px;padding-bottom:10px;padding-left:40px\">\n<figure class=\"wp-block-image aligncenter size-full\"><img loading=\"lazy\" decoding=\"async\" width=\"80\" height=\"80\" src=\"https:\/\/hyper-lex.com\/wp-content\/uploads\/2024\/10\/cost.png\" alt=\"\" class=\"wp-image-1642\"\/><\/figure>\n\n\n\n<h3 class=\"wp-block-heading has-text-align-center has-ast-global-color-4-color has-text-color has-poppins-font-family\" style=\"margin-top:1.8rem;font-size:1.5rem;font-style:normal;font-weight:700\">Vast tarief<\/h3>\n\n\n\n<p class=\"has-text-align-center has-white-color has-text-color has-poppins-font-family\" style=\"font-size:0.9rem;font-style:normal;font-weight:500\">Uurtarieven? Pas. Verrassingsrekeningen? Nooit. Gewoon \u00e9\u00e9n eenvoudig tarief dat je budget tevreden houdt en je accountant aan het lachen maakt.<\/p>\n<\/div>\n\n\n\n<div class=\"wp-block-column has-white-color has-text-color has-link-color wp-elements-b3ee95e77b4a7c66ba9260fa4e7b0a14 is-layout-flow wp-container-core-column-is-layout-8 wp-block-column-is-layout-flow\" style=\"border-right-style:none;border-right-width:0px;padding-top:10px;padding-right:40px;padding-bottom:10px;padding-left:40px\">\n<figure class=\"wp-block-image aligncenter size-full\"><img loading=\"lazy\" decoding=\"async\" width=\"80\" height=\"80\" src=\"https:\/\/hyper-lex.com\/wp-content\/uploads\/2024\/10\/flexible.png\" alt=\"\" class=\"wp-image-1643\"\/><\/figure>\n\n\n\n<h3 class=\"wp-block-heading has-text-align-center has-white-color has-text-color has-poppins-font-family\" style=\"margin-top:1.8rem;font-size:1.5rem;font-style:normal;font-weight:700\">Flexibele ondersteuning<\/h3>\n\n\n\n<p class=\"has-text-align-center has-white-color has-text-color has-poppins-font-family\" style=\"font-size:0.9rem;font-style:normal;font-weight:500\">E\u00e9n keer per week of \u00e9\u00e9n keer per maand hulp nodig? We zijn er wanneer je ons nodig hebt. PS: we blijven niet te lang.<\/p>\n<\/div>\n\n\n\n<div class=\"wp-block-column is-layout-flow wp-container-core-column-is-layout-9 wp-block-column-is-layout-flow\" style=\"padding-top:10px;padding-right:40px;padding-bottom:10px;padding-left:40px\">\n<figure class=\"wp-block-image aligncenter size-full\"><img loading=\"lazy\" decoding=\"async\" width=\"80\" height=\"80\" src=\"https:\/\/hyper-lex.com\/wp-content\/uploads\/2024\/10\/peace.png\" alt=\"\" class=\"wp-image-1644\"\/><\/figure>\n\n\n\n<h3 class=\"wp-block-heading has-text-align-center has-white-color has-text-color has-poppins-font-family\" style=\"margin-top:1.8px;font-size:1.5rem;font-style:normal;font-weight:700\">Wettelijke gemoedsrust<\/h3>\n\n\n\n<p class=\"has-text-align-center has-white-color has-text-color has-poppins-font-family\" style=\"font-size:0.9rem;font-style:normal;font-weight:500\">Juridisch jargon? Wij vertalen het in begrijpbaar Nederlands. Naleving? Beschouw het als opgelost. U concentreert zich op de groei van uw bedrijf; wij zorgen voor de kleine lettertjes.<\/p>\n<\/div>\n<\/div>\n<\/section>","protected":false},"excerpt":{"rendered":"<p>Technology Why Technology Companies Need Our Services Technology companies process vast amounts of personal data, including user analytics, AI-driven decision-making, and cloud storage. With strict regulations like GDPR and increasing public awareness around privacy, non-compliance can result in heavy fines, operational disruptions, and loss of user trust. Emerging technologies like AI, IoT, and SaaS platforms [&hellip;]<\/p>","protected":false},"author":1,"featured_media":0,"parent":0,"menu_order":0,"comment_status":"closed","ping_status":"closed","template":"","meta":{"content-type":"","site-sidebar-layout":"default","site-content-layout":"","ast-site-content-layout":"default","site-content-style":"default","site-sidebar-style":"default","ast-global-header-display":"","ast-banner-title-visibility":"","ast-main-header-display":"","ast-hfb-above-header-display":"","ast-hfb-below-header-display":"","ast-hfb-mobile-header-display":"","site-post-title":"disabled","ast-breadcrumbs-content":"","ast-featured-img":"","footer-sml-layout":"","theme-transparent-header-meta":"","adv-header-id-meta":"","stick-header-meta":"","header-above-stick-meta":"","header-main-stick-meta":"","header-below-stick-meta":"","astra-migrate-meta-layouts":"set","ast-page-background-enabled":"default","ast-page-background-meta":{"desktop":{"background-color":"","background-image":"","background-repeat":"repeat","background-position":"center center","background-size":"auto","background-attachment":"scroll","background-type":"","background-media":"","overlay-type":"","overlay-color":"","overlay-opacity":"","overlay-gradient":""},"tablet":{"background-color":"","background-image":"","background-repeat":"repeat","background-position":"center center","background-size":"auto","background-attachment":"scroll","background-type":"","background-media":"","overlay-type":"","overlay-color":"","overlay-opacity":"","overlay-gradient":""},"mobile":{"background-color":"","background-image":"","background-repeat":"repeat","background-position":"center center","background-size":"auto","background-attachment":"scroll","background-type":"","background-media":"","overlay-type":"","overlay-color":"","overlay-opacity":"","overlay-gradient":""}},"ast-content-background-meta":{"desktop":{"background-color":"var(--ast-global-color-5)","background-image":"","background-repeat":"repeat","background-position":"center center","background-size":"auto","background-attachment":"scroll","background-type":"","background-media":"","overlay-type":"","overlay-color":"","overlay-opacity":"","overlay-gradient":""},"tablet":{"background-color":"var(--ast-global-color-5)","background-image":"","background-repeat":"repeat","background-position":"center center","background-size":"auto","background-attachment":"scroll","background-type":"","background-media":"","overlay-type":"","overlay-color":"","overlay-opacity":"","overlay-gradient":""},"mobile":{"background-color":"var(--ast-global-color-5)","background-image":"","background-repeat":"repeat","background-position":"center center","background-size":"auto","background-attachment":"scroll","background-type":"","background-media":"","overlay-type":"","overlay-color":"","overlay-opacity":"","overlay-gradient":""}},"footnotes":""},"class_list":["post-1999","page","type-page","status-publish","hentry"],"_links":{"self":[{"href":"https:\/\/hyper-lex.com\/nl\/wp-json\/wp\/v2\/pages\/1999"}],"collection":[{"href":"https:\/\/hyper-lex.com\/nl\/wp-json\/wp\/v2\/pages"}],"about":[{"href":"https:\/\/hyper-lex.com\/nl\/wp-json\/wp\/v2\/types\/page"}],"author":[{"embeddable":true,"href":"https:\/\/hyper-lex.com\/nl\/wp-json\/wp\/v2\/users\/1"}],"replies":[{"embeddable":true,"href":"https:\/\/hyper-lex.com\/nl\/wp-json\/wp\/v2\/comments?post=1999"}],"version-history":[{"count":3,"href":"https:\/\/hyper-lex.com\/nl\/wp-json\/wp\/v2\/pages\/1999\/revisions"}],"predecessor-version":[{"id":2020,"href":"https:\/\/hyper-lex.com\/nl\/wp-json\/wp\/v2\/pages\/1999\/revisions\/2020"}],"wp:attachment":[{"href":"https:\/\/hyper-lex.com\/nl\/wp-json\/wp\/v2\/media?parent=1999"}],"curies":[{"name":"wp","href":"https:\/\/api.w.org\/{rel}","templated":true}]}}