{"id":1995,"date":"2024-12-25T19:26:32","date_gmt":"2024-12-25T19:26:32","guid":{"rendered":"https:\/\/hyper-lex.com\/?page_id=1995"},"modified":"2024-12-25T19:37:51","modified_gmt":"2024-12-25T19:37:51","slug":"biowetenschap","status":"publish","type":"page","link":"https:\/\/hyper-lex.com\/nl\/biowetenschap\/","title":{"rendered":"Gezondheid &amp; Life Sciences"},"content":{"rendered":"<h2 class=\"wp-block-heading has-text-align-center has-white-color has-ast-global-color-0-background-color has-text-color has-background has-link-color wp-elements-2137367986d9cba98310326a07c76a69\" id=\"Health\" style=\"margin-top:0;margin-bottom:0;padding-top:var(--wp--preset--spacing--30);padding-right:var(--wp--preset--spacing--50);padding-bottom:var(--wp--preset--spacing--30);padding-left:var(--wp--preset--spacing--50);font-size:28px\">Gezondheid en Life Sciences<\/h2>\n\n\n\n<div class=\"wp-block-group is-content-justification-center is-layout-constrained wp-container-core-group-is-layout-14 wp-block-group-is-layout-constrained\" style=\"margin-top:0;margin-bottom:0\">\n<h3 class=\"wp-block-heading\"><strong>Waarom gezondheids- en life sciences onze diensten nodig hebben<\/strong><\/h3>\n\n\n\n<p style=\"padding-right:0;padding-left:0\">De <strong>Gezondheid en Life Sciences<\/strong> sector enorme hoeveelheden zeer gevoelige gegevens verwerkt, waaronder <strong>pati\u00ebntendossiers<\/strong>, <strong>klinische onderzoeksgegevens<\/strong>, en <strong>genetische of biometrische informatie<\/strong>. Met GDPR en andere privacyregels die strikt toezicht op persoonlijke gegevens vereisen, kan niet-naleving resulteren in <strong>aanzienlijke boetes<\/strong>, Operationele verstoring en verlies van vertrouwen bij pati\u00ebnten. Organisaties worden geconfronteerd met extra uitdagingen zoals het beheren van <strong>grensoverschrijdend onderzoek<\/strong>, het waarborgen van rechtmatige toestemming en het inbouwen van privacy in innovatieve technologie\u00ebn zoals <strong>AI-diagnostiek<\/strong> en <strong>platforms voor telegeneeskunde<\/strong>.Als uw&nbsp;<strong>Externe DPO<\/strong>, HyperLex biedt proactief toezicht en deskundige ondersteuning om uw bedrijf te helpen naadloos te voldoen aan GDPR en wereldwijde privacyverplichtingen.<\/p>\n\n\n\n<h3 class=\"wp-block-heading\"><strong>Hoe helpen we<\/strong><\/h3>\n\n\n\n<div class=\"wp-block-columns is-layout-flex wp-container-core-columns-is-layout-1 wp-block-columns-is-layout-flex\" style=\"border-style:none;border-width:0px\">\n<div class=\"wp-block-column has-border-color has-white-border-color has-ast-global-color-4-color has-ast-global-color-3-background-color has-text-color has-background has-link-color wp-elements-860bece3be587c8a3178a73c3a1c5647 is-layout-constrained wp-container-core-column-is-layout-1 wp-block-column-is-layout-constrained\" style=\"border-width:6px;padding-bottom:1rem\">\n<div class=\"wp-block-group is-layout-constrained wp-container-core-group-is-layout-2 wp-block-group-is-layout-constrained\" style=\"border-style:none;border-width:0px\">\n<div class=\"wp-block-group is-vertical is-content-justification-center is-layout-flex wp-container-core-group-is-layout-1 wp-block-group-is-layout-flex\" style=\"padding-top:2.1rem;padding-bottom:2.1rem\">\n<figure class=\"wp-block-image size-full is-resized\"><img loading=\"lazy\" decoding=\"async\" width=\"80\" height=\"80\" src=\"https:\/\/hyper-lex.com\/wp-content\/uploads\/2024\/12\/5.png\" alt=\"\" class=\"wp-image-1919\" style=\"aspect-ratio:1.164179104477612;width:66px;height:auto\"\/><\/figure>\n\n\n\n<h3 class=\"wp-block-heading has-text-align-center has-text-color has-link-color has-poppins-font-family wp-elements-37fce2cf6a9487f0d69e5a9a87aaa501\" style=\"color:#ffffff;margin-top:1rem;font-size:1.7rem;font-style:normal;font-weight:600\">Externe DPO<\/h3>\n\n\n\n<p class=\"has-text-align-center has-text-color has-link-color wp-elements-a2f4f0f2feb6852bef180ad19d5f7388\" style=\"color:#ffffff;font-size:0.9rem\">Wij fungeren als uw toegewijde, externe <strong>Functionaris voor gegevensbescherming (DPO)<\/strong> om toezicht te houden op GDPR-compliance, deskundige begeleiding te bieden en ervoor te zorgen dat uw gegevensverwerkingsactiviteiten in overeenstemming zijn met de privacyregels.<\/p>\n\n\n\n<p class=\"has-text-align-center has-text-color has-link-color wp-elements-b63c9e8546c3451cc19891add8b30bcf translation-block\" style=\"color:#ffffff;font-size:0.9rem\">Onder <strong>artikel 37(1) van de GDPR<\/strong> moeten organisaties in de <strong>Life Sciences and Health<\/strong>-sector een DPO aanstellen wanneer ze grote hoeveelheden <strong>gevoelige gegevens<\/strong> verwerken, zoals pati\u00ebntendossiers, gegevens van klinische tests of genetische informatie. Dit is met name cruciaal voor medisch onderzoek, farmaceutische bedrijven en health-tech platforms die gegevens met een hoog risico verwerken.<\/p>\n<\/div>\n<\/div>\n<\/div>\n\n\n\n<div class=\"wp-block-column has-border-color has-white-border-color has-ast-global-color-4-color has-ast-global-color-3-background-color has-text-color has-background has-link-color wp-elements-e88fdc482472e8846b060cfff6772c87 is-layout-constrained wp-container-core-column-is-layout-2 wp-block-column-is-layout-constrained\" style=\"border-width:6px;padding-bottom:1rem\">\n<div class=\"wp-block-group is-layout-constrained wp-container-core-group-is-layout-4 wp-block-group-is-layout-constrained\" style=\"border-style:none;border-width:0px\">\n<div class=\"wp-block-group is-vertical is-content-justification-center is-layout-flex wp-container-core-group-is-layout-3 wp-block-group-is-layout-flex\" style=\"padding-top:2.1rem;padding-bottom:2.1rem\">\n<figure class=\"wp-block-image size-full is-resized\"><img loading=\"lazy\" decoding=\"async\" width=\"80\" height=\"80\" src=\"https:\/\/hyper-lex.com\/wp-content\/uploads\/2024\/12\/6-copy.png\" alt=\"\" class=\"wp-image-1920\" style=\"aspect-ratio:1.164179104477612;width:71px;height:auto\"\/><\/figure>\n\n\n\n<h3 class=\"wp-block-heading has-text-align-center has-text-color has-link-color has-poppins-font-family wp-elements-71cdbeb32d272e303069603a41d87933 translation-block\" style=\"color:#ffffff;margin-top:1rem;font-size:1.7rem;font-style:normal;font-weight:600\">Da<a href=\"#legal-as-a-service\" target=\"_self\">ta Protection Representative<\/a><\/h3>\n\n\n\n<p class=\"has-text-align-center has-text-color has-link-color wp-elements-e61e7ff2aa1fc32e4e73b5f4bf4eede7 translation-block\" style=\"color:#ffffff;font-size:0.9rem\">Wij treden op als uw <strong>Data Protection Representative (DPR)<\/strong> in de EU en beheren de communicatie met toezichthouders en personen om te voldoen aan de vereisten van <strong>GDPR Artikel 27<\/strong>. Organisaties buiten de EU die persoonlijke gegevens van EU-ingezetenen verwerken, zoals gegevens van klinische proeven of telegeneeskunde, moeten een DPR aanstellen om naleving, transparantie en verantwoording te waarborgen. Voor Life Sciences en gezondheidsbedrijven die internationaal onderzoek uitvoeren of digitale gezondheidsoplossingen bieden, helpt onze DPR-service te voldoen aan wettelijke verplichtingen, boetes te voorkomen en het vertrouwen van pati\u00ebnten en belanghebbenden te behouden.<\/p>\n<\/div>\n<\/div>\n<\/div>\n<\/div>\n\n\n\n<div class=\"wp-block-columns is-layout-flex wp-container-core-columns-is-layout-2 wp-block-columns-is-layout-flex\" style=\"border-style:none;border-width:0px\">\n<div class=\"wp-block-column has-border-color has-white-border-color has-ast-global-color-4-color has-ast-global-color-3-background-color has-text-color has-background has-link-color wp-elements-9eca576562ce0e194210e4e2b7fe9dd2 is-layout-constrained wp-container-core-column-is-layout-3 wp-block-column-is-layout-constrained\" style=\"border-width:6px;padding-bottom:1rem\">\n<div class=\"wp-block-group is-layout-constrained wp-container-core-group-is-layout-6 wp-block-group-is-layout-constrained\" style=\"border-style:none;border-width:0px\">\n<div class=\"wp-block-group is-vertical is-content-justification-center is-layout-flex wp-container-core-group-is-layout-5 wp-block-group-is-layout-flex\" style=\"padding-top:2.1rem;padding-bottom:2.1rem\">\n<figure class=\"wp-block-image size-full is-resized\"><img loading=\"lazy\" decoding=\"async\" width=\"80\" height=\"80\" src=\"https:\/\/hyper-lex.com\/wp-content\/uploads\/2024\/12\/2-copy-2.png\" alt=\"\" class=\"wp-image-1916\" style=\"aspect-ratio:1.164179104477612;width:66px;height:auto\"\/><\/figure>\n\n\n\n<h3 class=\"wp-block-heading has-text-align-center has-text-color has-link-color has-poppins-font-family wp-elements-05fd30a5642ef4cd5582baf11511405c\" style=\"color:#ffffff;margin-top:1rem;font-size:1.7rem;font-style:normal;font-weight:600\">Audits en risicobeoordelingen<\/h3>\n\n\n\n<p class=\"has-text-align-center has-text-color has-link-color wp-elements-410fbdae0f9abf9949496e8f5147fc8a\" style=\"color:#ffffff;font-size:0.9rem\">We identificeren hiaten in de naleving, beoordelen risico's bij uw gegevensverwerkingsactiviteiten en bieden bruikbare oplossingen om GDPR-compliance te garanderen en gevoelige gezondheidsgegevens te beschermen.<\/p>\n\n\n\n<p class=\"has-text-align-center has-text-color has-link-color wp-elements-d07cd81d1fb3629283ea7735a9dabe4b translation-block\" style=\"color:#ffffff;font-size:0.9rem\">Onder <strong>Artikelen 24 en 32 van de GDPR<\/strong> moeten organisaties technische en organisatorische maatregelen implementeren om een veilige en rechtmatige gegevensverwerking te garanderen. Voor Life Sciences bedrijven die <strong>klinische onderzoeksgegevens, genetische informatie<\/strong> of <strong>medische onderzoeksgegevens<\/strong> verwerken, zijn regelmatige audits essentieel om kwetsbaarheden te identificeren, inbreuken te voorkomen en ethische en wettelijke normen te handhaven.<\/p>\n<\/div>\n<\/div>\n<\/div>\n\n\n\n<div class=\"wp-block-column has-border-color has-white-border-color has-ast-global-color-4-color has-ast-global-color-3-background-color has-text-color has-background has-link-color wp-elements-6ebf3a6ffc8ce4c5f517c2d1ec3c90b0 is-layout-constrained wp-container-core-column-is-layout-4 wp-block-column-is-layout-constrained\" style=\"border-width:6px;padding-bottom:1rem\">\n<div class=\"wp-block-group is-layout-constrained wp-container-core-group-is-layout-8 wp-block-group-is-layout-constrained\" style=\"border-style:none;border-width:0px\">\n<div class=\"wp-block-group is-vertical is-content-justification-center is-layout-flex wp-container-core-group-is-layout-7 wp-block-group-is-layout-flex\" style=\"padding-top:2.1rem;padding-bottom:2.1rem\">\n<figure class=\"wp-block-image size-full is-resized\"><img loading=\"lazy\" decoding=\"async\" width=\"80\" height=\"80\" src=\"https:\/\/hyper-lex.com\/wp-content\/uploads\/2024\/12\/1-copy-2.png\" alt=\"\" class=\"wp-image-1915\" style=\"aspect-ratio:1.164179104477612;width:71px;height:auto\"\/><\/figure>\n\n\n\n<h3 class=\"wp-block-heading has-text-align-center has-text-color has-link-color has-poppins-font-family wp-elements-73eca1c62530130f838783e84fa954bd\" style=\"color:#ffffff;margin-top:1rem;font-size:1.7rem;font-style:normal;font-weight:600\">Privacy-implementatie<\/h3>\n\n\n\n<p class=\"has-text-align-center has-text-color has-link-color wp-elements-971cc51f1aeab386d9bd697213221d64 translation-block\" style=\"color:#ffffff;font-size:0.9rem\"><br>Wij helpen Life Sciences en Health organisaties met het implementeren van GDPR-compliant beleid, processen en waarborgen, door <strong>Privacy by Design and by Default<\/strong> in te bedden in de bedrijfsvoering. Onder <strong>Artikel 25 van de GDPR<\/strong>, omvat dit het beheer van privacybeleid, toestemmingskaders en het bijwerken van contracten om naleving te garanderen. Voor biotechbedrijven, ziekenhuizen en onderzoeksinstellingen zorgt de implementatie van privacy voor een rechtmatige verwerking van pati\u00ebntgegevens, ethische verwerking en verminderde risico's, waarbij verantwoording wordt afgelegd aan zowel toezichthouders als pati\u00ebnten.<\/p>\n<\/div>\n<\/div>\n<\/div>\n<\/div>\n\n\n\n<div class=\"wp-block-columns is-layout-flex wp-container-core-columns-is-layout-3 wp-block-columns-is-layout-flex\" style=\"border-style:none;border-width:0px\">\n<div class=\"wp-block-column has-border-color has-white-border-color has-ast-global-color-4-color has-ast-global-color-3-background-color has-text-color has-background has-link-color wp-elements-0f749319e56b628bed4946cdd19bda4b is-layout-constrained wp-container-core-column-is-layout-5 wp-block-column-is-layout-constrained\" style=\"border-width:6px;padding-bottom:1rem\">\n<div class=\"wp-block-group is-layout-constrained wp-container-core-group-is-layout-10 wp-block-group-is-layout-constrained\" style=\"border-style:none;border-width:0px\">\n<div class=\"wp-block-group is-vertical is-content-justification-center is-layout-flex wp-container-core-group-is-layout-9 wp-block-group-is-layout-flex\" style=\"padding-top:2.1rem;padding-bottom:2.1rem\">\n<figure class=\"wp-block-image size-full is-resized\"><img loading=\"lazy\" decoding=\"async\" width=\"80\" height=\"80\" src=\"https:\/\/hyper-lex.com\/wp-content\/uploads\/2024\/12\/3.png\" alt=\"\" class=\"wp-image-1917\" style=\"aspect-ratio:1.164179104477612;width:66px;height:auto\"\/><\/figure>\n\n\n\n<h3 class=\"wp-block-heading has-text-align-center has-text-color has-link-color has-poppins-font-family wp-elements-38ae1d989e2a9e75a82e91f54840582e translation-block\" style=\"color:#ffffff;margin-top:1rem;font-size:1.7rem;font-style:normal;font-weight:600\">Dienst <strong>Data Subject Access Requests<\/strong> (DSAR)<\/h3>\n\n\n\n<p class=\"has-text-align-center has-text-color has-link-color wp-elements-39ba18579c1371448190429f364bad36 translation-block\" style=\"color:#ffffff;font-size:0.9rem\">Wij beheren <strong>Data Subject Access Requests (DSAR's)<\/strong> en zorgen voor nauwkeurige, tijdige en GDPR-conforme antwoorden op verzoeken van pati\u00ebnten en deelnemers om toegang tot gegevens, correctie, verwijdering of portabiliteit. Onder <strong>Artikelen 12 tot 15 van de GDPR<\/strong>, hebben individuen het recht om toegang te vragen tot hun gegevens, wat cruciaal is in de Life Sciences sector waar <strong>pati\u00ebnten<\/strong>, <strong>deelnemers aan klinische studies<\/strong>, en <strong>gebruikers in de gezondheidszorg<\/strong> transparantie eisen.<\/p>\n\n\n\n<p class=\"has-text-align-center has-text-color has-link-color wp-elements-6c6c487b74c1e3591c20194c6ebc9a19\" style=\"color:#ffffff;font-size:0.9rem\">Onze service vereenvoudigt DSAR-processen, waarbij complexe scenario's zoals geanonimiseerde onderzoeksgegevens, grensoverschrijdende pati\u00ebntverzoeken en grootschalige reacties worden afgehandeld, zodat de GDPR-tijdlijnen worden nageleefd en het vertrouwen wordt gewaarborgd.<\/p>\n<\/div>\n<\/div>\n<\/div>\n\n\n\n<div class=\"wp-block-column has-border-color has-white-border-color has-ast-global-color-4-color has-ast-global-color-3-background-color has-text-color has-background has-link-color wp-elements-2a43bcf2d69a20b21d62da6944a04109 is-layout-constrained wp-container-core-column-is-layout-6 wp-block-column-is-layout-constrained\" style=\"border-width:6px;padding-bottom:1rem\">\n<div class=\"wp-block-group is-layout-constrained wp-container-core-group-is-layout-13 wp-block-group-is-layout-constrained\" style=\"border-style:none;border-width:0px\">\n<div class=\"wp-block-group is-vertical is-content-justification-center is-layout-flex wp-container-core-group-is-layout-12 wp-block-group-is-layout-flex\" style=\"padding-top:2.1rem;padding-bottom:2.1rem\">\n<figure class=\"wp-block-image size-full is-resized\"><img loading=\"lazy\" decoding=\"async\" width=\"60\" height=\"60\" src=\"https:\/\/hyper-lex.com\/wp-content\/uploads\/2024\/08\/audit.png\" alt=\"\" class=\"wp-image-1367\" style=\"aspect-ratio:1.164179104477612;width:71px;height:auto\"\/><\/figure>\n\n\n\n<h3 class=\"wp-block-heading has-text-align-center has-text-color has-link-color has-poppins-font-family wp-elements-4554152040f2bb5396df834d5412c42c\" style=\"color:#ffffff;margin-top:1rem;font-size:1.7rem;font-style:normal;font-weight:600\"><strong>Effectbeoordelingen gegevensbescherming (DPIA's)<\/strong><\/h3>\n\n\n\n<p class=\"has-text-align-center has-text-color has-link-color wp-elements-10120e4bf6448c729207b8d16114244c translation-block\" style=\"color:#ffffff;font-size:0.9rem\">We voeren <strong>DPIA's<\/strong> uit om de risico's bij gegevensverwerkingsactiviteiten met een hoog risico te evalueren en te beperken, zodat we volledig voldoen aan de GDPR. Onder <strong>artikel 35 van de GDPR<\/strong> zijn DPIA's vereist bij de verwerking van gevoelige persoonlijke gegevens, zoals <strong>gezondheidsdossiers, genetische gegevens<\/strong>, of <strong>biometrische informatie<\/strong>, die centraal staan bij klinische proeven, medisch onderzoek en innovatieve gezondheidstechnologische oplossingen.<\/p>\n\n\n\n<p class=\"has-text-align-center has-text-color has-link-color wp-elements-c8977f53b4fc80a52470f41c1afe7c98 translation-block\" style=\"color:#ffffff;font-size:0.9rem\">Voor <strong>Life Sciences and Health<\/strong> bedrijven die nieuwe technologie\u00ebn, AI-gebaseerde diagnostiek of grensoverschrijdende klinische studies inzetten, zorgen DPIA's ervoor dat risico's worden ge\u00efdentificeerd, gedocumenteerd en beperkt, wat helpt om pati\u00ebntgegevens te beschermen en te voldoen aan ethische en wettelijke normen.<\/p>\n\n\n\n<div class=\"wp-block-group is-layout-constrained wp-block-group-is-layout-constrained\"><\/div>\n<\/div>\n<\/div>\n<\/div>\n<\/div>\n\n\n\n<h3 class=\"wp-block-heading\" style=\"margin-right:0;margin-left:0;padding-top:var(--wp--preset--spacing--60);padding-right:0;padding-bottom:var(--wp--preset--spacing--60);padding-left:0\"><strong>Voordelen van onze services<\/strong><\/h3>\n\n\n\n<ul style=\"margin-top:0;margin-right:0;margin-bottom:0;margin-left:0;padding-top:0;padding-right:var(--wp--preset--spacing--50);padding-bottom:0;padding-left:var(--wp--preset--spacing--50)\" class=\"wp-block-list\">\n<li><strong>Naleving van regelgeving<\/strong><br>Voldoe aan de GDPR en wereldwijde privacyverplichtingen en voorkom dure boetes en juridische risico's.<\/li>\n\n\n\n<li><strong>Risicobeperking<\/strong><br>Bescherm gevoelige pati\u00ebnt- en onderzoeksgegevens door privacyrisico's vroegtijdig te identificeren en aan te pakken.<\/li>\n\n\n\n<li><strong>Operationele effici\u00ebntie<\/strong><br>Maak interne resources vrij door complexe compliance-taken zoals audits, DSAR's en DPIA's over te laten aan onze experts.<\/li>\n\n\n\n<li><strong>Vertrouwen en transparantie<\/strong><br>Vertrouwen opbouwen bij pati\u00ebnten, deelnemers aan klinisch onderzoek en onderzoekspartners door ethisch en transparant om te gaan met gegevens.<\/li>\n\n\n\n<li><strong>Ondersteuning voor innovatie<\/strong><br>Zorg ervoor dat uw baanbrekende werk in de gezondheidszorg en biowetenschappen op verantwoorde wijze wordt uitgevoerd, waarbij privacy centraal staat.<\/li>\n<\/ul>\n<\/div>\n\n\n\n<section class=\"wp-block-group alignfull has-ast-global-color-4-color has-ast-global-color-0-background-color has-text-color has-background is-layout-constrained wp-container-core-group-is-layout-16 wp-block-group-is-layout-constrained\" style=\"border-style:none;border-width:0px;margin-top:0px;padding-top:5.2rem;padding-bottom:5.2rem;font-size:1.13rem;font-style:normal;font-weight:400;line-height:1.4\">\n<div class=\"wp-block-group is-layout-constrained wp-block-group-is-layout-constrained\" style=\"padding-bottom:2rem\">\n<h2 class=\"wp-block-heading has-text-align-center has-text-color has-link-color has-poppins-font-family wp-elements-38b58909dfecce535392e44c4b09f676\" style=\"color:#ffffff;font-size:2.5rem;font-style:normal;font-weight:500;letter-spacing:0px;text-transform:uppercase\">Onze belofte aan jou<\/h2>\n<\/div>\n\n\n\n<div class=\"wp-block-columns has-ast-global-color-4-color has-text-color has-link-color wp-elements-022209ec58ec7f9d108ba8a0c9afa458 is-layout-flex wp-container-core-columns-is-layout-4 wp-block-columns-is-layout-flex\">\n<div class=\"wp-block-column has-ast-global-color-4-color has-text-color has-link-color wp-elements-73024212fbbe13aba3f0088b15182405 is-layout-flow wp-container-core-column-is-layout-7 wp-block-column-is-layout-flow\" style=\"border-right-style:none;border-right-width:0px;padding-top:10px;padding-right:40px;padding-bottom:10px;padding-left:40px\">\n<figure class=\"wp-block-image aligncenter size-full\"><img loading=\"lazy\" decoding=\"async\" width=\"80\" height=\"80\" src=\"https:\/\/hyper-lex.com\/wp-content\/uploads\/2024\/10\/cost.png\" alt=\"\" class=\"wp-image-1642\"\/><\/figure>\n\n\n\n<h3 class=\"wp-block-heading has-text-align-center has-ast-global-color-4-color has-text-color has-poppins-font-family\" style=\"margin-top:1.8rem;font-size:1.5rem;font-style:normal;font-weight:700\">Vast tarief<\/h3>\n\n\n\n<p class=\"has-text-align-center has-white-color has-text-color has-poppins-font-family\" style=\"font-size:0.9rem;font-style:normal;font-weight:500\">Uurtarieven? Pas. Verrassingsrekeningen? Nooit. Gewoon \u00e9\u00e9n eenvoudig tarief dat je budget tevreden houdt en je accountant aan het lachen maakt.<\/p>\n<\/div>\n\n\n\n<div class=\"wp-block-column has-white-color has-text-color has-link-color wp-elements-b3ee95e77b4a7c66ba9260fa4e7b0a14 is-layout-flow wp-container-core-column-is-layout-8 wp-block-column-is-layout-flow\" style=\"border-right-style:none;border-right-width:0px;padding-top:10px;padding-right:40px;padding-bottom:10px;padding-left:40px\">\n<figure class=\"wp-block-image aligncenter size-full\"><img loading=\"lazy\" decoding=\"async\" width=\"80\" height=\"80\" src=\"https:\/\/hyper-lex.com\/wp-content\/uploads\/2024\/10\/flexible.png\" alt=\"\" class=\"wp-image-1643\"\/><\/figure>\n\n\n\n<h3 class=\"wp-block-heading has-text-align-center has-white-color has-text-color has-poppins-font-family\" style=\"margin-top:1.8rem;font-size:1.5rem;font-style:normal;font-weight:700\">Flexibele ondersteuning<\/h3>\n\n\n\n<p class=\"has-text-align-center has-white-color has-text-color has-poppins-font-family\" style=\"font-size:0.9rem;font-style:normal;font-weight:500\">E\u00e9n keer per week of \u00e9\u00e9n keer per maand hulp nodig? We zijn er wanneer je ons nodig hebt. PS: we blijven niet te lang.<\/p>\n<\/div>\n\n\n\n<div class=\"wp-block-column is-layout-flow wp-container-core-column-is-layout-9 wp-block-column-is-layout-flow\" style=\"padding-top:10px;padding-right:40px;padding-bottom:10px;padding-left:40px\">\n<figure class=\"wp-block-image aligncenter size-full\"><img loading=\"lazy\" decoding=\"async\" width=\"80\" height=\"80\" src=\"https:\/\/hyper-lex.com\/wp-content\/uploads\/2024\/10\/peace.png\" alt=\"\" class=\"wp-image-1644\"\/><\/figure>\n\n\n\n<h3 class=\"wp-block-heading has-text-align-center has-white-color has-text-color has-poppins-font-family\" style=\"margin-top:1.8px;font-size:1.5rem;font-style:normal;font-weight:700\">Wettelijke gemoedsrust<\/h3>\n\n\n\n<p class=\"has-text-align-center has-white-color has-text-color has-poppins-font-family\" style=\"font-size:0.9rem;font-style:normal;font-weight:500\">Juridisch jargon? Wij vertalen het in begrijpbaar Nederlands. Naleving? Beschouw het als opgelost. U concentreert zich op de groei van uw bedrijf; wij zorgen voor de kleine lettertjes.<\/p>\n<\/div>\n<\/div>\n<\/section>","protected":false},"excerpt":{"rendered":"<p>Health &amp; Life Sciences Why Health &amp; Life Sciences Need Our Services The Health &amp; Life Sciences sector handles vast amounts of highly sensitive data, including patient records, clinical trial data, and genetic or biometric information. With GDPR and other privacy regulations requiring strict oversight of personal data, non-compliance can result in significant fines, operational [&hellip;]<\/p>","protected":false},"author":1,"featured_media":0,"parent":0,"menu_order":0,"comment_status":"closed","ping_status":"closed","template":"","meta":{"content-type":"","site-sidebar-layout":"default","site-content-layout":"","ast-site-content-layout":"default","site-content-style":"default","site-sidebar-style":"default","ast-global-header-display":"","ast-banner-title-visibility":"","ast-main-header-display":"","ast-hfb-above-header-display":"","ast-hfb-below-header-display":"","ast-hfb-mobile-header-display":"","site-post-title":"disabled","ast-breadcrumbs-content":"","ast-featured-img":"","footer-sml-layout":"","theme-transparent-header-meta":"","adv-header-id-meta":"","stick-header-meta":"","header-above-stick-meta":"","header-main-stick-meta":"","header-below-stick-meta":"","astra-migrate-meta-layouts":"set","ast-page-background-enabled":"default","ast-page-background-meta":{"desktop":{"background-color":"","background-image":"","background-repeat":"repeat","background-position":"center center","background-size":"auto","background-attachment":"scroll","background-type":"","background-media":"","overlay-type":"","overlay-color":"","overlay-opacity":"","overlay-gradient":""},"tablet":{"background-color":"","background-image":"","background-repeat":"repeat","background-position":"center center","background-size":"auto","background-attachment":"scroll","background-type":"","background-media":"","overlay-type":"","overlay-color":"","overlay-opacity":"","overlay-gradient":""},"mobile":{"background-color":"","background-image":"","background-repeat":"repeat","background-position":"center center","background-size":"auto","background-attachment":"scroll","background-type":"","background-media":"","overlay-type":"","overlay-color":"","overlay-opacity":"","overlay-gradient":""}},"ast-content-background-meta":{"desktop":{"background-color":"var(--ast-global-color-5)","background-image":"","background-repeat":"repeat","background-position":"center center","background-size":"auto","background-attachment":"scroll","background-type":"","background-media":"","overlay-type":"","overlay-color":"","overlay-opacity":"","overlay-gradient":""},"tablet":{"background-color":"var(--ast-global-color-5)","background-image":"","background-repeat":"repeat","background-position":"center center","background-size":"auto","background-attachment":"scroll","background-type":"","background-media":"","overlay-type":"","overlay-color":"","overlay-opacity":"","overlay-gradient":""},"mobile":{"background-color":"var(--ast-global-color-5)","background-image":"","background-repeat":"repeat","background-position":"center center","background-size":"auto","background-attachment":"scroll","background-type":"","background-media":"","overlay-type":"","overlay-color":"","overlay-opacity":"","overlay-gradient":""}},"footnotes":""},"class_list":["post-1995","page","type-page","status-publish","hentry"],"_links":{"self":[{"href":"https:\/\/hyper-lex.com\/nl\/wp-json\/wp\/v2\/pages\/1995"}],"collection":[{"href":"https:\/\/hyper-lex.com\/nl\/wp-json\/wp\/v2\/pages"}],"about":[{"href":"https:\/\/hyper-lex.com\/nl\/wp-json\/wp\/v2\/types\/page"}],"author":[{"embeddable":true,"href":"https:\/\/hyper-lex.com\/nl\/wp-json\/wp\/v2\/users\/1"}],"replies":[{"embeddable":true,"href":"https:\/\/hyper-lex.com\/nl\/wp-json\/wp\/v2\/comments?post=1995"}],"version-history":[{"count":3,"href":"https:\/\/hyper-lex.com\/nl\/wp-json\/wp\/v2\/pages\/1995\/revisions"}],"predecessor-version":[{"id":2018,"href":"https:\/\/hyper-lex.com\/nl\/wp-json\/wp\/v2\/pages\/1995\/revisions\/2018"}],"wp:attachment":[{"href":"https:\/\/hyper-lex.com\/nl\/wp-json\/wp\/v2\/media?parent=1995"}],"curies":[{"name":"wp","href":"https:\/\/api.w.org\/{rel}","templated":true}]}}