{"id":2047,"date":"2024-12-26T10:51:04","date_gmt":"2024-12-26T10:51:04","guid":{"rendered":"https:\/\/hyper-lex.com\/?page_id=2047"},"modified":"2024-12-26T10:51:04","modified_gmt":"2024-12-26T10:51:04","slug":"gouvernance-de-lia","status":"publish","type":"page","link":"https:\/\/hyper-lex.com\/fr\/gouvernance-de-lia\/","title":{"rendered":"AI Governance"},"content":{"rendered":"<div class=\"wp-block-cover alignfull\" style=\"margin-top:0;margin-bottom:0;padding-top:4%;min-height:283px;aspect-ratio:unset;\"><span aria-hidden=\"true\" class=\"wp-block-cover__background has-background-dim\"><\/span><img loading=\"lazy\" decoding=\"async\" width=\"1300\" height=\"782\" class=\"wp-block-cover__image-background wp-image-2048\" alt=\"\" src=\"https:\/\/hyper-lex.com\/wp-content\/uploads\/2024\/12\/ai1-e1735209413683.png\" style=\"object-position:53% 67%\" data-object-fit=\"cover\" data-object-position=\"53% 67%\" srcset=\"https:\/\/hyper-lex.com\/wp-content\/uploads\/2024\/12\/ai1-e1735209413683.png 1300w, https:\/\/hyper-lex.com\/wp-content\/uploads\/2024\/12\/ai1-e1735209413683-300x180.png 300w, https:\/\/hyper-lex.com\/wp-content\/uploads\/2024\/12\/ai1-e1735209413683-1024x616.png 1024w, https:\/\/hyper-lex.com\/wp-content\/uploads\/2024\/12\/ai1-e1735209413683-768x462.png 768w\" sizes=\"(max-width: 1300px) 100vw, 1300px\" \/><div class=\"wp-block-cover__inner-container is-layout-constrained wp-container-core-cover-is-layout-1 wp-block-cover-is-layout-constrained\">\n<h2 class=\"wp-block-heading alignwide has-text-align-center has-text-color has-poppins-font-family\" style=\"color:#ffffff;margin-top:1.5rem;margin-bottom:1.01rem;font-size:3.5rem;font-style:normal;font-weight:400;line-height:1;text-transform:capitalize\">AI Governance<\/h2>\n<\/div><\/div>\n\n\n\n<div class=\"wp-block-group is-content-justification-center is-layout-constrained wp-container-core-group-is-layout-1 wp-block-group-is-layout-constrained\" style=\"margin-top:0;margin-bottom:0\">\n<p style=\"padding-right:0;padding-left:0\" class=\"translation-block\">Alors que l\u2019IA devient une composante essentielle des entreprises modernes, garantir son utilisation \u00e9thique, transparente et conforme est crucial. Notre service <strong>d\u2019AI Governance aide<\/strong> les organisations de l\u2019UE \u00e0 aligner leurs syst\u00e8mes d\u2019IA sur des cadres r\u00e9glementaires comme le GDPR et le futur AI Act de l\u2019UE, tout en favorisant la confiance et la responsabilit\u00e9 dans leurs op\u00e9rations li\u00e9es \u00e0 l\u2019IA.<\/p>\n\n\n\n<h3 class=\"wp-block-heading\"><strong><strong>L\u2019AI Act de l\u2019UE : une nouvelle norme pour la r\u00e9gulation de l\u2019IA<\/strong><\/strong><\/h3>\n\n\n\n<p class=\"translation-block\"><strong>L\u2019AI Act de l\u2019UE<\/strong> est le premier cadre complet au monde pour la r\u00e9gulation de l\u2019intelligence artificielle. Il cat\u00e9gorise les syst\u00e8mes d\u2019IA en fonction des risques\u2014interdits, \u00e0 haut risque, \u00e0 risque limit\u00e9 et \u00e0 risque minimal\u2014en imposant des obligations plus strictes pour les applications \u00e0 haut risque comme l\u2019identification biom\u00e9trique, le scoring de cr\u00e9dit et les diagnostics m\u00e9dicaux. Cet acte vise \u00e0 garantir que l\u2019IA soit \u00e9thique, transparente et s\u00fbre, tout en prot\u00e9geant les droits des individus et en favorisant l\u2019innovation dans les limites r\u00e9glementaires de l\u2019UE.<\/p>\n\n\n\n<h3 class=\"wp-block-heading\"><strong><strong>Qui a besoin de l\u2019AI Governance ?<\/strong><\/strong><\/h3>\n\n\n\n<p>Les organisations qui :<\/p>\n\n\n\n<ul class=\"wp-block-list\">\n<li><strong>D\u00e9veloppent ou d\u00e9ploient des syst\u00e8mes d\u2019IA<\/strong>\u00a0impliquant des donn\u00e9es personnelles, comme l\u2019analyse pr\u00e9dictive, la prise de d\u00e9cision automatis\u00e9e ou l\u2019identification biom\u00e9trique.<\/li>\n\n\n\n<li class=\"translation-block\">Op\u00e8rent dans des secteurs r\u00e9glement\u00e9s tels que la <strong>finance, la sant\u00e9 ou la technologie<\/strong>, o\u00f9 la conformit\u00e9 \u00e0 l\u2019IA est essentielle.<\/li>\n\n\n\n<li>Utilisent l\u2019IA pour des applications \u00e0 haut risque, y compris le scoring de cr\u00e9dit, les algorithmes de recrutement ou les diagnostics m\u00e9dicaux.<\/li>\n\n\n\n<li>Cherchent \u00e0 maintenir la confiance, la transparence et la responsabilit\u00e9 dans leurs op\u00e9rations pilot\u00e9es par l\u2019IA.<\/li>\n<\/ul>\n\n\n\n<h3 class=\"wp-block-heading\"><strong>Pourquoi l\u2019AI Governance est-elle essentielle ?<\/strong>?<\/h3>\n\n\n\n<ol class=\"wp-block-list\">\n<li><strong>Conformit\u00e9 avec les r\u00e8glements de l'UE<\/strong>: Avec l\u2019arriv\u00e9e de l\u2019AI Act de l\u2019UE et du GDPR, les organisations doivent s\u2019assurer que leurs syst\u00e8mes d\u2019IA respectent des normes l\u00e9gales strictes.<\/li>\n\n\n\n<li><strong>R\u00e9duction des risques<\/strong>:  Les applications d\u2019IA \u00e0 haut risque peuvent entra\u00eener des biais, des erreurs ou des violations, causant des dommages r\u00e9putationnels et des sanctions.<\/li>\n\n\n\n<li><strong>Utilisation \u00e9thique de l'IA<\/strong>: Des cadres de gouvernance clairs simplifient les processus de d\u00e9veloppement, de d\u00e9ploiement et de suivi des syst\u00e8mes d\u2019IA.<\/li>\n\n\n\n<li><strong>Efficacit\u00e9 op\u00e9rationnelle<\/strong>: Des cadres de gouvernance clairs rationalisent les processus de d\u00e9veloppement, de d\u00e9ploiement et de contr\u00f4le de l'IA.<\/li>\n<\/ol>\n<\/div>\n\n\n\n<h2 class=\"wp-block-heading has-text-align-center has-white-color has-ast-global-color-0-background-color has-text-color has-background has-link-color wp-elements-3b18c67b0aba79ac682a0ca011cd6d23\" style=\"margin-top:0;margin-bottom:0;padding-top:var(--wp--preset--spacing--30);padding-right:var(--wp--preset--spacing--50);padding-bottom:var(--wp--preset--spacing--30);padding-left:var(--wp--preset--spacing--50);font-size:28px\">Comment nous vous aidons<\/h2>\n\n\n\n<div class=\"wp-block-group is-layout-constrained wp-container-core-group-is-layout-2 wp-block-group-is-layout-constrained\">\n<p><strong>\u00c9valuations des risques li\u00e9s \u00e0 l'IA<\/strong> : Identifier et \u00e9valuer les risques potentiels dans vos syst\u00e8mes d\u2019IA, notamment les biais, les pr\u00e9occupations li\u00e9es \u00e0 la confidentialit\u00e9 et les vuln\u00e9rabilit\u00e9s en mati\u00e8re de s\u00e9curit\u00e9.<\/p>\n\n\n\n<p><strong>Alignement sur la conformit\u00e9<\/strong> : Garantir que vos syst\u00e8mes d\u2019IA respectent le GDPR, l\u2019AI Act de l\u2019UE et d\u2019autres cadres r\u00e9glementaires.<\/p>\n\n\n\n<p><strong>D\u00e9veloppement de politiques et de cadres<\/strong> : \u00c9laborer des politiques de gouvernance de l\u2019IA et des lignes directrices \u00e9thiques adapt\u00e9es aux op\u00e9rations de votre organisation.<\/p>\n\n\n\n<p><strong>Surveillance et audit<\/strong> : Mettre en place une surveillance et un audit continus des syst\u00e8mes d\u2019IA pour garantir une conformit\u00e9, une pr\u00e9cision et une responsabilit\u00e9 durables.<\/p>\n\n\n\n<p><strong>Formation et sensibilisation<\/strong> : Former vos \u00e9quipes aux pratiques \u00e9thiques li\u00e9es \u00e0 l\u2019IA et aux exigences de conformit\u00e9 afin d\u2019instaurer une culture d\u2019utilisation responsable de l\u2019IA.<\/p>\n<\/div>\n\n\n\n<section class=\"wp-block-group alignfull has-ast-global-color-4-color has-ast-global-color-3-background-color has-text-color has-background is-layout-constrained wp-container-core-group-is-layout-4 wp-block-group-is-layout-constrained\" style=\"border-style:none;border-width:0px;margin-top:0px;padding-top:5.2rem;padding-bottom:5.2rem;font-size:1.13rem;font-style:normal;font-weight:400;line-height:1.4\">\n<div class=\"wp-block-group is-layout-constrained wp-block-group-is-layout-constrained\" style=\"padding-bottom:2rem\">\n<h2 class=\"wp-block-heading has-text-align-center has-text-color has-link-color has-poppins-font-family wp-elements-38b58909dfecce535392e44c4b09f676\" style=\"color:#ffffff;font-size:2.5rem;font-style:normal;font-weight:500;letter-spacing:0px;text-transform:uppercase\">NOTRE PROMESSE ENVERS VOUS<\/h2>\n<\/div>\n\n\n\n<div class=\"wp-block-columns has-ast-global-color-4-color has-text-color has-link-color wp-elements-022209ec58ec7f9d108ba8a0c9afa458 is-layout-flex wp-container-core-columns-is-layout-1 wp-block-columns-is-layout-flex\">\n<div class=\"wp-block-column has-ast-global-color-4-color has-text-color has-link-color wp-elements-73024212fbbe13aba3f0088b15182405 is-layout-flow wp-container-core-column-is-layout-1 wp-block-column-is-layout-flow\" style=\"border-right-style:none;border-right-width:0px;padding-top:10px;padding-right:40px;padding-bottom:10px;padding-left:40px\">\n<figure class=\"wp-block-image aligncenter size-full\"><img loading=\"lazy\" decoding=\"async\" width=\"80\" height=\"80\" src=\"https:\/\/hyper-lex.com\/wp-content\/uploads\/2024\/10\/cost.png\" alt=\"\" class=\"wp-image-1642\"\/><\/figure>\n\n\n\n<h3 class=\"wp-block-heading has-text-align-center has-ast-global-color-4-color has-text-color has-poppins-font-family\" style=\"margin-top:1.8rem;font-size:1.5rem;font-style:normal;font-weight:700\">Tarif fixe<\/h3>\n\n\n\n<p class=\"has-text-align-center has-white-color has-text-color has-poppins-font-family\" style=\"font-size:0.9rem;font-style:normal;font-weight:500\">Frais horaires ? Non, merci. Factures surprises ? Jamais. Un tarif simple qui respecte votre budget et fait sourire votre comptable.<\/p>\n<\/div>\n\n\n\n<div class=\"wp-block-column has-white-color has-text-color has-link-color wp-elements-b3ee95e77b4a7c66ba9260fa4e7b0a14 is-layout-flow wp-container-core-column-is-layout-2 wp-block-column-is-layout-flow\" style=\"border-right-style:none;border-right-width:0px;padding-top:10px;padding-right:40px;padding-bottom:10px;padding-left:40px\">\n<figure class=\"wp-block-image aligncenter size-full\"><img loading=\"lazy\" decoding=\"async\" width=\"80\" height=\"80\" src=\"https:\/\/hyper-lex.com\/wp-content\/uploads\/2024\/10\/flexible.png\" alt=\"\" class=\"wp-image-1643\"\/><\/figure>\n\n\n\n<h3 class=\"wp-block-heading has-text-align-center has-white-color has-text-color has-poppins-font-family\" style=\"margin-top:1.8rem;font-size:1.5rem;font-style:normal;font-weight:700\">Soutien flexible<\/h3>\n\n\n\n<p class=\"has-text-align-center has-white-color has-text-color has-poppins-font-family\" style=\"font-size:0.9rem;font-style:normal;font-weight:500\">Besoin d\u2019aide une fois par semaine ou une fois par mois ? Nous sommes l\u00e0 quand vous avez besoin de nous. PS : nous ne nous imposerons pas plus que n\u00e9cessaire.<\/p>\n<\/div>\n\n\n\n<div class=\"wp-block-column is-layout-flow wp-container-core-column-is-layout-3 wp-block-column-is-layout-flow\" style=\"padding-top:10px;padding-right:40px;padding-bottom:10px;padding-left:40px\">\n<figure class=\"wp-block-image aligncenter size-full\"><img loading=\"lazy\" decoding=\"async\" width=\"80\" height=\"80\" src=\"https:\/\/hyper-lex.com\/wp-content\/uploads\/2024\/10\/peace.png\" alt=\"\" class=\"wp-image-1644\"\/><\/figure>\n\n\n\n<h3 class=\"wp-block-heading has-text-align-center has-white-color has-text-color has-poppins-font-family\" style=\"margin-top:1.8px;font-size:1.5rem;font-style:normal;font-weight:700\">S\u00e9r\u00e9nit\u00e9 juridique<\/h3>\n\n\n\n<p class=\"has-text-align-center has-white-color has-text-color has-poppins-font-family\" style=\"font-size:0.9rem;font-style:normal;font-weight:500\">Jargon juridique ? Nous le traduisons en langage clair. Conformit\u00e9 ? Consid\u00e9rez-la r\u00e9gl\u00e9e. Vous concentrez sur la croissance de votre entreprise ; nous nous occupons des d\u00e9tails.<\/p>\n<\/div>\n<\/div>\n<\/section>","protected":false},"excerpt":{"rendered":"<p>Alors que l'IA devient une partie int\u00e9grante de l'entreprise moderne, il est essentiel de garantir son utilisation \u00e9thique, transparente et conforme. Notre service de gouvernance de l'IA aide les organisations de l'UE \u00e0 aligner leurs syst\u00e8mes d'IA sur des cadres r\u00e9glementaires tels que le GDPR et le projet de loi sur l'IA de l'UE, tout en favorisant la confiance et la responsabilit\u00e9 dans leurs op\u00e9rations d'IA. La loi europ\u00e9enne sur l'IA : Une nouvelle [...]<\/p>","protected":false},"author":1,"featured_media":0,"parent":0,"menu_order":0,"comment_status":"closed","ping_status":"closed","template":"","meta":{"content-type":"","site-sidebar-layout":"default","site-content-layout":"","ast-site-content-layout":"default","site-content-style":"default","site-sidebar-style":"default","ast-global-header-display":"","ast-banner-title-visibility":"","ast-main-header-display":"","ast-hfb-above-header-display":"","ast-hfb-below-header-display":"","ast-hfb-mobile-header-display":"","site-post-title":"disabled","ast-breadcrumbs-content":"","ast-featured-img":"","footer-sml-layout":"","theme-transparent-header-meta":"","adv-header-id-meta":"","stick-header-meta":"","header-above-stick-meta":"","header-main-stick-meta":"","header-below-stick-meta":"","astra-migrate-meta-layouts":"set","ast-page-background-enabled":"default","ast-page-background-meta":{"desktop":{"background-color":"","background-image":"","background-repeat":"repeat","background-position":"center center","background-size":"auto","background-attachment":"scroll","background-type":"","background-media":"","overlay-type":"","overlay-color":"","overlay-opacity":"","overlay-gradient":""},"tablet":{"background-color":"","background-image":"","background-repeat":"repeat","background-position":"center center","background-size":"auto","background-attachment":"scroll","background-type":"","background-media":"","overlay-type":"","overlay-color":"","overlay-opacity":"","overlay-gradient":""},"mobile":{"background-color":"","background-image":"","background-repeat":"repeat","background-position":"center center","background-size":"auto","background-attachment":"scroll","background-type":"","background-media":"","overlay-type":"","overlay-color":"","overlay-opacity":"","overlay-gradient":""}},"ast-content-background-meta":{"desktop":{"background-color":"var(--ast-global-color-5)","background-image":"","background-repeat":"repeat","background-position":"center center","background-size":"auto","background-attachment":"scroll","background-type":"","background-media":"","overlay-type":"","overlay-color":"","overlay-opacity":"","overlay-gradient":""},"tablet":{"background-color":"var(--ast-global-color-5)","background-image":"","background-repeat":"repeat","background-position":"center center","background-size":"auto","background-attachment":"scroll","background-type":"","background-media":"","overlay-type":"","overlay-color":"","overlay-opacity":"","overlay-gradient":""},"mobile":{"background-color":"var(--ast-global-color-5)","background-image":"","background-repeat":"repeat","background-position":"center center","background-size":"auto","background-attachment":"scroll","background-type":"","background-media":"","overlay-type":"","overlay-color":"","overlay-opacity":"","overlay-gradient":""}},"footnotes":""},"class_list":["post-2047","page","type-page","status-publish","hentry"],"_links":{"self":[{"href":"https:\/\/hyper-lex.com\/fr\/wp-json\/wp\/v2\/pages\/2047"}],"collection":[{"href":"https:\/\/hyper-lex.com\/fr\/wp-json\/wp\/v2\/pages"}],"about":[{"href":"https:\/\/hyper-lex.com\/fr\/wp-json\/wp\/v2\/types\/page"}],"author":[{"embeddable":true,"href":"https:\/\/hyper-lex.com\/fr\/wp-json\/wp\/v2\/users\/1"}],"replies":[{"embeddable":true,"href":"https:\/\/hyper-lex.com\/fr\/wp-json\/wp\/v2\/comments?post=2047"}],"version-history":[{"count":1,"href":"https:\/\/hyper-lex.com\/fr\/wp-json\/wp\/v2\/pages\/2047\/revisions"}],"predecessor-version":[{"id":2050,"href":"https:\/\/hyper-lex.com\/fr\/wp-json\/wp\/v2\/pages\/2047\/revisions\/2050"}],"wp:attachment":[{"href":"https:\/\/hyper-lex.com\/fr\/wp-json\/wp\/v2\/media?parent=2047"}],"curies":[{"name":"wp","href":"https:\/\/api.w.org\/{rel}","templated":true}]}}