{"id":1999,"date":"2024-12-25T19:28:16","date_gmt":"2024-12-25T19:28:16","guid":{"rendered":"https:\/\/hyper-lex.com\/?page_id=1999"},"modified":"2024-12-25T19:39:53","modified_gmt":"2024-12-25T19:39:53","slug":"technologie-sectorielle","status":"publish","type":"page","link":"https:\/\/hyper-lex.com\/fr\/technologie-sectorielle\/","title":{"rendered":"Technologie"},"content":{"rendered":"<h2 class=\"wp-block-heading has-text-align-center has-white-color has-ast-global-color-0-background-color has-text-color has-background has-link-color wp-elements-57b2b3c3452e41d3d2331659ec30e08b\" id=\"Technology\" style=\"margin-top:0;margin-bottom:0;padding-top:var(--wp--preset--spacing--30);padding-right:var(--wp--preset--spacing--50);padding-bottom:var(--wp--preset--spacing--30);padding-left:var(--wp--preset--spacing--50);font-size:28px\"><strong>Technologie<\/strong><\/h2>\n\n\n\n<div class=\"wp-block-group is-content-justification-center is-layout-constrained wp-container-core-group-is-layout-13 wp-block-group-is-layout-constrained\" style=\"margin-top:0;margin-bottom:0\">\n<h3 class=\"wp-block-heading\"><strong>Pourquoi les entreprises technologiques ont besoin de nos services<\/strong><\/h3>\n\n\n\n<p style=\"padding-right:0;padding-left:0\" class=\"translation-block\">Les entreprises technologiques traitent de vastes quantit\u00e9s de donn\u00e9es personnelles, notamment l\u2019analyse des utilisateurs, la prise de d\u00e9cision automatis\u00e9e par l\u2019IA et le stockage dans le cloud. Avec des r\u00e9glementations strictes comme le GDPR et une sensibilisation croissante du public \u00e0 la protection de la vie priv\u00e9e, le non-respect de ces obligations peut entra\u00eener de lourdes amendes, des perturbations op\u00e9rationnelles et une perte de confiance des utilisateurs.<\/p>\n\n\n\n<p style=\"padding-right:0;padding-left:0\" class=\"translation-block\">Les technologies \u00e9mergentes telles que l\u2019intelligence artificielle (IA), l\u2019Internet des objets (IoT) et les plateformes SaaS introduisent \u00e9galement des risques accrus, obligeant les entreprises \u00e0 int\u00e9grer des mesures de protection des donn\u00e9es d\u00e8s le d\u00e9part et \u00e0 relever de mani\u00e8re proactive les d\u00e9fis r\u00e9glementaires.\n\nNaviguer dans ces complexit\u00e9s tout en restant concentr\u00e9 sur l\u2019innovation est un v\u00e9ritable d\u00e9fi\u2014c\u2019est l\u00e0 qu\u2019HyperLex intervient.L<\/p>\n\n\n\n<h3 class=\"wp-block-heading\"><strong>Comment nous aidons?<\/strong><\/h3>\n\n\n\n<div class=\"wp-block-columns is-layout-flex wp-container-core-columns-is-layout-1 wp-block-columns-is-layout-flex\" style=\"border-style:none;border-width:0px\">\n<div class=\"wp-block-column has-border-color has-white-border-color has-ast-global-color-4-color has-ast-global-color-3-background-color has-text-color has-background has-link-color wp-elements-6e6fbdf88285d6a0b20cce82593ed744 is-layout-constrained wp-container-core-column-is-layout-1 wp-block-column-is-layout-constrained\" style=\"border-width:6px;padding-bottom:1rem\">\n<div class=\"wp-block-group is-layout-constrained wp-container-core-group-is-layout-2 wp-block-group-is-layout-constrained\" style=\"border-style:none;border-width:0px\">\n<div class=\"wp-block-group is-vertical is-content-justification-center is-layout-flex wp-container-core-group-is-layout-1 wp-block-group-is-layout-flex\" style=\"padding-top:2.1rem;padding-bottom:2.1rem\">\n<figure class=\"wp-block-image size-full is-resized\"><img loading=\"lazy\" decoding=\"async\" width=\"80\" height=\"80\" src=\"https:\/\/hyper-lex.com\/wp-content\/uploads\/2024\/12\/5.png\" alt=\"\" class=\"wp-image-1919\" style=\"aspect-ratio:1.164179104477612;width:66px;height:auto\"\/><\/figure>\n\n\n\n<h3 class=\"wp-block-heading has-text-align-center has-text-color has-link-color has-poppins-font-family wp-elements-37fce2cf6a9487f0d69e5a9a87aaa501\" style=\"color:#ffffff;margin-top:1rem;font-size:1.7rem;font-style:normal;font-weight:600\">DPO externalis\u00e9<\/h3>\n\n\n\n<p class=\"has-text-align-center has-text-color has-link-color wp-elements-357cd3f725ab1b921b402ba2dfcccf39 translation-block\" style=\"color:#ffffff;font-size:0.9rem\">Nous agissons en tant que votre <strong>D\u00e9l\u00e9gu\u00e9 \u00e0 la Protection des Donn\u00e9es (DPO) externe<\/strong>, en assurant la supervision et en fournissant des conseils d'experts pour garantir la conformit\u00e9 au GDPR. Les entreprises technologiques traitant des donn\u00e9es utilisateurs \u00e0 grande \u00e9chelle, telles que les plateformes d'IA, les outils SaaS ou les solutions d'analyse, ont besoin d'un DPO pour r\u00e9duire les risques et int\u00e9grer la confidentialit\u00e9 dans leurs op\u00e9rations.<\/p>\n<\/div>\n<\/div>\n<\/div>\n\n\n\n<div class=\"wp-block-column has-border-color has-white-border-color has-ast-global-color-4-color has-ast-global-color-3-background-color has-text-color has-background has-link-color wp-elements-a794a12fe48f17627bdd83b9c1ed8982 is-layout-constrained wp-container-core-column-is-layout-2 wp-block-column-is-layout-constrained\" style=\"border-width:6px;padding-bottom:1rem\">\n<div class=\"wp-block-group is-layout-constrained wp-container-core-group-is-layout-4 wp-block-group-is-layout-constrained\" style=\"border-style:none;border-width:0px\">\n<div class=\"wp-block-group is-vertical is-content-justification-center is-layout-flex wp-container-core-group-is-layout-3 wp-block-group-is-layout-flex\" style=\"padding-top:2.1rem;padding-bottom:2.1rem\">\n<figure class=\"wp-block-image size-full is-resized\"><img loading=\"lazy\" decoding=\"async\" width=\"80\" height=\"80\" src=\"https:\/\/hyper-lex.com\/wp-content\/uploads\/2024\/12\/6-copy.png\" alt=\"\" class=\"wp-image-1920\" style=\"aspect-ratio:1.164179104477612;width:71px;height:auto\"\/><\/figure>\n\n\n\n<h3 class=\"wp-block-heading has-text-align-center has-text-color has-link-color has-poppins-font-family wp-elements-71cdbeb32d272e303069603a41d87933 translation-block\" style=\"color:#ffffff;margin-top:1rem;font-size:1.7rem;font-style:normal;font-weight:600\"><a href=\"#legal-as-a-service\" target=\"_self\">Repr\u00e9sentant \u00e0 la protection des donn\u00e9es<\/a><\/h3>\n\n\n\n<p class=\"has-text-align-center has-text-color has-link-color wp-elements-d38eecc9a67c434f00370f4d2773d854 translation-block\" style=\"color:#ffffff;font-size:0.9rem\">Nous identifions les \u00e9carts de conformit\u00e9 et \u00e9valuons les risques li\u00e9s \u00e0 vos activit\u00e9s de traitement des donn\u00e9es. Pour les entreprises technologiques traitant des donn\u00e9es utilisateurs, du suivi comportemental ou des syst\u00e8mes IoT, les audits garantissent la conformit\u00e9 au GDPR, pr\u00e9viennent les violations et prot\u00e8gent la confiance des utilisateurs.<\/p>\n<\/div>\n<\/div>\n<\/div>\n<\/div>\n\n\n\n<div class=\"wp-block-columns is-layout-flex wp-container-core-columns-is-layout-2 wp-block-columns-is-layout-flex\" style=\"border-style:none;border-width:0px\">\n<div class=\"wp-block-column has-border-color has-white-border-color has-ast-global-color-4-color has-ast-global-color-3-background-color has-text-color has-background has-link-color wp-elements-23e8101d04f920d7a1c7c63fc2961852 is-layout-constrained wp-container-core-column-is-layout-3 wp-block-column-is-layout-constrained\" style=\"border-width:6px;padding-bottom:1rem\">\n<div class=\"wp-block-group is-layout-constrained wp-container-core-group-is-layout-6 wp-block-group-is-layout-constrained\" style=\"border-style:none;border-width:0px\">\n<div class=\"wp-block-group is-vertical is-content-justification-center is-layout-flex wp-container-core-group-is-layout-5 wp-block-group-is-layout-flex\" style=\"padding-top:2.1rem;padding-bottom:2.1rem\">\n<figure class=\"wp-block-image size-full is-resized\"><img loading=\"lazy\" decoding=\"async\" width=\"80\" height=\"80\" src=\"https:\/\/hyper-lex.com\/wp-content\/uploads\/2024\/12\/2-copy-2.png\" alt=\"\" class=\"wp-image-1916\" style=\"aspect-ratio:1.164179104477612;width:66px;height:auto\"\/><\/figure>\n\n\n\n<h3 class=\"wp-block-heading has-text-align-center has-text-color has-link-color has-poppins-font-family wp-elements-05fd30a5642ef4cd5582baf11511405c\" style=\"color:#ffffff;margin-top:1rem;font-size:1.7rem;font-style:normal;font-weight:600\">Audits &amp; \u00c9valuations des risques<\/h3>\n\n\n\n<p class=\"has-text-align-center has-text-color has-link-color wp-elements-c5c09caea4f6f2a9ee08558c94b9e498\" style=\"color:#ffffff;font-size:0.9rem\">Nous identifions les \u00e9carts de conformit\u00e9 et \u00e9valuons les risques li\u00e9s \u00e0 vos activit\u00e9s de traitement des donn\u00e9es. Pour les entreprises technologiques traitant des donn\u00e9es utilisateurs, du suivi comportemental ou des syst\u00e8mes IoT, les audits garantissent la conformit\u00e9 au GDPR, pr\u00e9viennent les violations et prot\u00e8gent la confiance des utilisateurs.<\/p>\n<\/div>\n<\/div>\n<\/div>\n\n\n\n<div class=\"wp-block-column has-border-color has-white-border-color has-ast-global-color-4-color has-ast-global-color-3-background-color has-text-color has-background has-link-color wp-elements-20da9d2df6ad2ccd7f18129dbb5378f0 is-layout-constrained wp-container-core-column-is-layout-4 wp-block-column-is-layout-constrained\" style=\"border-width:6px;padding-bottom:1rem\">\n<div class=\"wp-block-group is-layout-constrained wp-container-core-group-is-layout-8 wp-block-group-is-layout-constrained\" style=\"border-style:none;border-width:0px\">\n<div class=\"wp-block-group is-vertical is-content-justification-center is-layout-flex wp-container-core-group-is-layout-7 wp-block-group-is-layout-flex\" style=\"padding-top:2.1rem;padding-bottom:2.1rem\">\n<figure class=\"wp-block-image size-full is-resized\"><img loading=\"lazy\" decoding=\"async\" width=\"80\" height=\"80\" src=\"https:\/\/hyper-lex.com\/wp-content\/uploads\/2024\/12\/1-copy-2.png\" alt=\"\" class=\"wp-image-1915\" style=\"aspect-ratio:1.164179104477612;width:71px;height:auto\"\/><\/figure>\n\n\n\n<h3 class=\"wp-block-heading has-text-align-center has-text-color has-link-color has-poppins-font-family wp-elements-73eca1c62530130f838783e84fa954bd\" style=\"color:#ffffff;margin-top:1rem;font-size:1.7rem;font-style:normal;font-weight:600\">Mise en \u0153uvre de la confidentialit\u00e9<\/h3>\n\n\n\n<p class=\"has-text-align-center has-text-color has-link-color wp-elements-454946e586664dcf0e452b4c97443c1b translation-block\" style=\"color:#ffffff;font-size:0.9rem\">Nous g\u00e9rons les demandes d'acc\u00e8s des personnes concern\u00e9es (DSAR) de mani\u00e8re efficace, en garantissant des r\u00e9ponses rapides, pr\u00e9cises et conformes au GDPR pour les demandes d'acc\u00e8s, de correction, de suppression ou de portabilit\u00e9 des donn\u00e9es personnelles. En vertu des <strong>articles 12 \u00e0 15 du GDPR<\/strong>, les organisations sont l\u00e9galement tenues de r\u00e9pondre aux demandes des individus concernant leurs donn\u00e9es personnelles dans un d\u00e9lai d'un mois.\n\nPour les entreprises technologiques traitant des donn\u00e9es utilisateurs \u00e0 grande \u00e9chelle, comme les services cloud ou les plateformes de commerce en ligne, nous simplifions la gestion des DSAR afin d\u2019\u00e9viter les sanctions et de maintenir la confiance des utilisateurs.<\/p>\n<\/div>\n<\/div>\n<\/div>\n<\/div>\n\n\n\n<div class=\"wp-block-columns is-layout-flex wp-container-core-columns-is-layout-3 wp-block-columns-is-layout-flex\" style=\"border-style:none;border-width:0px\">\n<div class=\"wp-block-column has-border-color has-white-border-color has-ast-global-color-4-color has-ast-global-color-3-background-color has-text-color has-background has-link-color wp-elements-5f8fe27501fd54f3aadd1f4ae4f4498e is-layout-constrained wp-container-core-column-is-layout-5 wp-block-column-is-layout-constrained\" style=\"border-width:6px;padding-bottom:1rem\">\n<div class=\"wp-block-group is-layout-constrained wp-container-core-group-is-layout-10 wp-block-group-is-layout-constrained\" style=\"border-style:none;border-width:0px\">\n<div class=\"wp-block-group is-vertical is-content-justification-center is-layout-flex wp-container-core-group-is-layout-9 wp-block-group-is-layout-flex\" style=\"padding-top:2.1rem;padding-bottom:2.1rem\">\n<figure class=\"wp-block-image size-full is-resized\"><img loading=\"lazy\" decoding=\"async\" width=\"80\" height=\"80\" src=\"https:\/\/hyper-lex.com\/wp-content\/uploads\/2024\/12\/3.png\" alt=\"\" class=\"wp-image-1917\" style=\"aspect-ratio:1.164179104477612;width:66px;height:auto\"\/><\/figure>\n\n\n\n<h3 class=\"wp-block-heading has-text-align-center has-text-color has-link-color has-poppins-font-family wp-elements-38ae1d989e2a9e75a82e91f54840582e translation-block\" style=\"color:#ffffff;margin-top:1rem;font-size:1.7rem;font-style:normal;font-weight:600\">Service de gestion des demandes d'acc\u00e8s des personnes concern\u00e9es (DSAR)<\/h3>\n\n\n\n<p class=\"has-text-align-center has-text-color has-link-color wp-elements-3e72b32f550e5d7c9e4f6f58efc473f5 translation-block\" style=\"color:#ffffff;font-size:0.9rem\">Nous g\u00e9rons les demandes d'acc\u00e8s des personnes concern\u00e9es (DSAR) de mani\u00e8re efficace, en garantissant des r\u00e9ponses rapides, pr\u00e9cises et conformes au GDPR. En vertu des <strong>articles 12 \u00e0 15 du GDPR<\/strong>, les organisations doivent r\u00e9pondre aux demandes d'acc\u00e8s aux donn\u00e9es personnelles dans un d\u00e9lai d'un mois.\n\nPour les entreprises du secteur financier, bancaire et des assurances traitant des donn\u00e9es sensibles telles que les relev\u00e9s de transactions ou les scores de cr\u00e9dit, la gestion des DSAR peut \u00eatre complexe. Notre service simplifie la conformit\u00e9, r\u00e9duit la charge administrative et renforce la confiance gr\u00e2ce \u00e0 des r\u00e9ponses s\u00e9curis\u00e9es et transparentes.<\/p>\n<\/div>\n<\/div>\n<\/div>\n\n\n\n<div class=\"wp-block-column has-border-color has-white-border-color has-ast-global-color-4-color has-ast-global-color-3-background-color has-text-color has-background has-link-color wp-elements-f75d16c425e6b7030c69b3b374e80792 is-layout-constrained wp-container-core-column-is-layout-6 wp-block-column-is-layout-constrained\" style=\"border-width:6px;padding-bottom:1rem\">\n<div class=\"wp-block-group is-layout-constrained wp-container-core-group-is-layout-12 wp-block-group-is-layout-constrained\" style=\"border-style:none;border-width:0px\">\n<div class=\"wp-block-group is-vertical is-content-justification-center is-layout-flex wp-container-core-group-is-layout-11 wp-block-group-is-layout-flex\" style=\"padding-top:2.1rem;padding-bottom:2.1rem\">\n<figure class=\"wp-block-image size-full is-resized\"><img loading=\"lazy\" decoding=\"async\" width=\"60\" height=\"60\" src=\"https:\/\/hyper-lex.com\/wp-content\/uploads\/2024\/08\/audit.png\" alt=\"\" class=\"wp-image-1367\" style=\"aspect-ratio:1.164179104477612;width:71px;height:auto\"\/><\/figure>\n\n\n\n<h3 class=\"wp-block-heading has-text-align-center has-text-color has-link-color has-poppins-font-family wp-elements-4554152040f2bb5396df834d5412c42c\" style=\"color:#ffffff;margin-top:1rem;font-size:1.7rem;font-style:normal;font-weight:600\"><strong>Analyses d'impact sur la protection des donn\u00e9es (DPIAs)<\/strong><\/h3>\n\n\n\n<p class=\"has-text-align-center has-text-color has-link-color wp-elements-016f12049a2e4089e50ac4136972b8e9 translation-block\" style=\"color:#ffffff;font-size:0.9rem\">Nous r\u00e9alisons des <strong>Analyses d'Impact sur la Protection des Donn\u00e9es (DPIAs)<\/strong> pour identifier et att\u00e9nuer les risques li\u00e9s aux activit\u00e9s de traitement \u00e0 haut risque. Les entreprises technologiques utilisant l'IA, la prise de d\u00e9cision automatis\u00e9e ou le suivi \u00e0 grande \u00e9chelle ont besoin d'DPIAs pour garantir une innovation responsable et la conformit\u00e9 au GDPR.<\/p>\n<\/div>\n<\/div>\n<\/div>\n<\/div>\n\n\n\n<h3 class=\"wp-block-heading\" style=\"margin-right:0;margin-left:0;padding-top:var(--wp--preset--spacing--60);padding-right:0;padding-bottom:var(--wp--preset--spacing--60);padding-left:0\"><strong>Les avantages de nos services<\/strong><\/h3>\n\n\n\n<ul style=\"margin-top:0;margin-right:0;margin-bottom:0;margin-left:0;padding-top:0;padding-right:var(--wp--preset--spacing--50);padding-bottom:0;padding-left:var(--wp--preset--spacing--50)\" class=\"wp-block-list\">\n<li class=\"translation-block\"><strong>Conformit\u00e9 r\u00e9glementaire<\/strong><br>\nRestez conforme au GDPR et aux lois mondiales sur la confidentialit\u00e9 en constante \u00e9volution, en r\u00e9duisant le risque de sanctions et de contr\u00f4les r\u00e9glementaires.<\/li>\n\n\n\n<li class=\"translation-block\"><strong>R\u00e9duction des risques<\/strong><br>Identifiez et g\u00e9rez de mani\u00e8re proactive les risques li\u00e9s \u00e0 la confidentialit\u00e9 dans des technologies telles que l'IA, les plateformes cloud ou les solutions IoT avant qu'ils ne s'aggravent.<\/li>\n\n\n\n<li class=\"translation-block\"><strong>Efficacit\u00e9 op\u00e9rationnelle<\/strong><br>\nConfiez \u00e0 nos experts les t\u00e2ches li\u00e9es \u00e0 la confidentialit\u00e9, comme les audits, les DSAR et la gestion des risques, afin que votre \u00e9quipe puisse se concentrer sur le d\u00e9veloppement de produits et l'innovation.<\/li>\n\n\n\n<li><strong>Confiance des utilisateurs et transparence<\/strong><br>Faites preuve de responsabilit\u00e9 et de transparence, et renforcez la confiance des utilisateurs dans vos pratiques en mati\u00e8re de protection des donn\u00e9es.<\/li>\n\n\n\n<li class=\"translation-block\"><strong>P\u00e9rennisation de votre entreprise<\/strong><br>Int\u00e9grez la confidentialit\u00e9 dans vos syst\u00e8mes d\u00e8s le d\u00e9part pour garantir une conformit\u00e9 durable \u00e0 mesure que les technologies \u00e9voluent et que les r\u00e9glementations se renforcent.<\/li>\n<\/ul>\n<\/div>\n\n\n\n<section class=\"wp-block-group alignfull has-ast-global-color-4-color has-ast-global-color-0-background-color has-text-color has-background is-layout-constrained wp-container-core-group-is-layout-15 wp-block-group-is-layout-constrained\" style=\"border-style:none;border-width:0px;margin-top:0px;padding-top:5.2rem;padding-bottom:5.2rem;font-size:1.13rem;font-style:normal;font-weight:400;line-height:1.4\">\n<div class=\"wp-block-group is-layout-constrained wp-block-group-is-layout-constrained\" style=\"padding-bottom:2rem\">\n<h2 class=\"wp-block-heading has-text-align-center has-text-color has-link-color has-poppins-font-family wp-elements-38b58909dfecce535392e44c4b09f676\" style=\"color:#ffffff;font-size:2.5rem;font-style:normal;font-weight:500;letter-spacing:0px;text-transform:uppercase\">NOTRE PROMESSE ENVERS VOUS<\/h2>\n<\/div>\n\n\n\n<div class=\"wp-block-columns has-ast-global-color-4-color has-text-color has-link-color wp-elements-022209ec58ec7f9d108ba8a0c9afa458 is-layout-flex wp-container-core-columns-is-layout-4 wp-block-columns-is-layout-flex\">\n<div class=\"wp-block-column has-ast-global-color-4-color has-text-color has-link-color wp-elements-73024212fbbe13aba3f0088b15182405 is-layout-flow wp-container-core-column-is-layout-7 wp-block-column-is-layout-flow\" style=\"border-right-style:none;border-right-width:0px;padding-top:10px;padding-right:40px;padding-bottom:10px;padding-left:40px\">\n<figure class=\"wp-block-image aligncenter size-full\"><img loading=\"lazy\" decoding=\"async\" width=\"80\" height=\"80\" src=\"https:\/\/hyper-lex.com\/wp-content\/uploads\/2024\/10\/cost.png\" alt=\"\" class=\"wp-image-1642\"\/><\/figure>\n\n\n\n<h3 class=\"wp-block-heading has-text-align-center has-ast-global-color-4-color has-text-color has-poppins-font-family\" style=\"margin-top:1.8rem;font-size:1.5rem;font-style:normal;font-weight:700\">Tarif fixe<\/h3>\n\n\n\n<p class=\"has-text-align-center has-white-color has-text-color has-poppins-font-family\" style=\"font-size:0.9rem;font-style:normal;font-weight:500\">Frais horaires ? Non, merci. Factures surprises ? Jamais. Un tarif simple qui respecte votre budget et fait sourire votre comptable.<\/p>\n<\/div>\n\n\n\n<div class=\"wp-block-column has-white-color has-text-color has-link-color wp-elements-b3ee95e77b4a7c66ba9260fa4e7b0a14 is-layout-flow wp-container-core-column-is-layout-8 wp-block-column-is-layout-flow\" style=\"border-right-style:none;border-right-width:0px;padding-top:10px;padding-right:40px;padding-bottom:10px;padding-left:40px\">\n<figure class=\"wp-block-image aligncenter size-full\"><img loading=\"lazy\" decoding=\"async\" width=\"80\" height=\"80\" src=\"https:\/\/hyper-lex.com\/wp-content\/uploads\/2024\/10\/flexible.png\" alt=\"\" class=\"wp-image-1643\"\/><\/figure>\n\n\n\n<h3 class=\"wp-block-heading has-text-align-center has-white-color has-text-color has-poppins-font-family\" style=\"margin-top:1.8rem;font-size:1.5rem;font-style:normal;font-weight:700\">Soutien flexible<\/h3>\n\n\n\n<p class=\"has-text-align-center has-white-color has-text-color has-poppins-font-family\" style=\"font-size:0.9rem;font-style:normal;font-weight:500\">Besoin d\u2019aide une fois par semaine ou une fois par mois ? Nous sommes l\u00e0 quand vous avez besoin de nous. PS : nous ne nous imposerons pas plus que n\u00e9cessaire.<\/p>\n<\/div>\n\n\n\n<div class=\"wp-block-column is-layout-flow wp-container-core-column-is-layout-9 wp-block-column-is-layout-flow\" style=\"padding-top:10px;padding-right:40px;padding-bottom:10px;padding-left:40px\">\n<figure class=\"wp-block-image aligncenter size-full\"><img loading=\"lazy\" decoding=\"async\" width=\"80\" height=\"80\" src=\"https:\/\/hyper-lex.com\/wp-content\/uploads\/2024\/10\/peace.png\" alt=\"\" class=\"wp-image-1644\"\/><\/figure>\n\n\n\n<h3 class=\"wp-block-heading has-text-align-center has-white-color has-text-color has-poppins-font-family\" style=\"margin-top:1.8px;font-size:1.5rem;font-style:normal;font-weight:700\">S\u00e9r\u00e9nit\u00e9 juridique<\/h3>\n\n\n\n<p class=\"has-text-align-center has-white-color has-text-color has-poppins-font-family\" style=\"font-size:0.9rem;font-style:normal;font-weight:500\">Jargon juridique ? Nous le traduisons en langage clair. Conformit\u00e9 ? Consid\u00e9rez-la r\u00e9gl\u00e9e. Vous concentrez sur la croissance de votre entreprise ; nous nous occupons des d\u00e9tails.<\/p>\n<\/div>\n<\/div>\n<\/section>","protected":false},"excerpt":{"rendered":"<p>Technologie Pourquoi les entreprises technologiques ont besoin de nos services Les entreprises technologiques traitent de grandes quantit\u00e9s de donn\u00e9es personnelles, y compris l'analyse des utilisateurs, la prise de d\u00e9cision bas\u00e9e sur l'IA et le stockage dans le cloud. Avec des r\u00e9glementations strictes comme le GDPR et une sensibilisation croissante du public \u00e0 la protection de la vie priv\u00e9e, la non-conformit\u00e9 peut entra\u00eener de lourdes amendes, des perturbations op\u00e9rationnelles et une perte de confiance de la part des utilisateurs. Les technologies \u00e9mergentes telles que l'IA, l'IoT et les plateformes SaaS [...]<\/p>","protected":false},"author":1,"featured_media":0,"parent":0,"menu_order":0,"comment_status":"closed","ping_status":"closed","template":"","meta":{"content-type":"","site-sidebar-layout":"default","site-content-layout":"","ast-site-content-layout":"default","site-content-style":"default","site-sidebar-style":"default","ast-global-header-display":"","ast-banner-title-visibility":"","ast-main-header-display":"","ast-hfb-above-header-display":"","ast-hfb-below-header-display":"","ast-hfb-mobile-header-display":"","site-post-title":"disabled","ast-breadcrumbs-content":"","ast-featured-img":"","footer-sml-layout":"","ast-disable-related-posts":"","theme-transparent-header-meta":"","adv-header-id-meta":"","stick-header-meta":"","header-above-stick-meta":"","header-main-stick-meta":"","header-below-stick-meta":"","astra-migrate-meta-layouts":"set","ast-page-background-enabled":"default","ast-page-background-meta":{"desktop":{"background-color":"","background-image":"","background-repeat":"repeat","background-position":"center center","background-size":"auto","background-attachment":"scroll","background-type":"","background-media":"","overlay-type":"","overlay-color":"","overlay-opacity":"","overlay-gradient":""},"tablet":{"background-color":"","background-image":"","background-repeat":"repeat","background-position":"center center","background-size":"auto","background-attachment":"scroll","background-type":"","background-media":"","overlay-type":"","overlay-color":"","overlay-opacity":"","overlay-gradient":""},"mobile":{"background-color":"","background-image":"","background-repeat":"repeat","background-position":"center center","background-size":"auto","background-attachment":"scroll","background-type":"","background-media":"","overlay-type":"","overlay-color":"","overlay-opacity":"","overlay-gradient":""}},"ast-content-background-meta":{"desktop":{"background-color":"var(--ast-global-color-4)","background-image":"","background-repeat":"repeat","background-position":"center center","background-size":"auto","background-attachment":"scroll","background-type":"","background-media":"","overlay-type":"","overlay-color":"","overlay-opacity":"","overlay-gradient":""},"tablet":{"background-color":"var(--ast-global-color-4)","background-image":"","background-repeat":"repeat","background-position":"center center","background-size":"auto","background-attachment":"scroll","background-type":"","background-media":"","overlay-type":"","overlay-color":"","overlay-opacity":"","overlay-gradient":""},"mobile":{"background-color":"var(--ast-global-color-4)","background-image":"","background-repeat":"repeat","background-position":"center center","background-size":"auto","background-attachment":"scroll","background-type":"","background-media":"","overlay-type":"","overlay-color":"","overlay-opacity":"","overlay-gradient":""}},"footnotes":""},"class_list":["post-1999","page","type-page","status-publish","hentry"],"_links":{"self":[{"href":"https:\/\/hyper-lex.com\/fr\/wp-json\/wp\/v2\/pages\/1999"}],"collection":[{"href":"https:\/\/hyper-lex.com\/fr\/wp-json\/wp\/v2\/pages"}],"about":[{"href":"https:\/\/hyper-lex.com\/fr\/wp-json\/wp\/v2\/types\/page"}],"author":[{"embeddable":true,"href":"https:\/\/hyper-lex.com\/fr\/wp-json\/wp\/v2\/users\/1"}],"replies":[{"embeddable":true,"href":"https:\/\/hyper-lex.com\/fr\/wp-json\/wp\/v2\/comments?post=1999"}],"version-history":[{"count":3,"href":"https:\/\/hyper-lex.com\/fr\/wp-json\/wp\/v2\/pages\/1999\/revisions"}],"predecessor-version":[{"id":2020,"href":"https:\/\/hyper-lex.com\/fr\/wp-json\/wp\/v2\/pages\/1999\/revisions\/2020"}],"wp:attachment":[{"href":"https:\/\/hyper-lex.com\/fr\/wp-json\/wp\/v2\/media?parent=1999"}],"curies":[{"name":"wp","href":"https:\/\/api.w.org\/{rel}","templated":true}]}}