{"id":1813,"date":"2024-12-09T11:47:22","date_gmt":"2024-12-09T11:47:22","guid":{"rendered":"https:\/\/hyper-lex.com\/?page_id=1813"},"modified":"2024-12-24T12:31:08","modified_gmt":"2024-12-24T12:31:08","slug":"1813-2","status":"publish","type":"page","link":"https:\/\/hyper-lex.com\/fr\/1813-2\/","title":{"rendered":"Repr\u00e9sentant de la protection des donn\u00e9es (DPR)"},"content":{"rendered":"<h2 class=\"wp-block-heading has-text-align-center has-white-color has-ast-global-color-0-background-color has-text-color has-background has-link-color wp-elements-4b2adb586060541645a4811263801901\" id=\"DPO-service\" style=\"padding-top:var(--wp--preset--spacing--30);padding-right:0;padding-bottom:var(--wp--preset--spacing--30);padding-left:0;font-size:28px\">Repr\u00e9sentant de la protection des donn\u00e9es (DPR)<\/h2>\n\n\n\n<div class=\"wp-block-group is-content-justification-center is-layout-constrained wp-container-core-group-is-layout-2 wp-block-group-is-layout-constrained\" style=\"margin-top:0;margin-bottom:0\">\n<h3 class=\"wp-block-heading\" style=\"padding-top:var(--wp--preset--spacing--40);padding-bottom:var(--wp--preset--spacing--40)\"><strong>Restez conforme. Restez connect\u00e9.<\/strong><\/h3>\n\n\n\n<p class=\"has-text-align-left has-text-color has-poppins-font-family translation-block\" style=\"color:#03081e;margin-top:0rem;padding-top:0;padding-right:0;padding-bottom:0;padding-left:0;font-size:1.01rem;font-style:normal;font-weight:400;line-height:1.6\">En vertu du <strong>GDPR<\/strong> et du futur AI Act, les entreprises situ\u00e9es en dehors de l'UE et du Royaume-Uni doivent d\u00e9signer un repr\u00e9sentant dans ces r\u00e9gions si elles traitent des donn\u00e9es ou d\u00e9ploient des syst\u00e8mes d'IA visant les r\u00e9sidents de l'UE ou du Royaume-Uni. Ce n'est pas qu'une formalit\u00e9 : il s'agit d'une exigence l\u00e9gale qui garantit la transparence, la responsabilit\u00e9 et la conformit\u00e9 aux r\u00e9glementations locales.<\/p>\n\n\n\n<h3 class=\"wp-block-heading\" style=\"margin-top:0;margin-bottom:0;padding-top:0;padding-bottom:0\"><strong>Pourquoi est-ce important ? <\/strong><\/h3>\n\n\n\n<div class=\"wp-block-group is-layout-constrained wp-block-group-is-layout-constrained\">\n<ul style=\"padding-right:var(--wp--preset--spacing--50);padding-left:var(--wp--preset--spacing--50)\" class=\"wp-block-list\">\n<li><strong>Obligation l\u00e9gale :<\/strong>&nbsp;Le non-respect de l'obligation de d\u00e9signer un repr\u00e9sentant dans l'UE ou au Royaume-Uni peut entra\u00eener des amendes et sanctions importantes en vertu du GDPR ou de l'AI Act.<\/li>\n\n\n\n<li><strong>Pr\u00e9sence locale :<\/strong>&nbsp;Les autorit\u00e9s de r\u00e9gulation exigent un point de contact d\u00e9sign\u00e9 dans l'UE ou au Royaume-Uni pour r\u00e9pondre aux demandes, audits et requ\u00eates des personnes concern\u00e9es.<\/li>\n\n\n\n<li><strong>Gestion des risques :<\/strong>&nbsp;Avoir un repr\u00e9sentant garantit que vous respectez vos obligations, r\u00e9duisant ainsi les risques de non-conformit\u00e9 et prot\u00e9geant votre r\u00e9putation.<\/li>\n\n\n\n<li><strong>Confiance des clients :<\/strong>&nbsp;Montrer votre conformit\u00e9 renforce la confiance des clients, partenaires et parties prenantes sur ces march\u00e9s cl\u00e9s.<\/li>\n<\/ul>\n\n\n\n<h3 class=\"wp-block-heading\"><strong>Comment HyperLex vous aide<\/strong><\/h3>\n<\/div>\n\n\n\n<p class=\"has-text-align-left has-text-color has-poppins-font-family\" style=\"color:#03081e;margin-top:0rem;padding-top:var(--wp--preset--spacing--30);padding-right:0;padding-bottom:var(--wp--preset--spacing--30);padding-left:0;font-size:1.01rem;font-style:normal;font-weight:400;line-height:1.6\">Au&nbsp;<strong>HyperLex<\/strong>Nous agissons en tant que votre&nbsp;<strong>Repr\u00e9sentant de l'UE et du Royaume-Uni<\/strong>Il s'occupe de toutes les responsabilit\u00e9s n\u00e9cessaires, y compris<\/p>\n\n\n\n<ul style=\"padding-right:var(--wp--preset--spacing--50);padding-left:var(--wp--preset--spacing--50)\" class=\"wp-block-list\">\n<li class=\"translation-block\">Servir <strong>de point de contact<\/strong> pour les autorit\u00e9s de r\u00e9gulation et les personnes concern\u00e9es dans l'UE et au Royaume-Uni.<\/li>\n\n\n\n<li class=\"translation-block\">G\u00e9rer les demandes relatives \u00e0 la <strong>protection des donn\u00e9es<\/strong> et \u00e0 la <strong>gouvernance de l'IA.<\/strong><\/li>\n\n\n\n<li class=\"translation-block\">Maintenir et rendre accessible la documentation de conformit\u00e9.<\/li>\n<\/ul>\n\n\n\n<p class=\"has-ast-global-color-2-color has-text-color translation-block\" style=\"color:#03081e;margin-top:0rem;padding-top:var(--wp--preset--spacing--40);padding-right:0;padding-bottom:var(--wp--preset--spacing--40);padding-left:0;font-size:1.01rem;font-style:normal;font-weight:400;line-height:1.6\">En collaborant avec HyperLex, vous remplissez ces exigences essentielles sans effort, garantissant que votre entreprise reste conforme et digne de confiance sur les march\u00e9s de l'UE et du Royaume-Uni.<\/p>\n\n\n\n<p class=\"has-text-align-left has-text-color has-poppins-font-family\" style=\"color:#03081e;margin-top:0rem;padding-top:var(--wp--preset--spacing--30);padding-right:0;padding-bottom:var(--wp--preset--spacing--30);padding-left:0;font-size:1.01rem;font-style:normal;font-weight:400;line-height:1.6\"><strong>Restez conforme. Restez en avance. Laissez HyperLex \u00eatre votre repr\u00e9sentant dans l'UE.<\/strong><\/p>\n<\/div>\n\n\n\n<div class=\"wp-block-buttons is-content-justification-left is-layout-flex wp-container-core-buttons-is-layout-1 wp-block-buttons-is-layout-flex\" style=\"margin-top:var(--wp--preset--spacing--30);margin-bottom:var(--wp--preset--spacing--30)\">\n<div class=\"wp-block-button is-style-fill\"><a class=\"wp-block-button__link has-white-color has-ast-global-color-0-background-color has-text-color has-background has-link-color has-text-align-center wp-element-button\" href=\"https:\/\/hyper-lex.com\/fr\/service1-dpo\/\" style=\"padding-top:var(--wp--preset--spacing--30);padding-right:var(--wp--preset--spacing--40);padding-bottom:var(--wp--preset--spacing--30);padding-left:var(--wp--preset--spacing--40)\">Service pr\u00e9c\u00e9dent : DPO-AS-A-SERVICE<\/a><\/div>\n\n\n\n<div class=\"wp-block-button is-style-fill\"><a class=\"wp-block-button__link has-white-color has-ast-global-color-0-background-color has-text-color has-background has-link-color has-text-align-center wp-element-button\" href=\"https:\/\/hyper-lex.com\/fr\/services-dappui-dpo\/\" style=\"padding-top:var(--wp--preset--spacing--30);padding-right:var(--wp--preset--spacing--40);padding-bottom:var(--wp--preset--spacing--30);padding-left:var(--wp--preset--spacing--40)\">Service suivant : Service d'appui aux DPD<\/a><\/div>\n<\/div>\n\n\n\n<div style=\"height:100px\" aria-hidden=\"true\" class=\"wp-block-spacer\"><\/div>\n\n\n\n<p><\/p>","protected":false},"excerpt":{"rendered":"<p>Data Protection Representative (DPR) Stay Compliant. Stay Connected. Under the&nbsp;GDPR&nbsp;and the emerging&nbsp;AI Act, businesses outside the EU and UK must appoint a representative within these regions if they process data or deploy AI systems targeting EU or UK residents. This is not just a formality\u2014it\u2019s a&nbsp;legal requirement&nbsp;that helps ensure transparency, accountability, and compliance with local [&hellip;]<\/p>","protected":false},"author":1,"featured_media":0,"parent":0,"menu_order":0,"comment_status":"closed","ping_status":"closed","template":"","meta":{"content-type":"","site-sidebar-layout":"default","site-content-layout":"","ast-site-content-layout":"default","site-content-style":"default","site-sidebar-style":"default","ast-global-header-display":"","ast-banner-title-visibility":"","ast-main-header-display":"","ast-hfb-above-header-display":"","ast-hfb-below-header-display":"","ast-hfb-mobile-header-display":"","site-post-title":"disabled","ast-breadcrumbs-content":"","ast-featured-img":"","footer-sml-layout":"","theme-transparent-header-meta":"","adv-header-id-meta":"","stick-header-meta":"","header-above-stick-meta":"","header-main-stick-meta":"","header-below-stick-meta":"","astra-migrate-meta-layouts":"set","ast-page-background-enabled":"default","ast-page-background-meta":{"desktop":{"background-color":"","background-image":"","background-repeat":"repeat","background-position":"center center","background-size":"auto","background-attachment":"scroll","background-type":"","background-media":"","overlay-type":"","overlay-color":"","overlay-opacity":"","overlay-gradient":""},"tablet":{"background-color":"","background-image":"","background-repeat":"repeat","background-position":"center center","background-size":"auto","background-attachment":"scroll","background-type":"","background-media":"","overlay-type":"","overlay-color":"","overlay-opacity":"","overlay-gradient":""},"mobile":{"background-color":"","background-image":"","background-repeat":"repeat","background-position":"center center","background-size":"auto","background-attachment":"scroll","background-type":"","background-media":"","overlay-type":"","overlay-color":"","overlay-opacity":"","overlay-gradient":""}},"ast-content-background-meta":{"desktop":{"background-color":"var(--ast-global-color-5)","background-image":"","background-repeat":"repeat","background-position":"center center","background-size":"auto","background-attachment":"scroll","background-type":"","background-media":"","overlay-type":"","overlay-color":"","overlay-opacity":"","overlay-gradient":""},"tablet":{"background-color":"var(--ast-global-color-5)","background-image":"","background-repeat":"repeat","background-position":"center center","background-size":"auto","background-attachment":"scroll","background-type":"","background-media":"","overlay-type":"","overlay-color":"","overlay-opacity":"","overlay-gradient":""},"mobile":{"background-color":"var(--ast-global-color-5)","background-image":"","background-repeat":"repeat","background-position":"center center","background-size":"auto","background-attachment":"scroll","background-type":"","background-media":"","overlay-type":"","overlay-color":"","overlay-opacity":"","overlay-gradient":""}},"footnotes":""},"class_list":["post-1813","page","type-page","status-publish","hentry"],"_links":{"self":[{"href":"https:\/\/hyper-lex.com\/fr\/wp-json\/wp\/v2\/pages\/1813"}],"collection":[{"href":"https:\/\/hyper-lex.com\/fr\/wp-json\/wp\/v2\/pages"}],"about":[{"href":"https:\/\/hyper-lex.com\/fr\/wp-json\/wp\/v2\/types\/page"}],"author":[{"embeddable":true,"href":"https:\/\/hyper-lex.com\/fr\/wp-json\/wp\/v2\/users\/1"}],"replies":[{"embeddable":true,"href":"https:\/\/hyper-lex.com\/fr\/wp-json\/wp\/v2\/comments?post=1813"}],"version-history":[{"count":18,"href":"https:\/\/hyper-lex.com\/fr\/wp-json\/wp\/v2\/pages\/1813\/revisions"}],"predecessor-version":[{"id":1932,"href":"https:\/\/hyper-lex.com\/fr\/wp-json\/wp\/v2\/pages\/1813\/revisions\/1932"}],"wp:attachment":[{"href":"https:\/\/hyper-lex.com\/fr\/wp-json\/wp\/v2\/media?parent=1813"}],"curies":[{"name":"wp","href":"https:\/\/api.w.org\/{rel}","templated":true}]}}