{"id":1756,"date":"2024-12-08T15:48:33","date_gmt":"2024-12-08T15:48:33","guid":{"rendered":"https:\/\/hyper-lex.com\/?page_id=1756"},"modified":"2024-12-09T10:07:46","modified_gmt":"2024-12-09T10:07:46","slug":"joignez-vous-a-nous","status":"publish","type":"page","link":"https:\/\/hyper-lex.com\/fr\/joignez-vous-a-nous\/","title":{"rendered":"Rejoignez-nous"},"content":{"rendered":"<div class=\"wp-block-cover alignfull\" style=\"margin-top:0;margin-bottom:0;padding-top:4%;min-height:283px;aspect-ratio:unset;\"><span aria-hidden=\"true\" class=\"wp-block-cover__background has-ast-global-color-2-background-color has-background-dim-70 has-background-dim\"><\/span><img loading=\"lazy\" decoding=\"async\" width=\"1300\" height=\"908\" class=\"wp-block-cover__image-background wp-image-1317\" alt=\"\" src=\"https:\/\/hyper-lex.com\/wp-content\/uploads\/2024\/08\/1.png\" data-object-fit=\"cover\" srcset=\"https:\/\/hyper-lex.com\/wp-content\/uploads\/2024\/08\/1.png 1300w, https:\/\/hyper-lex.com\/wp-content\/uploads\/2024\/08\/1-300x210.png 300w, https:\/\/hyper-lex.com\/wp-content\/uploads\/2024\/08\/1-1024x715.png 1024w, https:\/\/hyper-lex.com\/wp-content\/uploads\/2024\/08\/1-768x536.png 768w\" sizes=\"(max-width: 1300px) 100vw, 1300px\" \/><div class=\"wp-block-cover__inner-container is-layout-constrained wp-container-core-cover-is-layout-1 wp-block-cover-is-layout-constrained\">\n<h2 class=\"wp-block-heading alignwide has-text-align-center has-text-color has-poppins-font-family\" style=\"color:#ffffff;margin-top:1.5rem;margin-bottom:1.01rem;font-size:4rem;font-style:normal;font-weight:400;line-height:1;text-transform:capitalize\">Votre carri\u00e8re commence ici.<\/h2>\n<\/div><\/div>\n\n\n\n<div class=\"wp-block-group is-content-justification-center is-layout-constrained wp-container-core-group-is-layout-1 wp-block-group-is-layout-constrained\" style=\"margin-top:0;margin-bottom:0\">\n<p class=\"has-text-align-left has-text-color has-poppins-font-family translation-block\" style=\"color:#03081e;margin-top:0rem;padding-top:0;padding-right:var(--wp--preset--spacing--40);padding-bottom:0;padding-left:var(--wp--preset--spacing--40);font-size:1.01rem;font-style:normal;font-weight:400;line-height:1.6\">Chez <strong>HyperLex<\/strong>, nous red\u00e9finissons la confidentialit\u00e9 des donn\u00e9es et la conformit\u00e9 pour les entreprises du monde entier. Nous simplifions la navigation dans des r\u00e9glementations comme le <strong>GDPR<\/strong> et la gouvernance de l'IA, en les rendant simples, fluides et accessibles.<\/p>\n\n\n\n<p class=\"has-text-align-left has-text-color has-poppins-font-family\" style=\"color:#03081e;margin-top:0rem;padding-top:0;padding-right:var(--wp--preset--spacing--40);padding-bottom:0;padding-left:var(--wp--preset--spacing--40);font-size:1.01rem;font-style:normal;font-weight:400;line-height:1.6\">Nous recherchons des <strong>passionn\u00e9s, des innovateurs et des esprits curieux<\/strong> pr\u00eats \u00e0 aider les entreprises \u00e0 prot\u00e9ger ce qui compte le plus. Si vous \u00eates pr\u00eat \u00e0 avoir un impact dans un environnement dynamique et collaboratif, <strong>nous serions ravis de vous rencontrer.<\/strong><\/p>\n<\/div>\n\n\n\n<h2 class=\"wp-block-heading has-text-align-center has-white-color has-ast-global-color-0-background-color has-text-color has-background has-link-color wp-elements-c48a13e36dd1e92b9155bc77233eec03\" id=\"Data-Breach-Response\" style=\"padding-top:var(--wp--preset--spacing--30);padding-right:var(--wp--preset--spacing--50);padding-bottom:var(--wp--preset--spacing--30);padding-left:var(--wp--preset--spacing--50);font-size:28px\"><strong>Pourquoi rejoindre HyperLex ?<\/strong><\/h2>\n\n\n\n<div class=\"wp-block-group is-content-justification-center is-layout-constrained wp-container-core-group-is-layout-2 wp-block-group-is-layout-constrained\" style=\"margin-top:0;margin-bottom:0\">\n<p class=\"has-text-align-left has-text-color has-poppins-font-family translation-block\" style=\"color:#03081e;margin-top:0rem;padding-top:0;padding-right:var(--wp--preset--spacing--40);padding-bottom:0;padding-left:var(--wp--preset--spacing--40);font-size:1.01rem;font-style:normal;font-weight:400;line-height:1.6\"><strong>\u00c9voluez avec nous :<\/strong> Nous nous engageons pour votre d\u00e9veloppement professionnel en vous offrant des opportunit\u00e9s d'apprendre, d'innover et de faire progresser votre carri\u00e8re.<\/p>\n\n\n\n<p class=\"has-text-align-left has-text-color has-poppins-font-family translation-block\" style=\"color:#03081e;margin-top:0rem;padding-top:0;padding-right:var(--wp--preset--spacing--40);padding-bottom:0;padding-left:var(--wp--preset--spacing--40);font-size:1.01rem;font-style:normal;font-weight:400;line-height:1.6\"><strong>Travaillez en toute flexibilit\u00e9 :<\/strong> Profitez d'un environnement dynamique et bienveillant avec des options de travail hybride ou \u00e0 distance adapt\u00e9es \u00e0 votre mode de vie.<\/p>\n\n\n\n<p class=\"has-text-align-left has-text-color has-poppins-font-family translation-block\" style=\"color:#03081e;margin-top:0rem;padding-top:0;padding-right:var(--wp--preset--spacing--40);padding-bottom:0;padding-left:var(--wp--preset--spacing--40);font-size:1.01rem;font-style:normal;font-weight:400;line-height:1.6\"><strong>Collaborez et innovez :<\/strong> Rejoignez une \u00e9quipe qui valorise les id\u00e9es nouvelles, la communication ouverte et la r\u00e9solution cr\u00e9ative des probl\u00e8mes.<\/p>\n\n\n\n<p class=\"has-text-align-left has-text-color has-poppins-font-family translation-block\" style=\"color:#03081e;margin-top:0rem;padding-top:0;padding-right:var(--wp--preset--spacing--40);padding-bottom:0;padding-left:var(--wp--preset--spacing--40);font-size:1.01rem;font-style:normal;font-weight:400;line-height:1.6\"><strong>Ayez un impact :<\/strong> Aidez les entreprises \u00e0 atteindre l'excellence en mati\u00e8re de conformit\u00e9 et de protection des donn\u00e9es, sans la complexit\u00e9 qui l'accompagne.<\/p>\n\n\n\n<p class=\"has-text-align-left has-text-color has-poppins-font-family\" style=\"color:#03081e;margin-top:0rem;padding-top:0;padding-right:var(--wp--preset--spacing--40);padding-bottom:0;padding-left:var(--wp--preset--spacing--40);font-size:1.01rem;font-style:normal;font-weight:400;line-height:1.6\"><\/p>\n<\/div>\n\n\n\n<h2 class=\"wp-block-heading has-text-align-center has-white-color has-ast-global-color-0-background-color has-text-color has-background has-link-color wp-elements-4fd606b93059ec1f151ba15c3afa8c9d\" id=\"Data-Breach-Response\" style=\"padding-top:var(--wp--preset--spacing--30);padding-right:var(--wp--preset--spacing--50);padding-bottom:var(--wp--preset--spacing--30);padding-left:var(--wp--preset--spacing--50);font-size:28px\">Nous recherchons des collaborateurs qui :<\/h2>\n\n\n\n<div class=\"wp-block-group is-content-justification-center is-layout-constrained wp-container-core-group-is-layout-3 wp-block-group-is-layout-constrained\" style=\"margin-top:0;margin-bottom:0\">\n<p class=\"has-text-align-left has-text-color has-poppins-font-family\" style=\"color:#03081e;margin-top:0rem;padding-top:0;padding-right:var(--wp--preset--spacing--40);padding-bottom:0;padding-left:var(--wp--preset--spacing--40);font-size:1.01rem;font-style:normal;font-weight:400;line-height:1.6\">- Sont passionn\u00e9s par la protection des donn\u00e9es et veulent rendre la conformit\u00e9 simple et efficace.<\/p>\n\n\n\n<p class=\"has-text-align-left has-text-color has-poppins-font-family\" style=\"color:#03081e;margin-top:0rem;padding-top:0;padding-right:var(--wp--preset--spacing--40);padding-bottom:0;padding-left:var(--wp--preset--spacing--40);font-size:1.01rem;font-style:normal;font-weight:400;line-height:1.6\">- Adoptent une approche proactive et ax\u00e9e sur les solutions face \u00e0 chaque d\u00e9fi.<\/p>\n\n\n\n<p class=\"has-text-align-left has-text-color has-poppins-font-family\" style=\"color:#03081e;margin-top:0rem;padding-top:0;padding-right:var(--wp--preset--spacing--40);padding-bottom:0;padding-left:var(--wp--preset--spacing--40);font-size:1.01rem;font-style:normal;font-weight:400;line-height:1.6\">- Valorise la collaboration, la transparence et l'innovation.<\/p>\n\n\n\n<p class=\"has-text-align-left has-text-color has-poppins-font-family\" style=\"color:#03081e;margin-top:0rem;padding-top:0;padding-right:var(--wp--preset--spacing--40);padding-bottom:0;padding-left:var(--wp--preset--spacing--40);font-size:1.01rem;font-style:normal;font-weight:400;line-height:1.6\">- Souhaitent travailler avec des entreprises du monde entier pour les aider \u00e0 anticiper les r\u00e9glementations comme le <strong>GDPR<\/strong>, le <strong>CCPA<\/strong> et les cadres de gouvernance de l'IA.<\/p>\n\n\n\n<p class=\"has-text-align-left has-text-color has-poppins-font-family\" style=\"color:#03081e;margin-top:0rem;padding-top:0;padding-right:var(--wp--preset--spacing--40);padding-bottom:0;padding-left:var(--wp--preset--spacing--40);font-size:1.01rem;font-style:normal;font-weight:400;line-height:1.6\"><\/p>\n<\/div>\n\n\n\n<h2 class=\"wp-block-heading has-text-align-center has-white-color has-ast-global-color-0-background-color has-text-color has-background has-link-color wp-elements-4d69da3487cdaf591da4a33fe679e893\" id=\"Data-Breach-Response\" style=\"padding-top:var(--wp--preset--spacing--30);padding-right:var(--wp--preset--spacing--50);padding-bottom:var(--wp--preset--spacing--30);padding-left:var(--wp--preset--spacing--50);font-size:28px\">Postes \u00e0 pourvoir :<\/h2>\n\n\n\n<div class=\"wp-block-group is-content-justification-center is-layout-constrained wp-container-core-group-is-layout-4 wp-block-group-is-layout-constrained\" style=\"margin-top:0;margin-bottom:0\">\n<p class=\"has-text-align-left has-text-color has-poppins-font-family\" style=\"color:#03081e;padding-top:0;padding-right:0;padding-bottom:0;padding-left:0;font-size:1.01rem;font-style:normal;font-weight:400;line-height:1.6\"><strong>1. D\u00e9l\u00e9gu\u00e9 \u00e0 la protection des donn\u00e9es (DPD)<\/strong><\/p>\n\n\n\n<p class=\"has-text-align-left has-text-color has-poppins-font-family translation-block\" style=\"color:#03081e;padding-top:0;padding-right:0;padding-bottom:0;padding-left:0;font-size:1.01rem;font-style:normal;font-weight:400;line-height:1.6\"><strong>Lieu :<\/strong> Hybride \/ T\u00e9l\u00e9travail<\/p>\n\n\n\n<p class=\"has-text-align-left has-text-color has-poppins-font-family\" style=\"color:#03081e;padding-top:0;padding-right:0;padding-bottom:0;padding-left:0;font-size:1.01rem;font-style:normal;font-weight:400;line-height:1.6\">   <strong>Principales responsabilit\u00e9s : <\/strong><\/p>\n\n\n\n<p class=\"has-text-align-left has-text-color has-poppins-font-family\" style=\"color:#03081e;padding-top:0;padding-right:0;padding-bottom:0;padding-left:0;font-size:1.01rem;font-style:normal;font-weight:400;line-height:1.6\">   - R\u00e9aliser des \u00e9valuations de confidentialit\u00e9 et des audits pour garantir la conformit\u00e9 au <strong>GDPR<\/strong> et aux r\u00e9glementations mondiales.<\/p>\n\n\n\n<p class=\"has-text-align-left has-text-color has-poppins-font-family\" style=\"color:#03081e;padding-top:0;padding-right:0;padding-bottom:0;padding-left:0;font-size:1.01rem;font-style:normal;font-weight:400;line-height:1.6\">   - Conseiller les clients sur les meilleures pratiques en mati\u00e8re de protection des donn\u00e9es et sur les exigences r\u00e9glementaires.<\/p>\n\n\n\n<p class=\"has-text-align-left has-text-color has-poppins-font-family\" style=\"color:#03081e;padding-top:0;padding-right:0;padding-bottom:0;padding-left:0;font-size:1.01rem;font-style:normal;font-weight:400;line-height:1.6\">   - R\u00e9diger et mettre \u00e0 jour les politiques de confidentialit\u00e9, les <strong>Analyses d'Impact sur la Protection des Donn\u00e9es (DPIAs)<\/strong> et autres documents de conformit\u00e9.<\/p>\n\n\n\n<p class=\"has-text-align-left has-text-color has-poppins-font-family\" style=\"color:#03081e;padding-top:0;padding-right:0;padding-bottom:0;padding-left:0;font-size:1.01rem;font-style:normal;font-weight:400;line-height:1.6\">   - Accompagner les entreprises dans la gestion des incidents, y compris les plans de r\u00e9ponse en cas de violation de donn\u00e9es.<\/p>\n\n\n\n<p class=\"has-text-align-left has-text-color has-poppins-font-family\" style=\"color:#03081e;padding-top:0;padding-right:0;padding-bottom:0;padding-left:0;font-size:1.01rem;font-style:normal;font-weight:400;line-height:1.6\">   - Servir de point de contact pour les clients, les r\u00e9gulateurs et les \u00e9quipes internes sur les questions li\u00e9es \u00e0 la confidentialit\u00e9 des donn\u00e9es.<\/p>\n\n\n\n<p class=\"has-text-align-left has-text-color has-poppins-font-family\" style=\"color:#03081e;padding-top:0;padding-right:0;padding-bottom:0;padding-left:0;font-size:1.01rem;font-style:normal;font-weight:400;line-height:1.6\"><strong>Ce que nous recherchons :<\/strong><\/p>\n\n\n\n<p class=\"has-text-align-left has-text-color has-poppins-font-family\" style=\"color:#03081e;padding-top:0;padding-right:0;padding-bottom:0;padding-left:0;font-size:1.01rem;font-style:normal;font-weight:400;line-height:1.6\"><strong>Passion pour la protection des donn\u00e9es :<\/strong>&nbsp;Vous \u00eates motiv\u00e9 par l\u2019id\u00e9e d\u2019aider les entreprises \u00e0 naviguer dans des r\u00e9glementations complexes.<\/p>\n\n\n\n<p class=\"has-text-align-left has-text-color has-poppins-font-family\" style=\"color:#03081e;padding-top:0;padding-right:0;padding-bottom:0;padding-left:0;font-size:1.01rem;font-style:normal;font-weight:400;line-height:1.6\"><strong>Qualifications :<\/strong>&nbsp;Certification DPO ou exp\u00e9rience pertinente en mati\u00e8re de protection des donn\u00e9es et de conformit\u00e9.<\/p>\n\n\n\n<p class=\"has-text-align-left has-text-color has-poppins-font-family\" style=\"color:#03081e;padding-top:0;padding-right:0;padding-bottom:0;padding-left:0;font-size:1.01rem;font-style:normal;font-weight:400;line-height:1.6\"><strong>Expertise :<\/strong>&nbsp;Solide connaissance du GDPR, des r\u00e9glementations de l'UE et des cadres mondiaux en mati\u00e8re de confidentialit\u00e9 des donn\u00e9es.<\/p>\n\n\n\n<p class=\"has-text-align-left has-text-color has-poppins-font-family\" style=\"color:#03081e;padding-top:0;padding-right:0;padding-bottom:0;padding-left:0;font-size:1.01rem;font-style:normal;font-weight:400;line-height:1.6\"><strong>Comp\u00e9tences :<\/strong>&nbsp;Excellentes capacit\u00e9s de communication, de r\u00e9solution de probl\u00e8mes et d\u2019organisation.<\/p>\n\n\n\n<p class=\"has-text-align-left has-text-color has-poppins-font-family\" style=\"color:#03081e;padding-top:0;padding-right:0;padding-bottom:0;padding-left:0;font-size:1.01rem;font-style:normal;font-weight:400;line-height:1.6\"><strong> <\/strong>Si ce poste vous correspond, \u00e9crivez-nous!<\/p>\n\n\n\n<div class=\"wp-block-buttons is-layout-flex wp-block-buttons-is-layout-flex\">\n<div class=\"wp-block-button\"><a class=\"wp-block-button__link wp-element-button\" href=\"https:\/\/hyper-lex.com\/fr\/contact\/\">Contactez nous<\/a><\/div>\n<\/div>\n<\/div>\n\n\n\n<div class=\"wp-block-group is-content-justification-center is-layout-constrained wp-container-core-group-is-layout-5 wp-block-group-is-layout-constrained\" style=\"margin-top:0;margin-bottom:0\">\n<p class=\"has-text-align-left has-text-color has-poppins-font-family\" style=\"color:#03081e;padding-top:0;padding-right:0;padding-bottom:0;padding-left:0;font-size:1.01rem;font-style:normal;font-weight:400;line-height:1.6\"><strong>2. D\u00e9l\u00e9gu\u00e9 \u00e0 la protection des donn\u00e9es <\/strong><\/p>\n\n\n\n<p class=\"has-text-align-left has-text-color has-poppins-font-family translation-block\" style=\"color:#03081e;padding-top:0;padding-right:0;padding-bottom:0;padding-left:0;font-size:1.01rem;font-style:normal;font-weight:400;line-height:1.6\"><strong>Lieu :<\/strong> Hybride \/ T\u00e9l\u00e9travail<\/p>\n\n\n\n<p class=\"has-ast-global-color-2-color has-text-color has-link-color wp-elements-15f378b6209297fd1994eff11483572a\">Vous souhaitez d\u00e9velopper votre carri\u00e8re dans la protection des donn\u00e9es et la conformit\u00e9 ? En tant que Data Protection Support Officer chez HyperLex, vous travaillerez aux c\u00f4t\u00e9s de nos DPO experts pour aider les entreprises \u00e0 atteindre et maintenir leur conformit\u00e9 au GDPR et aux r\u00e9glementations mondiales sur la confidentialit\u00e9.<\/p>\n\n\n\n<p class=\"has-text-align-left has-text-color has-poppins-font-family\" style=\"color:#03081e;padding-top:0;padding-right:0;padding-bottom:0;padding-left:0;font-size:1.01rem;font-style:normal;font-weight:400;line-height:1.6\">   <strong>Principales responsabilit\u00e9s : <\/strong><\/p>\n\n\n\n<p class=\"has-text-align-left has-text-color has-poppins-font-family\" style=\"color:#03081e;padding-top:0;padding-right:0;padding-bottom:0;padding-left:0;font-size:1.01rem;font-style:normal;font-weight:400;line-height:1.6\">- Assister dans les audits de protection des donn\u00e9es, les \u00e9valuations et les revues de conformit\u00e9.<\/p>\n\n\n\n<p class=\"has-text-align-left has-text-color has-poppins-font-family\" style=\"color:#03081e;padding-top:0;padding-right:0;padding-bottom:0;padding-left:0;font-size:1.01rem;font-style:normal;font-weight:400;line-height:1.6\">- Soutenir la cr\u00e9ation et la gestion des politiques de confidentialit\u00e9, des registres des activit\u00e9s de traitement et des analyses d\u2019impact.<\/p>\n\n\n\n<p class=\"has-text-align-left has-text-color has-poppins-font-family\" style=\"color:#03081e;padding-top:0;padding-right:0;padding-bottom:0;padding-left:0;font-size:1.01rem;font-style:normal;font-weight:400;line-height:1.6\">- Aider les clients \u00e0 r\u00e9pondre aux demandes des personnes concern\u00e9es (DSR) et \u00e0 g\u00e9rer les rapports d\u2019incidents.<\/p>\n\n\n\n<p class=\"has-text-align-left has-text-color has-poppins-font-family\" style=\"color:#03081e;padding-top:0;padding-right:0;padding-bottom:0;padding-left:0;font-size:1.01rem;font-style:normal;font-weight:400;line-height:1.6\">- Collaborer avec les DPD de haut niveau afin de fournir des conseils clairs et pratiques sur les meilleures pratiques en mati\u00e8re de confidentialit\u00e9 des donn\u00e9es.<\/p>\n\n\n\n<p class=\"has-text-align-left has-text-color has-poppins-font-family\" style=\"color:#03081e;padding-top:0;padding-right:0;padding-bottom:0;padding-left:0;font-size:1.01rem;font-style:normal;font-weight:400;line-height:1.6\">- Se tenir au courant des modifications apport\u00e9es aux r\u00e9glementations europ\u00e9ennes et mondiales en mati\u00e8re de protection de la vie priv\u00e9e afin d'aider efficacement les clients.<\/p>\n\n\n\n<p class=\"has-text-align-left has-text-color has-poppins-font-family\" style=\"color:#03081e;padding-top:0;padding-right:0;padding-bottom:0;padding-left:0;font-size:1.01rem;font-style:normal;font-weight:400;line-height:1.6\"><strong>Ce que nous recherchons :<\/strong><\/p>\n\n\n\n<p class=\"has-text-align-left has-text-color has-poppins-font-family\" style=\"color:#03081e;padding-top:0;padding-right:0;padding-bottom:0;padding-left:0;font-size:1.01rem;font-style:normal;font-weight:400;line-height:1.6\"><strong>Passion pour la protection des donn\u00e9es :<\/strong>&nbsp;Un fort int\u00e9r\u00eat pour la protection des donn\u00e9es et la conformit\u00e9.<\/p>\n\n\n\n<p class=\"has-text-align-left has-text-color has-poppins-font-family\" style=\"color:#03081e;padding-top:0;padding-right:0;padding-bottom:0;padding-left:0;font-size:1.01rem;font-style:normal;font-weight:400;line-height:1.6\"><strong>Qualifications :&nbsp;<\/strong>Exp\u00e9rience ou formation pertinente dans le domaine de la confidentialit\u00e9 des donn\u00e9es, du droit ou de la conformit\u00e9 (les certifications sont un atout).<\/p>\n\n\n\n<p class=\"has-text-align-left has-text-color has-poppins-font-family\" style=\"color:#03081e;padding-top:0;padding-right:0;padding-bottom:0;padding-left:0;font-size:1.01rem;font-style:normal;font-weight:400;line-height:1.6\"><strong>Connaissances :<\/strong>&nbsp;Compr\u00e9hension de base du GDPR et des principes mondiaux de protection des donn\u00e9es, ou exp\u00e9rience dans des secteurs sp\u00e9cifiques.<\/p>\n\n\n\n<p class=\"has-text-align-left has-text-color has-poppins-font-family\" style=\"color:#03081e;padding-top:0;padding-right:0;padding-bottom:0;padding-left:0;font-size:1.01rem;font-style:normal;font-weight:400;line-height:1.6\"><strong>Comp\u00e9tences :<\/strong>&nbsp;Excellentes capacit\u00e9s d\u2019organisation, de communication et d\u2019analyse, avec un souci du d\u00e9tail.<\/p>\n\n\n\n<p class=\"has-text-align-left has-text-color has-poppins-font-family\" style=\"color:#03081e;padding-top:0;padding-right:0;padding-bottom:0;padding-left:0;font-size:1.01rem;font-style:normal;font-weight:400;line-height:1.6\">Si vous souhaitez \u00e9voluer dans le monde de la protection des donn\u00e9es et avoir un impact, contactez-nous !<\/p>\n\n\n\n<div class=\"wp-block-buttons is-layout-flex wp-block-buttons-is-layout-flex\">\n<div class=\"wp-block-button\"><a class=\"wp-block-button__link wp-element-button\" href=\"https:\/\/hyper-lex.com\/fr\/contact\/\">Contactez nous<\/a><\/div>\n<\/div>\n<\/div>","protected":false},"excerpt":{"rendered":"<p>At&nbsp;HyperLex, we\u2019re redefining data privacy and compliance for businesses worldwide. We make navigating regulations like GDPR and AI governance simple, seamless, and accessible. We\u2019re looking for passionate problem-solvers and innovators who want to help businesses protect what matters. If you\u2019re ready to make an impact in a fast-moving, collaborative environment, we\u2019d love to hear from [&hellip;]<\/p>","protected":false},"author":1,"featured_media":0,"parent":0,"menu_order":0,"comment_status":"closed","ping_status":"closed","template":"","meta":{"content-type":"","site-sidebar-layout":"default","site-content-layout":"","ast-site-content-layout":"default","site-content-style":"default","site-sidebar-style":"default","ast-global-header-display":"","ast-banner-title-visibility":"","ast-main-header-display":"","ast-hfb-above-header-display":"","ast-hfb-below-header-display":"","ast-hfb-mobile-header-display":"","site-post-title":"disabled","ast-breadcrumbs-content":"","ast-featured-img":"","footer-sml-layout":"","theme-transparent-header-meta":"","adv-header-id-meta":"","stick-header-meta":"","header-above-stick-meta":"","header-main-stick-meta":"","header-below-stick-meta":"","astra-migrate-meta-layouts":"set","ast-page-background-enabled":"default","ast-page-background-meta":{"desktop":{"background-color":"","background-image":"","background-repeat":"repeat","background-position":"center center","background-size":"auto","background-attachment":"scroll","background-type":"","background-media":"","overlay-type":"","overlay-color":"","overlay-opacity":"","overlay-gradient":""},"tablet":{"background-color":"","background-image":"","background-repeat":"repeat","background-position":"center center","background-size":"auto","background-attachment":"scroll","background-type":"","background-media":"","overlay-type":"","overlay-color":"","overlay-opacity":"","overlay-gradient":""},"mobile":{"background-color":"","background-image":"","background-repeat":"repeat","background-position":"center center","background-size":"auto","background-attachment":"scroll","background-type":"","background-media":"","overlay-type":"","overlay-color":"","overlay-opacity":"","overlay-gradient":""}},"ast-content-background-meta":{"desktop":{"background-color":"var(--ast-global-color-5)","background-image":"","background-repeat":"repeat","background-position":"center center","background-size":"auto","background-attachment":"scroll","background-type":"","background-media":"","overlay-type":"","overlay-color":"","overlay-opacity":"","overlay-gradient":""},"tablet":{"background-color":"var(--ast-global-color-5)","background-image":"","background-repeat":"repeat","background-position":"center center","background-size":"auto","background-attachment":"scroll","background-type":"","background-media":"","overlay-type":"","overlay-color":"","overlay-opacity":"","overlay-gradient":""},"mobile":{"background-color":"var(--ast-global-color-5)","background-image":"","background-repeat":"repeat","background-position":"center center","background-size":"auto","background-attachment":"scroll","background-type":"","background-media":"","overlay-type":"","overlay-color":"","overlay-opacity":"","overlay-gradient":""}},"footnotes":""},"class_list":["post-1756","page","type-page","status-publish","hentry"],"_links":{"self":[{"href":"https:\/\/hyper-lex.com\/fr\/wp-json\/wp\/v2\/pages\/1756"}],"collection":[{"href":"https:\/\/hyper-lex.com\/fr\/wp-json\/wp\/v2\/pages"}],"about":[{"href":"https:\/\/hyper-lex.com\/fr\/wp-json\/wp\/v2\/types\/page"}],"author":[{"embeddable":true,"href":"https:\/\/hyper-lex.com\/fr\/wp-json\/wp\/v2\/users\/1"}],"replies":[{"embeddable":true,"href":"https:\/\/hyper-lex.com\/fr\/wp-json\/wp\/v2\/comments?post=1756"}],"version-history":[{"count":5,"href":"https:\/\/hyper-lex.com\/fr\/wp-json\/wp\/v2\/pages\/1756\/revisions"}],"predecessor-version":[{"id":1808,"href":"https:\/\/hyper-lex.com\/fr\/wp-json\/wp\/v2\/pages\/1756\/revisions\/1808"}],"wp:attachment":[{"href":"https:\/\/hyper-lex.com\/fr\/wp-json\/wp\/v2\/media?parent=1756"}],"curies":[{"name":"wp","href":"https:\/\/api.w.org\/{rel}","templated":true}]}}