{"id":1684,"date":"2024-11-18T13:49:41","date_gmt":"2024-11-18T13:49:41","guid":{"rendered":"https:\/\/hyper-lex.com\/?page_id=1684"},"modified":"2026-01-19T10:24:38","modified_gmt":"2026-01-19T10:24:38","slug":"le-droit-en-tant-que-service","status":"publish","type":"page","link":"https:\/\/hyper-lex.com\/fr\/le-droit-en-tant-que-service\/","title":{"rendered":"Assistance Juridique"},"content":{"rendered":"<h2 class=\"wp-block-heading has-text-align-center has-white-color has-ast-global-color-0-background-color has-text-color has-background has-link-color wp-elements-e3ac6ba693fb0dcbdb10e3c75e5d6051\" id=\"Legal-as-a-service\" style=\"padding-top:var(--wp--preset--spacing--30);padding-right:var(--wp--preset--spacing--50);padding-bottom:var(--wp--preset--spacing--30);padding-left:var(--wp--preset--spacing--50);font-size:28px\">Assistance Juridique<\/h2>\n\n\n\n<p class=\"has-text-align-center\"><\/p>\n\n\n\n<div class=\"wp-block-group is-content-justification-center is-layout-constrained wp-container-core-group-is-layout-1 wp-block-group-is-layout-constrained\" style=\"margin-top:0;margin-bottom:0\">\n<p class=\"has-text-align-left has-text-color has-poppins-font-family\" style=\"color:#03081e;margin-top:0rem;padding-top:0;padding-right:var(--wp--preset--spacing--40);padding-bottom:0;padding-left:var(--wp--preset--spacing--40);font-size:1.01rem;font-style:normal;font-weight:400;line-height:1.6\">Dans un environnement juridique complexe, disposer d\u2019un soutien juridique fiable et \u00e0 la demande est essentiel pour prot\u00e9ger votre entreprise et favoriser une croissance durable. Le service Legal-as-a-Service de Hyper-Lex vous donne acc\u00e8s \u00e0 une \u00e9quipe juridique d\u00e9di\u00e9e, avec la flexibilit\u00e9 d\u2019ajuster le soutien selon vos besoins, sans les co\u00fbts d\u2019un service juridique interne \u00e0 temps plein.<\/p>\n\n\n\n<p class=\"has-ast-global-color-2-color has-text-color has-link-color wp-elements-96546306e39aeeefb6269af70b7a1b79\" style=\"padding-right:var(--wp--preset--spacing--40);padding-left:var(--wp--preset--spacing--40)\">Notre service Legal-as-a-Service propose un mod\u00e8le par abonnement, vous offrant un acc\u00e8s fluide \u00e0 des professionnels du droit qualifi\u00e9s, pleinement \u00e9quip\u00e9s pour g\u00e9rer vos besoins juridiques continus ou sp\u00e9cifiques \u00e0 un projet. Qu'il s'agisse de soutien \u00e0 distance ou d'assistance sur site, nous personnalisons nos services pour r\u00e9pondre aux besoins uniques de votre entreprise, rendant un accompagnement juridique de haute qualit\u00e9 accessible et adapt\u00e9 \u00e0 vos op\u00e9rations.<\/p>\n\n\n\n<p class=\"has-ast-global-color-2-color has-text-color has-link-color wp-elements-ca0d69043fb8e81efed72a0782992a14\" style=\"padding-right:var(--wp--preset--spacing--40);padding-left:var(--wp--preset--spacing--40)\"><strong>Nos domaines d'expertise :<\/strong><\/p>\n\n\n\n<ul style=\"padding-right:var(--wp--preset--spacing--60);padding-left:var(--wp--preset--spacing--60)\" class=\"wp-block-list has-ast-global-color-2-color has-text-color has-link-color wp-elements-208f0bd227c88ece205020058fb74ebd\">\n<li><strong>R\u00e9daction et r\u00e9vision des contrats<\/strong>: Notre \u00e9quipe \u00e9labore des contrats clairs et protecteurs adapt\u00e9s aux besoins de votre entreprise et examine les contrats existants afin d'identifier et d'att\u00e9nuer les risques potentiels.<\/li>\n\n\n\n<li><strong>Conformit\u00e9 r\u00e9glementaire<\/strong>: Nous veillons \u00e0 ce que votre entreprise s'aligne sur les r\u00e9glementations sectorielles, en vous aidant \u00e0 maintenir la conformit\u00e9 dans des domaines tels que le droit du travail, la gouvernance d'entreprise et la confidentialit\u00e9 des donn\u00e9es.<\/li>\n\n\n\n<li><strong>Gestion des risques<\/strong>: Notre approche proactive permet de minimiser les responsabilit\u00e9s en identifiant et en traitant les risques juridiques avant qu\u2019ils ne deviennent probl\u00e9matiques.<\/li>\n\n\n\n<li><strong>Droit des soci\u00e9t\u00e9s<\/strong>: De la cr\u00e9ation d\u2019entreprise \u00e0 la restructuration, nous vous accompagnons avec une expertise en droit des soci\u00e9t\u00e9s qui soutient votre strat\u00e9gie \u00e0 long terme et vos obligations de conformit\u00e9.<\/li>\n\n\n\n<li><strong>Droit du travail<\/strong>: Nous g\u00e9rons la diligence raisonnable, la n\u00e9gociation des contrats et les formalit\u00e9s r\u00e9glementaires pour des fusions et acquisitions fluides, tout en prot\u00e9geant vos int\u00e9r\u00eats commerciaux.<\/li>\n\n\n\n<li><strong>Soutien en contentieux<\/strong><strong>Fusions et acquisitions<\/strong>: Nous g\u00e9rons la diligence raisonnable, la n\u00e9gociation des contrats et les formalit\u00e9s r\u00e9glementaires pour des fusions et acquisitions fluides, tout en prot\u00e9geant vos int\u00e9r\u00eats commerciaux.<\/li>\n\n\n\n<li><strong>Soutien au contentieux<\/strong>: En cas de litige, nos experts juridiques assurent une d\u00e9fense et une repr\u00e9sentation solides, vous guidant \u00e0 travers les complexit\u00e9s du contentieux tout en prot\u00e9geant vos droits.<\/li>\n\n\n\n<li><strong>Protection de la propri\u00e9t\u00e9 intellectuelle<\/strong>: Nous vous aidons \u00e0 s\u00e9curiser et \u00e0 g\u00e9rer votre propri\u00e9t\u00e9 intellectuelle, en vous aidant \u00e0 prot\u00e9ger et \u00e0 exploiter vos pr\u00e9cieux actifs.<\/li>\n<\/ul>\n\n\n\n<p class=\"has-text-align-left has-text-color has-poppins-font-family\" style=\"color:#03081e;margin-top:0rem;padding-top:var(--wp--preset--spacing--30);padding-right:var(--wp--preset--spacing--40);padding-bottom:var(--wp--preset--spacing--30);padding-left:var(--wp--preset--spacing--40);font-size:1.01rem;font-style:normal;font-weight:400;line-height:1.6\">Chez Hyper-Lex, nous reconnaissons que chaque entreprise a des besoins juridiques uniques. Notre approche flexible et \u00e9volutive vous permet d'acc\u00e9der au niveau de soutien juridique dont vous avez besoin, quand vous en avez besoin, en vous assurant que vous pouvez vous concentrer sur votre activit\u00e9 principale avec la tranquillit\u00e9 d'esprit que vos questions juridiques sont prises en charge.<\/p>\n<\/div>\n\n\n\n<div class=\"wp-block-buttons is-content-justification-left is-layout-flex wp-container-core-buttons-is-layout-1 wp-block-buttons-is-layout-flex\" style=\"margin-top:var(--wp--preset--spacing--30);margin-bottom:var(--wp--preset--spacing--30)\">\n<div class=\"wp-block-button is-style-fill\"><a class=\"wp-block-button__link has-white-color has-ast-global-color-0-background-color has-text-color has-background has-link-color has-text-align-center wp-element-button\" href=\"https:\/\/hyper-lex.com\/fr\/contact\/\" style=\"padding-top:var(--wp--preset--spacing--30);padding-right:var(--wp--preset--spacing--40);padding-bottom:var(--wp--preset--spacing--30);padding-left:var(--wp--preset--spacing--40)\">R\u00e9server un appel<\/a><\/div>\n<\/div>\n\n\n\n<div style=\"height:100px\" aria-hidden=\"true\" class=\"wp-block-spacer\"><\/div>\n\n\n\n<p><\/p>","protected":false},"excerpt":{"rendered":"<p>Legal-as-a-service In a complex legal environment, having reliable, on-demand legal support is essential to protect your business and drive sustainable growth. Hyper-Lex\u2019s Legal-as-a-Service provides you with access to a dedicated legal team, giving you the flexibility to scale support as needed without the cost of a full-time legal department. Our Legal-as-a-Service offers a subscription-based model, [&hellip;]<\/p>","protected":false},"author":1,"featured_media":0,"parent":0,"menu_order":0,"comment_status":"closed","ping_status":"closed","template":"","meta":{"content-type":"","site-sidebar-layout":"default","site-content-layout":"","ast-site-content-layout":"default","site-content-style":"default","site-sidebar-style":"default","ast-global-header-display":"","ast-banner-title-visibility":"","ast-main-header-display":"","ast-hfb-above-header-display":"","ast-hfb-below-header-display":"","ast-hfb-mobile-header-display":"","site-post-title":"disabled","ast-breadcrumbs-content":"","ast-featured-img":"","footer-sml-layout":"","theme-transparent-header-meta":"","adv-header-id-meta":"","stick-header-meta":"","header-above-stick-meta":"","header-main-stick-meta":"","header-below-stick-meta":"","astra-migrate-meta-layouts":"set","ast-page-background-enabled":"default","ast-page-background-meta":{"desktop":{"background-color":"","background-image":"","background-repeat":"repeat","background-position":"center center","background-size":"auto","background-attachment":"scroll","background-type":"","background-media":"","overlay-type":"","overlay-color":"","overlay-opacity":"","overlay-gradient":""},"tablet":{"background-color":"","background-image":"","background-repeat":"repeat","background-position":"center center","background-size":"auto","background-attachment":"scroll","background-type":"","background-media":"","overlay-type":"","overlay-color":"","overlay-opacity":"","overlay-gradient":""},"mobile":{"background-color":"","background-image":"","background-repeat":"repeat","background-position":"center center","background-size":"auto","background-attachment":"scroll","background-type":"","background-media":"","overlay-type":"","overlay-color":"","overlay-opacity":"","overlay-gradient":""}},"ast-content-background-meta":{"desktop":{"background-color":"var(--ast-global-color-5)","background-image":"","background-repeat":"repeat","background-position":"center center","background-size":"auto","background-attachment":"scroll","background-type":"","background-media":"","overlay-type":"","overlay-color":"","overlay-opacity":"","overlay-gradient":""},"tablet":{"background-color":"var(--ast-global-color-5)","background-image":"","background-repeat":"repeat","background-position":"center center","background-size":"auto","background-attachment":"scroll","background-type":"","background-media":"","overlay-type":"","overlay-color":"","overlay-opacity":"","overlay-gradient":""},"mobile":{"background-color":"var(--ast-global-color-5)","background-image":"","background-repeat":"repeat","background-position":"center center","background-size":"auto","background-attachment":"scroll","background-type":"","background-media":"","overlay-type":"","overlay-color":"","overlay-opacity":"","overlay-gradient":""}},"footnotes":""},"class_list":["post-1684","page","type-page","status-publish","hentry"],"_links":{"self":[{"href":"https:\/\/hyper-lex.com\/fr\/wp-json\/wp\/v2\/pages\/1684"}],"collection":[{"href":"https:\/\/hyper-lex.com\/fr\/wp-json\/wp\/v2\/pages"}],"about":[{"href":"https:\/\/hyper-lex.com\/fr\/wp-json\/wp\/v2\/types\/page"}],"author":[{"embeddable":true,"href":"https:\/\/hyper-lex.com\/fr\/wp-json\/wp\/v2\/users\/1"}],"replies":[{"embeddable":true,"href":"https:\/\/hyper-lex.com\/fr\/wp-json\/wp\/v2\/comments?post=1684"}],"version-history":[{"count":8,"href":"https:\/\/hyper-lex.com\/fr\/wp-json\/wp\/v2\/pages\/1684\/revisions"}],"predecessor-version":[{"id":2100,"href":"https:\/\/hyper-lex.com\/fr\/wp-json\/wp\/v2\/pages\/1684\/revisions\/2100"}],"wp:attachment":[{"href":"https:\/\/hyper-lex.com\/fr\/wp-json\/wp\/v2\/media?parent=1684"}],"curies":[{"name":"wp","href":"https:\/\/api.w.org\/{rel}","templated":true}]}}