{"id":1596,"date":"2024-10-31T13:03:06","date_gmt":"2024-10-31T13:03:06","guid":{"rendered":"https:\/\/hyper-lex.com\/?page_id=1596"},"modified":"2026-01-15T11:15:23","modified_gmt":"2026-01-15T11:15:23","slug":"politique-de-privatisation","status":"publish","type":"page","link":"https:\/\/hyper-lex.com\/fr\/politique-de-privatisation\/","title":{"rendered":"Politique de confidentialit\u00e9"},"content":{"rendered":"<h2 class=\"wp-block-heading has-text-align-center has-ast-global-color-6-color has-text-color has-link-color has-large-font-size wp-elements-f0d1f6f4325ef00c14718fbbae1dd764\" style=\"padding-top:var(--wp--preset--spacing--60);padding-bottom:var(--wp--preset--spacing--60)\">Politique de confidentialit\u00e9<\/h2>\n\n\n\n<p class=\"has-ast-global-color-6-color has-text-color has-link-color wp-elements-2bb2a1dafc2f194da21c724a7b2c1d12\" style=\"margin-top:0;margin-right:var(--wp--preset--spacing--40);margin-bottom:0;margin-left:var(--wp--preset--spacing--40);padding-top:0;padding-right:var(--wp--preset--spacing--60);padding-bottom:0;padding-left:var(--wp--preset--spacing--60)\">Derni\u00e8re mise \u00e0 jour : 1er janvier 2025<\/p>\n\n\n\n<div class=\"wp-block-group has-ast-global-color-4-background-color has-background is-layout-flow wp-container-core-group-is-layout-1 wp-block-group-is-layout-flow\" style=\"margin-top:0;margin-bottom:0;padding-top:0;padding-bottom:0\">\n<p class=\"has-ast-global-color-6-color has-ast-global-color-4-background-color has-text-color has-background has-link-color wp-elements-d5d937dc04fed1f2fc92258f1c658972\" style=\"margin-right:var(--wp--preset--spacing--50);margin-left:var(--wp--preset--spacing--50);padding-right:var(--wp--preset--spacing--40);padding-left:var(--wp--preset--spacing--40)\">Bienvenue \u00e0 Hyper-Lex ! Votre vie priv\u00e9e est importante pour nous. La pr\u00e9sente politique de confidentialit\u00e9 explique comment Hyper-Lex (\"nous\") recueille, utilise et partage les informations vous concernant lorsque vous visitez notre site web&nbsp;<a href=\"https:\/\/hyper-lex.com\/fr\/\">https:\/\/hyper-lex.com<\/a>&nbsp;(le \"Site\") et d'utiliser nos services.<\/p>\n\n\n\n<h3 class=\"wp-block-heading has-ast-global-color-6-color has-ast-global-color-4-background-color has-text-color has-background has-link-color has-medium-font-size wp-elements-2e6808fe2521a8301f4dbec1de3ca151\" style=\"margin-top:0;margin-right:0;margin-bottom:0;margin-left:0;padding-top:var(--wp--preset--spacing--40);padding-right:var(--wp--preset--spacing--70);padding-bottom:var(--wp--preset--spacing--40);padding-left:var(--wp--preset--spacing--70)\"><strong>1. Les informations que nous collectons<\/strong><\/h3>\n\n\n\n<p class=\"has-ast-global-color-6-color has-text-color has-link-color wp-elements-034b0fdd2dcc4d573caee0abb8ed5168\" style=\"margin-top:0;margin-right:var(--wp--preset--spacing--80);margin-bottom:0;margin-left:var(--wp--preset--spacing--80);padding-top:0;padding-right:0;padding-bottom:0;padding-left:0\">        Nous pouvons recueillir diff\u00e9rents types d'informations vous concernant, notamment<\/p>\n\n\n\n<ul style=\"margin-right:var(--wp--preset--spacing--80);margin-left:var(--wp--preset--spacing--80);padding-right:var(--wp--preset--spacing--60);padding-left:var(--wp--preset--spacing--60)\" class=\"wp-block-list has-ast-global-color-6-color has-text-color has-link-color wp-elements-5a0c2040a81600fd68032bc4d4af1469\">\n<li><strong>Informations personnelles<\/strong>: Il s'agit de votre nom, de votre adresse \u00e9lectronique, de votre num\u00e9ro de t\u00e9l\u00e9phone ou de toute autre information que vous nous fournissez volontairement par le biais de formulaires de contact, d'inscriptions ou d'abonnements.<\/li>\n\n\n\n<li><strong>Donn\u00e9es d'utilisation<\/strong>: Nous recueillons des informations sur vos interactions avec notre site, y compris l'adresse IP, le type de navigateur, les pages visit\u00e9es, le temps pass\u00e9 et d'autres donn\u00e9es analytiques.<\/li>\n\n\n\n<li><strong>Cookies et technologies de suivi<\/strong>: Notre site n'utilise que les cookies n\u00e9cessaires \u00e0 sa fonctionnalit\u00e9.<\/li>\n<\/ul>\n\n\n\n<h3 class=\"wp-block-heading has-ast-global-color-6-color has-ast-global-color-4-background-color has-text-color has-background has-link-color has-medium-font-size wp-elements-4efa4f26f9ff5aaeb530125eae44c5bb\" style=\"margin-top:0;margin-right:var(--wp--preset--spacing--70);margin-bottom:0;margin-left:var(--wp--preset--spacing--70);padding-top:var(--wp--preset--spacing--40);padding-right:0;padding-bottom:var(--wp--preset--spacing--40);padding-left:0\"><strong>2. Comment nous utilisons vos informations<\/strong><\/h3>\n\n\n\n<p class=\"has-ast-global-color-6-color has-text-color has-link-color wp-elements-072d530c08b3ce67e537f0a4aa9c54e8\" style=\"margin-right:var(--wp--preset--spacing--80);margin-left:var(--wp--preset--spacing--80);padding-right:0;padding-left:0\">Nous pouvons utiliser vos informations \u00e0 diverses fins, notamment :<\/p>\n\n\n\n<ul style=\"margin-right:var(--wp--preset--spacing--60);margin-left:var(--wp--preset--spacing--60);padding-top:0;padding-right:var(--wp--preset--spacing--80);padding-bottom:0;padding-left:var(--wp--preset--spacing--80)\" class=\"wp-block-list has-ast-global-color-6-color has-text-color has-link-color wp-elements-a5bec368430a534913820bd483dcf549\">\n<li>Fournir et am\u00e9liorer nos services.<\/li>\n\n\n\n<li>Personnaliser votre exp\u00e9rience sur le site.<\/li>\n\n\n\n<li>Pour communiquer avec vous, r\u00e9pondre \u00e0 vos demandes et fournir une assistance \u00e0 la client\u00e8le.<\/li>\n\n\n\n<li>Analyser les tendances d'utilisation et administrer le site.<\/li>\n\n\n\n<li>A des fins de marketing et de promotion, conform\u00e9ment aux lois applicables.<\/li>\n<\/ul>\n\n\n\n<h3 class=\"wp-block-heading has-medium-font-size\" style=\"margin-right:var(--wp--preset--spacing--70);margin-left:var(--wp--preset--spacing--70);padding-top:var(--wp--preset--spacing--40);padding-bottom:var(--wp--preset--spacing--40)\"><strong>3. Partage des informations<\/strong><\/h3>\n\n\n\n<p class=\"has-ast-global-color-6-color has-text-color has-link-color wp-elements-80bb8820bdd1502ee6f50eda385f49fd\" style=\"margin-right:var(--wp--preset--spacing--80);margin-left:var(--wp--preset--spacing--80)\">Nous ne vendons pas vos informations personnelles. Nous pouvons partager vos donn\u00e9es avec des tiers de confiance, notamment :<\/p>\n\n\n\n<ul style=\"margin-right:var(--wp--preset--spacing--60);margin-left:var(--wp--preset--spacing--60);padding-right:var(--wp--preset--spacing--80);padding-left:var(--wp--preset--spacing--80)\" class=\"wp-block-list has-ast-global-color-6-color has-text-color has-link-color wp-elements-09fc86cd7cf5bd9cc09a22d5f357ecfc\">\n<li><strong>Prestataires de services<\/strong>: Nous pouvons travailler avec des fournisseurs tiers qui nous aident \u00e0 exploiter le site, tels que des fournisseurs d'h\u00e9bergement, des outils d'analyse et des partenaires marketing.<\/li>\n\n\n\n<li><strong>Conformit\u00e9 juridique<\/strong>: Nous pouvons divulguer vos informations lorsque cela est n\u00e9cessaire pour se conformer aux lois ou aux proc\u00e9dures l\u00e9gales, pour appliquer nos politiques ou pour prot\u00e9ger nos droits, nos biens ou notre s\u00e9curit\u00e9 ou ceux d'autrui.<\/li>\n<\/ul>\n\n\n\n<h3 class=\"wp-block-heading has-medium-font-size\" style=\"margin-top:0;margin-right:var(--wp--preset--spacing--70);margin-bottom:0;margin-left:var(--wp--preset--spacing--70);padding-top:var(--wp--preset--spacing--40);padding-bottom:var(--wp--preset--spacing--40)\"><strong>4. Cookies et technologies de suivi<\/strong><\/h3>\n\n\n\n<p class=\"has-ast-global-color-6-color has-text-color has-link-color wp-elements-db7e91cb2ea73c1281f20cf3e2ff763a\" style=\"margin-right:var(--wp--preset--spacing--80);margin-left:var(--wp--preset--spacing--80)\">Notre site n'utilise que les cookies n\u00e9cessaires \u00e0 sa fonctionnalit\u00e9.<br>Vous pouvez g\u00e9rer ou d\u00e9sactiver les cookies par le biais des param\u00e8tres de votre navigateur. Notez que la d\u00e9sactivation des cookies peut avoir un impact sur votre exp\u00e9rience sur notre site.<\/p>\n\n\n\n<h3 class=\"wp-block-heading has-medium-font-size\" style=\"margin-right:var(--wp--preset--spacing--70);margin-left:var(--wp--preset--spacing--70);padding-top:var(--wp--preset--spacing--40);padding-bottom:var(--wp--preset--spacing--40)\"><strong>5. Vos droits en mati\u00e8re de protection de la vie priv\u00e9e<\/strong><\/h3>\n\n\n\n<p class=\"has-ast-global-color-6-color has-text-color has-link-color wp-elements-a37842ea81ea95fb20a5f7883920566e\" style=\"margin-right:var(--wp--preset--spacing--80);margin-left:var(--wp--preset--spacing--80)\">En fonction de votre lieu de r\u00e9sidence, vous pouvez disposer de certains droits concernant vos donn\u00e9es personnelles, notamment<\/p>\n\n\n\n<ul style=\"margin-right:var(--wp--preset--spacing--60);margin-left:var(--wp--preset--spacing--60);padding-right:var(--wp--preset--spacing--80);padding-left:var(--wp--preset--spacing--80)\" class=\"wp-block-list has-ast-global-color-6-color has-text-color has-link-color wp-elements-68be27bf63d0894d47a7a2750ff46f11\">\n<li><strong>Acc\u00e8s<\/strong>: Demander l'acc\u00e8s \u00e0 vos donn\u00e9es personnelles.<\/li>\n\n\n\n<li><strong>Correction<\/strong>: Demandez-nous de corriger toute information inexacte.<\/li>\n\n\n\n<li><strong>Suppression<\/strong>: Demander que nous supprimions vos donn\u00e9es, le cas \u00e9ch\u00e9ant.<\/li>\n\n\n\n<li><strong>Refus du marketing<\/strong>: Choisir de ne plus recevoir nos communications marketing.<\/li>\n<\/ul>\n\n\n\n<p class=\"has-ast-global-color-6-color has-text-color has-link-color wp-elements-f6a4f5bd8681dcbe76498982c274c574\" style=\"margin-right:var(--wp--preset--spacing--80);margin-left:var(--wp--preset--spacing--80)\">Pour exercer ces droits, veuillez nous contacter \u00e0 l'adresse suivante : admnin@hyper-lex.com<\/p>\n\n\n\n<h3 class=\"wp-block-heading has-medium-font-size\" style=\"margin-right:var(--wp--preset--spacing--70);margin-left:var(--wp--preset--spacing--70);padding-top:var(--wp--preset--spacing--40);padding-right:0;padding-bottom:var(--wp--preset--spacing--40);padding-left:0\"><strong>6. S\u00e9curit\u00e9 des donn\u00e9es<\/strong><\/h3>\n\n\n\n<p class=\"has-ast-global-color-6-color has-text-color has-link-color wp-elements-8f094857b7416a2d79889d399a68e6a2\" style=\"margin-right:var(--wp--preset--spacing--80);margin-left:var(--wp--preset--spacing--80)\">Nous mettons en \u0153uvre des mesures de s\u00e9curit\u00e9 appropri\u00e9es pour prot\u00e9ger vos informations contre tout acc\u00e8s, modification ou divulgation non autoris\u00e9s. Toutefois, aucun service en ligne n'est totalement s\u00fbr, et nous ne pouvons donc pas garantir une s\u00e9curit\u00e9 absolue.<\/p>\n\n\n\n<h3 class=\"wp-block-heading has-medium-font-size\" style=\"margin-right:var(--wp--preset--spacing--70);margin-left:var(--wp--preset--spacing--70);padding-top:var(--wp--preset--spacing--40);padding-right:0;padding-bottom:var(--wp--preset--spacing--40);padding-left:0\"><strong>7. Conservation des donn\u00e9es<\/strong><\/h3>\n\n\n\n<p class=\"has-ast-global-color-6-color has-text-color has-link-color wp-elements-8753348303b908c682a5d1aa153f58a5\" style=\"margin-right:var(--wp--preset--spacing--80);margin-left:var(--wp--preset--spacing--80)\">Nous ne conservons vos informations personnelles que pendant la dur\u00e9e n\u00e9cessaire \u00e0 la r\u00e9alisation des objectifs d\u00e9crits dans la pr\u00e9sente politique ou conform\u00e9ment \u00e0 la loi.<\/p>\n\n\n\n<h3 class=\"wp-block-heading has-medium-font-size\" style=\"margin-right:var(--wp--preset--spacing--70);margin-left:var(--wp--preset--spacing--70);padding-top:var(--wp--preset--spacing--40);padding-right:0;padding-bottom:var(--wp--preset--spacing--40);padding-left:0\"><strong>8. Liens avec des tiers<\/strong><\/h3>\n\n\n\n<p class=\"has-ast-global-color-6-color has-text-color has-link-color wp-elements-f514fe92b1068d41e36ca98f0f45e897\" style=\"margin-right:var(--wp--preset--spacing--80);margin-left:var(--wp--preset--spacing--80)\">Notre site peut contenir des liens vers des sites web de tiers. Nous ne sommes pas responsables des pratiques de ces sites externes en mati\u00e8re de protection de la vie priv\u00e9e. Nous vous recommandons de consulter les politiques de confidentialit\u00e9 de tous les sites tiers que vous visitez.<\/p>\n\n\n\n<h3 class=\"wp-block-heading has-medium-font-size\" style=\"margin-right:var(--wp--preset--spacing--70);margin-left:var(--wp--preset--spacing--70);padding-top:var(--wp--preset--spacing--40);padding-right:0;padding-bottom:var(--wp--preset--spacing--40);padding-left:0\"><strong>9. Modifications de la pr\u00e9sente politique de protection de la vie priv\u00e9e<\/strong><\/h3>\n\n\n\n<p class=\"has-ast-global-color-6-color has-text-color has-link-color wp-elements-7c643537b842483d154684b258f24580\" style=\"margin-right:var(--wp--preset--spacing--80);margin-left:var(--wp--preset--spacing--80)\">Nous pouvons mettre \u00e0 jour cette politique de confidentialit\u00e9 p\u00e9riodiquement pour refl\u00e9ter les changements dans nos pratiques ou les exigences l\u00e9gales. Nous publierons la politique mise \u00e0 jour sur cette page avec la date de la derni\u00e8re mise \u00e0 jour.<\/p>\n\n\n\n<h3 class=\"wp-block-heading has-medium-font-size\" style=\"margin-right:var(--wp--preset--spacing--70);margin-left:var(--wp--preset--spacing--70);padding-top:var(--wp--preset--spacing--40);padding-bottom:var(--wp--preset--spacing--40)\"><strong>10. Nous contacter<\/strong><\/h3>\n\n\n\n<p class=\"has-ast-global-color-6-color has-text-color has-link-color wp-elements-21c8b582eda10ab6ff8dd64ff3170355\" style=\"margin-right:var(--wp--preset--spacing--80);margin-left:var(--wp--preset--spacing--80)\">Si vous avez des questions ou des pr\u00e9occupations concernant la pr\u00e9sente politique de confidentialit\u00e9 ou nos pratiques en mati\u00e8re de donn\u00e9es, veuillez nous contacter \u00e0 l'adresse suivante<\/p>\n\n\n\n<p class=\"has-ast-global-color-6-color has-ast-global-color-5-background-color has-text-color has-background has-link-color wp-elements-301193d94a661dd818193e277dc02c16\" style=\"margin-right:var(--wp--preset--spacing--70);margin-left:var(--wp--preset--spacing--70)\"><strong>HyperLex<\/strong><br>Courriel : dpo@hyper-lex.com<\/p>\n\n\n\n<p><\/p>\n<\/div>","protected":false},"excerpt":{"rendered":"<p>Privacy policy Last updated: 1 January 2025 Welcome to Hyper-Lex! Your privacy is important to us. This Privacy Policy explains how Hyper-Lex (&#8220;we,&#8221; &#8220;us,&#8221; or &#8220;our&#8221;) collects, uses, and shares information about you when you visit our website&nbsp;https:\/\/hyper-lex.com&nbsp;(the \u201cSite\u201d) and use our services. 1.\u00a0Information We Collect We may collect different types of information about you, [&hellip;]<\/p>","protected":false},"author":1,"featured_media":0,"parent":0,"menu_order":0,"comment_status":"closed","ping_status":"closed","template":"","meta":{"content-type":"","site-sidebar-layout":"default","site-content-layout":"","ast-site-content-layout":"default","site-content-style":"default","site-sidebar-style":"default","ast-global-header-display":"","ast-banner-title-visibility":"","ast-main-header-display":"","ast-hfb-above-header-display":"","ast-hfb-below-header-display":"","ast-hfb-mobile-header-display":"","site-post-title":"disabled","ast-breadcrumbs-content":"","ast-featured-img":"","footer-sml-layout":"","theme-transparent-header-meta":"","adv-header-id-meta":"","stick-header-meta":"","header-above-stick-meta":"","header-main-stick-meta":"","header-below-stick-meta":"","astra-migrate-meta-layouts":"set","ast-page-background-enabled":"default","ast-page-background-meta":{"desktop":{"background-color":"","background-image":"","background-repeat":"repeat","background-position":"center center","background-size":"auto","background-attachment":"scroll","background-type":"","background-media":"","overlay-type":"","overlay-color":"","overlay-opacity":"","overlay-gradient":""},"tablet":{"background-color":"","background-image":"","background-repeat":"repeat","background-position":"center center","background-size":"auto","background-attachment":"scroll","background-type":"","background-media":"","overlay-type":"","overlay-color":"","overlay-opacity":"","overlay-gradient":""},"mobile":{"background-color":"","background-image":"","background-repeat":"repeat","background-position":"center center","background-size":"auto","background-attachment":"scroll","background-type":"","background-media":"","overlay-type":"","overlay-color":"","overlay-opacity":"","overlay-gradient":""}},"ast-content-background-meta":{"desktop":{"background-color":"var(--ast-global-color-5)","background-image":"","background-repeat":"repeat","background-position":"center center","background-size":"auto","background-attachment":"scroll","background-type":"","background-media":"","overlay-type":"","overlay-color":"","overlay-opacity":"","overlay-gradient":""},"tablet":{"background-color":"var(--ast-global-color-5)","background-image":"","background-repeat":"repeat","background-position":"center center","background-size":"auto","background-attachment":"scroll","background-type":"","background-media":"","overlay-type":"","overlay-color":"","overlay-opacity":"","overlay-gradient":""},"mobile":{"background-color":"var(--ast-global-color-5)","background-image":"","background-repeat":"repeat","background-position":"center center","background-size":"auto","background-attachment":"scroll","background-type":"","background-media":"","overlay-type":"","overlay-color":"","overlay-opacity":"","overlay-gradient":""}},"footnotes":""},"class_list":["post-1596","page","type-page","status-publish","hentry"],"_links":{"self":[{"href":"https:\/\/hyper-lex.com\/fr\/wp-json\/wp\/v2\/pages\/1596"}],"collection":[{"href":"https:\/\/hyper-lex.com\/fr\/wp-json\/wp\/v2\/pages"}],"about":[{"href":"https:\/\/hyper-lex.com\/fr\/wp-json\/wp\/v2\/types\/page"}],"author":[{"embeddable":true,"href":"https:\/\/hyper-lex.com\/fr\/wp-json\/wp\/v2\/users\/1"}],"replies":[{"embeddable":true,"href":"https:\/\/hyper-lex.com\/fr\/wp-json\/wp\/v2\/comments?post=1596"}],"version-history":[{"count":39,"href":"https:\/\/hyper-lex.com\/fr\/wp-json\/wp\/v2\/pages\/1596\/revisions"}],"predecessor-version":[{"id":2099,"href":"https:\/\/hyper-lex.com\/fr\/wp-json\/wp\/v2\/pages\/1596\/revisions\/2099"}],"wp:attachment":[{"href":"https:\/\/hyper-lex.com\/fr\/wp-json\/wp\/v2\/media?parent=1596"}],"curies":[{"name":"wp","href":"https:\/\/api.w.org\/{rel}","templated":true}]}}