{"id":1545,"date":"2024-08-21T11:25:09","date_gmt":"2024-08-21T11:25:09","guid":{"rendered":"https:\/\/hyper-lex.com\/?page_id=1545"},"modified":"2024-12-24T12:31:02","modified_gmt":"2024-12-24T12:31:02","slug":"service1-dpo","status":"publish","type":"page","link":"https:\/\/hyper-lex.com\/fr\/service1-dpo\/","title":{"rendered":"D\u00e9l\u00e9gu\u00e9 \u00e0 la protection des donn\u00e9es (DPO)"},"content":{"rendered":"<h2 class=\"wp-block-heading has-text-align-center has-white-color has-ast-global-color-0-background-color has-text-color has-background has-link-color wp-elements-e35a2dd3fca4ac55b5eeb4b013f7c8ea\" id=\"DPO-service\" style=\"padding-top:var(--wp--preset--spacing--30);padding-right:var(--wp--preset--spacing--50);padding-bottom:var(--wp--preset--spacing--30);padding-left:var(--wp--preset--spacing--50);font-size:28px\">D\u00e9l\u00e9gu\u00e9 \u00e0 la protection des donn\u00e9es (DPO)<\/h2>\n\n\n\n<div class=\"wp-block-group is-content-justification-center is-layout-constrained wp-container-core-group-is-layout-1 wp-block-group-is-layout-constrained\" style=\"margin-top:0;margin-bottom:0\">\n<h3 class=\"wp-block-heading\"><strong>D\u00e9l\u00e9gu\u00e9 \u00e0 la Protection des Donn\u00e9es (DPO) externe<\/strong><\/h3>\n\n\n\n<p style=\"padding-right:0;padding-left:0\">Un accompagnement expert pour garantir votre conformit\u00e9 au GDPR \u00e0 chaque \u00e9tape.<\/p>\n\n\n\n<p style=\"padding-right:0;padding-left:0\" class=\"translation-block\">En tant que votre <strong>DPO externe<\/strong>, HyperLex offre une supervision proactive et un soutien d'expert pour aider votre entreprise \u00e0 respecter les obligations du GDPR et les r\u00e9glementations mondiales en mati\u00e8re de confidentialit\u00e9 en toute simplicit\u00e9.<\/p>\n\n\n\n<h3 class=\"wp-block-heading\"><strong>Nos services cl\u00e9s :<\/strong><\/h3>\n\n\n\n<ul style=\"padding-right:var(--wp--preset--spacing--50);padding-left:var(--wp--preset--spacing--50)\" class=\"wp-block-list\">\n<li class=\"translation-block\"><strong>Supervision de la conformit\u00e9<\/strong>\nSurveillance et conseil sur vos activit\u00e9s de traitement des donn\u00e9es pour garantir votre alignement total avec les exigences du GDPR.<\/li>\n\n\n\n<li class=\"translation-block\">Audits de confidentialit\u00e9 et \u00e9valuations des risques<\/strong>\n<br>Identification des \u00e9carts de conformit\u00e9, des risques, et fourniture de solutions claires et exploitables pour y rem\u00e9dier.<\/li>\n\n\n\n<li><strong>Analyses d'impact sur la protection des donn\u00e9es (DPIAs)<\/strong><br>Conduire et g\u00e9rer des DPIA pour les activit\u00e9s de traitement de donn\u00e9es \u00e0 haut risque afin d'att\u00e9nuer les risques de mani\u00e8re efficace.<\/li>\n\n\n\n<li class=\"translation-block\"><strong>Gestion des demandes d'acc\u00e8s des personnes concern\u00e9es (DSAR)<\/strong>\nTraitement efficace des demandes d'acc\u00e8s des personnes concern\u00e9es pour garantir des r\u00e9ponses conformes au RGPD dans des d\u00e9lais stricts.<\/li>\n\n\n\n<li class=\"translation-block\"><strong>Communication r\u00e9glementaire<\/strong>\n<br>Agir en tant que point de contact officiel avec les autorit\u00e9s de contr\u00f4le de l'UE et du Royaume-Uni pour les audits, les demandes ou les enqu\u00eates.<\/li>\n\n\n\n<li class=\"translation-block\"><strong>Formation et sensibilisation \u00e0 la confidentialit\u00e9<\/strong>\n<br>Former vos \u00e9quipes pour instaurer une culture ax\u00e9e sur la confidentialit\u00e9 au sein de votre organisation.<\/li>\n<\/ul>\n\n\n\n<h3 class=\"wp-block-heading\"><strong>Pourquoi choisir HyperLex comme DPO externe ?<\/strong><\/h3>\n\n\n\n<ul style=\"padding-top:0;padding-right:var(--wp--preset--spacing--50);padding-bottom:0;padding-left:var(--wp--preset--spacing--50)\" class=\"wp-block-list\">\n<li><strong>Experts exp\u00e9riment\u00e9s :<\/strong>&nbsp;<strong>Solution rentable :<\/strong> \n<br>Une expertise compl\u00e8te de DPO sans les co\u00fbts d'une embauche \u00e0 temps plein.<\/li>\n\n\n\n<li><strong>Solution rentable :<\/strong>&nbsp;Une expertise compl\u00e8te du DPD sans les frais g\u00e9n\u00e9raux d'une embauche \u00e0 temps plein.<\/li>\n\n\n\n<li class=\"translation-block\"><strong>Soutien sur mesure :<\/strong> <br>Des services flexibles adapt\u00e9s aux besoins sp\u00e9cifiques de votre organisation.<\/li>\n\n\n\n<li class=\"translation-block\"><strong>S\u00e9r\u00e9nit\u00e9 garantie :<\/strong> <br>Une supervision proactive de la conformit\u00e9 pour que vous puissiez vous concentrer sur l'essentiel\u2014la croissance de votre entreprise.<\/li>\n<\/ul>\n\n\n\n<p class=\"has-text-align-left has-text-color has-poppins-font-family\" style=\"color:#03081e;margin-top:0rem;padding-top:var(--wp--preset--spacing--30);padding-right:0;padding-bottom:var(--wp--preset--spacing--30);padding-left:0;font-size:1.01rem;font-style:normal;font-weight:400;line-height:1.6\">Avec HyperLex comme DPO externe, vous b\u00e9n\u00e9ficiez d\u2019un partenaire de confiance qui veille \u00e0 ce que votre entreprise reste conforme, prot\u00e9g\u00e9e et en avance face aux d\u00e9fis r\u00e9glementaires.<\/p>\n<\/div>\n\n\n\n<div class=\"wp-block-buttons is-content-justification-right is-layout-flex wp-container-core-buttons-is-layout-1 wp-block-buttons-is-layout-flex\" style=\"margin-top:var(--wp--preset--spacing--30);margin-bottom:var(--wp--preset--spacing--30)\">\n<div class=\"wp-block-button is-style-fill\"><a class=\"wp-block-button__link has-white-color has-ast-global-color-0-background-color has-text-color has-background has-link-color has-text-align-center wp-element-button\" href=\"https:\/\/hyper-lex.com\/fr\/1813-2\/\" style=\"padding-top:var(--wp--preset--spacing--30);padding-right:var(--wp--preset--spacing--40);padding-bottom:var(--wp--preset--spacing--30);padding-left:var(--wp--preset--spacing--40)\">Service suivant : Repr\u00e9sentant de la protection des donn\u00e9es<\/a><\/div>\n<\/div>\n\n\n\n<div style=\"height:100px\" aria-hidden=\"true\" class=\"wp-block-spacer\"><\/div>\n\n\n\n<p><\/p>","protected":false},"excerpt":{"rendered":"<p>Data Protection Officer (DPO) Services External Data Protection Officer (DPO) Expert guidance to ensure GDPR compliance, every step of the way. As your&nbsp;External DPO, HyperLex provides proactive oversight and expert support to help your business meet GDPR and global privacy obligations seamlessly. Our Key Services: Why Choose HyperLex as Your External DPO? With HyperLex as [&hellip;]<\/p>","protected":false},"author":1,"featured_media":0,"parent":0,"menu_order":0,"comment_status":"closed","ping_status":"closed","template":"","meta":{"content-type":"","site-sidebar-layout":"default","site-content-layout":"","ast-site-content-layout":"default","site-content-style":"default","site-sidebar-style":"default","ast-global-header-display":"","ast-banner-title-visibility":"","ast-main-header-display":"","ast-hfb-above-header-display":"","ast-hfb-below-header-display":"","ast-hfb-mobile-header-display":"","site-post-title":"disabled","ast-breadcrumbs-content":"","ast-featured-img":"","footer-sml-layout":"","theme-transparent-header-meta":"","adv-header-id-meta":"","stick-header-meta":"","header-above-stick-meta":"","header-main-stick-meta":"","header-below-stick-meta":"","astra-migrate-meta-layouts":"set","ast-page-background-enabled":"default","ast-page-background-meta":{"desktop":{"background-color":"","background-image":"","background-repeat":"repeat","background-position":"center center","background-size":"auto","background-attachment":"scroll","background-type":"","background-media":"","overlay-type":"","overlay-color":"","overlay-opacity":"","overlay-gradient":""},"tablet":{"background-color":"","background-image":"","background-repeat":"repeat","background-position":"center center","background-size":"auto","background-attachment":"scroll","background-type":"","background-media":"","overlay-type":"","overlay-color":"","overlay-opacity":"","overlay-gradient":""},"mobile":{"background-color":"","background-image":"","background-repeat":"repeat","background-position":"center center","background-size":"auto","background-attachment":"scroll","background-type":"","background-media":"","overlay-type":"","overlay-color":"","overlay-opacity":"","overlay-gradient":""}},"ast-content-background-meta":{"desktop":{"background-color":"var(--ast-global-color-5)","background-image":"","background-repeat":"repeat","background-position":"center center","background-size":"auto","background-attachment":"scroll","background-type":"","background-media":"","overlay-type":"","overlay-color":"","overlay-opacity":"","overlay-gradient":""},"tablet":{"background-color":"var(--ast-global-color-5)","background-image":"","background-repeat":"repeat","background-position":"center center","background-size":"auto","background-attachment":"scroll","background-type":"","background-media":"","overlay-type":"","overlay-color":"","overlay-opacity":"","overlay-gradient":""},"mobile":{"background-color":"var(--ast-global-color-5)","background-image":"","background-repeat":"repeat","background-position":"center center","background-size":"auto","background-attachment":"scroll","background-type":"","background-media":"","overlay-type":"","overlay-color":"","overlay-opacity":"","overlay-gradient":""}},"footnotes":""},"class_list":["post-1545","page","type-page","status-publish","hentry"],"_links":{"self":[{"href":"https:\/\/hyper-lex.com\/fr\/wp-json\/wp\/v2\/pages\/1545"}],"collection":[{"href":"https:\/\/hyper-lex.com\/fr\/wp-json\/wp\/v2\/pages"}],"about":[{"href":"https:\/\/hyper-lex.com\/fr\/wp-json\/wp\/v2\/types\/page"}],"author":[{"embeddable":true,"href":"https:\/\/hyper-lex.com\/fr\/wp-json\/wp\/v2\/users\/1"}],"replies":[{"embeddable":true,"href":"https:\/\/hyper-lex.com\/fr\/wp-json\/wp\/v2\/comments?post=1545"}],"version-history":[{"count":29,"href":"https:\/\/hyper-lex.com\/fr\/wp-json\/wp\/v2\/pages\/1545\/revisions"}],"predecessor-version":[{"id":1938,"href":"https:\/\/hyper-lex.com\/fr\/wp-json\/wp\/v2\/pages\/1545\/revisions\/1938"}],"wp:attachment":[{"href":"https:\/\/hyper-lex.com\/fr\/wp-json\/wp\/v2\/media?parent=1545"}],"curies":[{"name":"wp","href":"https:\/\/api.w.org\/{rel}","templated":true}]}}